{"id":3846,"date":"2024-07-22T06:52:51","date_gmt":"2024-07-21T23:52:51","guid":{"rendered":"https:\/\/benhvienthaihoa.vn\/?page_id=3846"},"modified":"2024-07-22T06:52:59","modified_gmt":"2024-07-21T23:52:59","slug":"co-so-vat-chat","status":"publish","type":"page","link":"https:\/\/benhvienthaihoa.vn\/en\/co-so-vat-chat\/","title":{"rendered":"C\u01a1 s\u1edf v\u1eadt ch\u1ea5t"},"content":{"rendered":"<section id=\"bt_section69f8bb5f66edd\"  class=\"boldSection topSemiSpaced bottomSemiSpaced gutter inherit\" ><div class=\"port\"><div class=\"boldCell\"><div class=\"boldCellInner\"><div class=\"boldRow\" ><div class=\"boldRowInner\"><div class=\"rowItem col-md-12 col-ms-12  btTextLeft\"  ><div class=\"rowItemContent\" ><div class=\"btText\" ><\/p>\n<h2 class=\"elementor-heading-title elementor-size-default\" style=\"text-align: center;\"><span style=\"color: #2c7dd4;\">TRANG THI\u1ebeT B\u1eca HI\u1ec6N \u0110\u1ea0I<\/span><\/h2>\n<p>B\u1ec7nh vi\u1ec7n \u0110a khoa Th\u00e1i Ho\u00e0 kh\u00f4ng nh\u1eefng \u0111\u1ea7u t\u01b0 v\u00e0o h\u1ec7 th\u1ed1ng th\u00f4ng minh m\u00e0 c\u00f2n \u0111\u1ea7u t\u01b0 l\u1edbn cho c\u00e1c trang thi\u1ebft b\u1ecb m\u00e1y m\u00f3c, ph\u01b0\u01a1ng ph\u00e1p ch\u1ea9n \u0111o\u00e1n v\u00e0 \u0111i\u1ec1u tr\u1ecb b\u1ec7nh h\u00e0ng \u0111\u1ea7u th\u1ebf gi\u1edbi. Nhi\u1ec1u trang thi\u1ebft b\u1ecb m\u00e1y m\u00f3c c\u00f3 s\u1ed1 l\u01b0\u1ee3ng \u00edt tr\u00ean th\u1ebf gi\u1edbi v\u00e0 hi\u1ebfm c\u00f3 \u1edf Vi\u1ec7t Nam ti\u00eau bi\u1ec3u nh\u01b0:<\/p>\n<ul>\n<li>H\u1ec7 th\u1ed1ng ph\u00f2ng m\u1ed5 th\u00f4ng minh t\u00edch h\u1ee3p (AVAS) \u0111\u1ea1t ti\u00eau chu\u1ea9n s\u1eb5n s\u00e0ng ph\u1ee5c v\u1ee5 cho c\u00e1c ca \u0111\u1ea1i ph\u1eabu thu\u1eadt;<\/li>\n<li>H\u1ec7 th\u1ed1ng thi\u1ebft b\u1ecb ch\u1ea9n \u0111o\u00e1n h\u00ecnh \u1ea3nh hi\u1ec7n \u0111\u1ea1i nh\u01b0 m\u00e1y ch\u1ee5p c\u1eaft l\u1edbp vi t\u00ednh 128 d\u00e3y (GE \u2013 M\u1ef9), m\u00e1y si\u00eau \u00e2m m\u00e0u 4D th\u1ebf h\u1ec7 m\u1edbi (GE \u2013 M\u1ef9), m\u00e1y n\u1ed9i soi tai m\u0169i h\u1ecdng d\u00f9ng cho c\u1ea3 tr\u1ebb s\u01a1 sinh, m\u00e1y \u0111o th\u00ednh l\u1ef1c cho tr\u1ebb s\u01a1 sinh v\u00e0 ng\u01b0\u1eddi l\u1edbn, m\u00e1y X-quang di \u0111\u1ed9ng;<\/li>\n<li>M\u00e1y \u0111o m\u1eadt \u0111\u1ed9 kho\u00e1ng x\u01b0\u01a1ng b\u1eb1ng ph\u01b0\u01a1ng ph\u00e1p DEXA (Dual Energy X-ray Absorptiometry) (Prodigy, h\u00e3ng GE)<\/li>\n<li>H\u1ec7 th\u1ed1ng n\u1ed9i soi ch\u1ea9n \u0111o\u00e1n, can thi\u1ec7p \u0111i\u1ec1u tr\u1ecb c\u00e1c b\u1ec7nh ti\u00eau ho\u00e1, \u0111\u1ea1i tr\u00e0ng,\u2026<\/li>\n<li>Ph\u00f2ng x\u00e9t nghi\u1ec7m \u0111\u1ea1t ti\u00eau chu\u1ea9n an to\u00e0n sinh h\u1ecdc v\u1edbi h\u1ec7 th\u1ed1ng x\u00e9t nghi\u1ec7m huy\u1ebft h\u1ecdc, mi\u1ec5n d\u1ecbch hi\u1ec7n \u0111\u1ea1i (Beckman Coulter, Lumipulse G Series,\u2026.)<\/li>\n<li>C\u00e1c thi\u1ebft b\u1ecb ph\u1eabu thu\u1eadt chuy\u00ean d\u1ee5ng cho ngo\u1ea1i t\u1ed5ng qu\u00e1t, ngo\u1ea1i th\u1ea7n kinh y, ph\u1eabu thu\u1eadt c\u01a1 x\u01b0\u01a1ng kh\u1edbp;\u2026<\/li>\n<li>Thi\u1ebft b\u1ecb x\u00e9t nghi\u1ec7m HBA1c b\u1eb1ng ph\u01b0\u01a1ng ph\u00e1p s\u1eafc k\u00fd l\u1ecfng (\u0111\u1ea1t chu\u1ea9n qu\u1ed1c t\u1ebf- NGSP)<\/li>\n<li>M\u00e1y si\u00eau \u00e2m \u0111\u1ecbnh l\u01b0\u1ee3ng Gan (FibroScan 430, Echosens \u2013 Ph\u00e1p)<\/li>\n<\/ul>\n<p>\n<\/div><div class=\"btClear btSeparator topSemiSpaced bottomSemiSpaced noBorder\" ><hr><\/div><div class=\"tilesWall btGridGallery tiled  btGridGap-10 lightbox\" data-col=\"3\"><div class=\"gridSizer\"><\/div><div class=\"gridItem bt11\" data-order-num=\"0\"><div class=\"btTileBox\"><div class=\"bpgPhoto\" > \r\n\t\t\t\t\t<a href=\"https:\/\/benhvienthaihoa.vn\/wp-content\/uploads\/2024\/06\/mo.jpg\" class=\"lightbox\" data-title=\"\"><\/a>\r\n\t\t\t\t\t<div class=\"boldPhotoBox\"><div class=\"bpbItem\"><div class = \"btImage\"><img decoding=\"async\" src=\"https:\/\/benhvienthaihoa.vn\/wp-content\/uploads\/2024\/06\/mo-540x540.jpg\" alt=\"Ph\u00f2ng m\u1ed5\" title=\"Ph\u00f2ng m\u1ed5\" ><\/div><\/div><\/div>\r\n\t\t\t\t\t<div class=\"captionPane\">\r\n\t\t\t\t\t\t<div class=\"captionTable\">\r\n\t\t\t\t\t\t\t<div class=\"captionCell\">\r\n\t\t\t\t\t\t\t\t<div class=\"captionTxt\"><\/div>\r\n\t\t\t\t\t\t\t<\/div>\r\n\t\t\t\t\t\t<\/div>\r\n\t\t\t\t\t<\/div><\/div><\/div><\/div><div class=\"gridItem bt11\" data-order-num=\"1\"><div class=\"btTileBox\"><div class=\"bpgPhoto\" > \r\n\t\t\t\t\t<a href=\"https:\/\/benhvienthaihoa.vn\/wp-content\/uploads\/2022\/11\/z3905613710943_db1b05ec77e7632861d7382916fc5248.jpg\" class=\"lightbox\" data-title=\"\"><\/a>\r\n\t\t\t\t\t<div class=\"boldPhotoBox\"><div class=\"bpbItem\"><div class = \"btImage\"><img decoding=\"async\" src=\"https:\/\/benhvienthaihoa.vn\/wp-content\/uploads\/2022\/11\/z3905613710943_db1b05ec77e7632861d7382916fc5248-540x540.jpg\" alt=\"\" title=\"\" ><\/div><\/div><\/div>\r\n\t\t\t\t\t<div class=\"captionPane\">\r\n\t\t\t\t\t\t<div class=\"captionTable\">\r\n\t\t\t\t\t\t\t<div class=\"captionCell\">\r\n\t\t\t\t\t\t\t\t<div class=\"captionTxt\"><\/div>\r\n\t\t\t\t\t\t\t<\/div>\r\n\t\t\t\t\t\t<\/div>\r\n\t\t\t\t\t<\/div><\/div><\/div><\/div><div class=\"gridItem bt11\" data-order-num=\"2\"><div class=\"btTileBox\"><div class=\"bpgPhoto\" > \r\n\t\t\t\t\t<a href=\"https:\/\/benhvienthaihoa.vn\/wp-content\/uploads\/2022\/11\/z3897292835696_b34b6916ba2ab1a48368857dbe78b25c.jpg\" class=\"lightbox\" data-title=\"\"><\/a>\r\n\t\t\t\t\t<div class=\"boldPhotoBox\"><div class=\"bpbItem\"><div class = \"btImage\"><img decoding=\"async\" src=\"https:\/\/benhvienthaihoa.vn\/wp-content\/uploads\/2022\/11\/z3897292835696_b34b6916ba2ab1a48368857dbe78b25c.jpg\" alt=\"\" title=\"\" ><\/div><\/div><\/div>\r\n\t\t\t\t\t<div class=\"captionPane\">\r\n\t\t\t\t\t\t<div class=\"captionTable\">\r\n\t\t\t\t\t\t\t<div class=\"captionCell\">\r\n\t\t\t\t\t\t\t\t<div class=\"captionTxt\"><\/div>\r\n\t\t\t\t\t\t\t<\/div>\r\n\t\t\t\t\t\t<\/div>\r\n\t\t\t\t\t<\/div><\/div><\/div><\/div><div class=\"gridItem bt11\" data-order-num=\"3\"><div class=\"btTileBox\"><div class=\"bpgPhoto\" > \r\n\t\t\t\t\t<a href=\"https:\/\/benhvienthaihoa.vn\/wp-content\/uploads\/2022\/11\/z3897292834900_739059e91a181926968bdece1698f02e.jpg\" class=\"lightbox\" data-title=\"\"><\/a>\r\n\t\t\t\t\t<div class=\"boldPhotoBox\"><div class=\"bpbItem\"><div class = \"btImage\"><img decoding=\"async\" src=\"https:\/\/benhvienthaihoa.vn\/wp-content\/uploads\/2022\/11\/z3897292834900_739059e91a181926968bdece1698f02e-540x399.jpg\" alt=\"\" title=\"\" ><\/div><\/div><\/div>\r\n\t\t\t\t\t<div class=\"captionPane\">\r\n\t\t\t\t\t\t<div class=\"captionTable\">\r\n\t\t\t\t\t\t\t<div class=\"captionCell\">\r\n\t\t\t\t\t\t\t\t<div class=\"captionTxt\"><\/div>\r\n\t\t\t\t\t\t\t<\/div>\r\n\t\t\t\t\t\t<\/div>\r\n\t\t\t\t\t<\/div><\/div><\/div><\/div><div class=\"gridItem bt11\" data-order-num=\"4\"><div class=\"btTileBox\"><div class=\"bpgPhoto\" > \r\n\t\t\t\t\t<a href=\"https:\/\/benhvienthaihoa.vn\/wp-content\/uploads\/2022\/11\/z3897292838155_af0fba2e41ed88bd47ecfcabc872fc5b-1.jpg\" class=\"lightbox\" data-title=\"\"><\/a>\r\n\t\t\t\t\t<div class=\"boldPhotoBox\"><div class=\"bpbItem\"><div class = \"btImage\"><img decoding=\"async\" src=\"https:\/\/benhvienthaihoa.vn\/wp-content\/uploads\/2022\/11\/z3897292838155_af0fba2e41ed88bd47ecfcabc872fc5b-1-540x393.jpg\" alt=\"M\u00c1Y CT - REVOLUTION MAXIMA (H\u00e3ng GE, M\u1ef9):\" title=\"M\u00c1Y CT - REVOLUTION MAXIMA (H\u00e3ng GE, M\u1ef9):\" ><\/div><\/div><\/div>\r\n\t\t\t\t\t<div class=\"captionPane\">\r\n\t\t\t\t\t\t<div class=\"captionTable\">\r\n\t\t\t\t\t\t\t<div class=\"captionCell\">\r\n\t\t\t\t\t\t\t\t<div class=\"captionTxt\"><\/div>\r\n\t\t\t\t\t\t\t<\/div>\r\n\t\t\t\t\t\t<\/div>\r\n\t\t\t\t\t<\/div><\/div><\/div><\/div><div class=\"gridItem bt11\" data-order-num=\"5\"><div class=\"btTileBox\"><div class=\"bpgPhoto\" > \r\n\t\t\t\t\t<a href=\"https:\/\/benhvienthaihoa.vn\/wp-content\/uploads\/2023\/03\/telehealth2-scaled-e1678115462339.jpg\" class=\"lightbox\" data-title=\"\"><\/a>\r\n\t\t\t\t\t<div class=\"boldPhotoBox\"><div class=\"bpbItem\"><div class = \"btImage\"><img decoding=\"async\" src=\"https:\/\/benhvienthaihoa.vn\/wp-content\/uploads\/2023\/03\/telehealth2-540x540.jpg\" alt=\"\" title=\"\" ><\/div><\/div><\/div>\r\n\t\t\t\t\t<div class=\"captionPane\">\r\n\t\t\t\t\t\t<div class=\"captionTable\">\r\n\t\t\t\t\t\t\t<div class=\"captionCell\">\r\n\t\t\t\t\t\t\t\t<div class=\"captionTxt\"><\/div>\r\n\t\t\t\t\t\t\t<\/div>\r\n\t\t\t\t\t\t<\/div>\r\n\t\t\t\t\t<\/div><\/div><\/div><\/div><\/div><\/div><\/div><\/div><\/div><\/div><\/div><\/div><\/section>","protected":false},"excerpt":{"rendered":"","protected":false},"author":1,"featured_media":0,"parent":0,"menu_order":0,"comment_status":"closed","ping_status":"closed","template":"","meta":{"_acf_changed":false,"_monsterinsights_skip_tracking":false,"_monsterinsights_sitenote_active":false,"_monsterinsights_sitenote_note":"","_monsterinsights_sitenote_category":0,"_uf_show_specific_survey":0,"_uf_disable_surveys":false,"footnotes":""},"class_list":["post-3846","page","type-page","status-publish","hentry"],"acf":[],"aioseo_notices":[],"_links":{"self":[{"href":"https:\/\/benhvienthaihoa.vn\/en\/wp-json\/wp\/v2\/pages\/3846","targetHints":{"allow":["GET"]}}],"collection":[{"href":"https:\/\/benhvienthaihoa.vn\/en\/wp-json\/wp\/v2\/pages"}],"about":[{"href":"https:\/\/benhvienthaihoa.vn\/en\/wp-json\/wp\/v2\/types\/page"}],"author":[{"embeddable":true,"href":"https:\/\/benhvienthaihoa.vn\/en\/wp-json\/wp\/v2\/users\/1"}],"replies":[{"embeddable":true,"href":"https:\/\/benhvienthaihoa.vn\/en\/wp-json\/wp\/v2\/comments?post=3846"}],"version-history":[{"count":25,"href":"https:\/\/benhvienthaihoa.vn\/en\/wp-json\/wp\/v2\/pages\/3846\/revisions"}],"predecessor-version":[{"id":3871,"href":"https:\/\/benhvienthaihoa.vn\/en\/wp-json\/wp\/v2\/pages\/3846\/revisions\/3871"}],"wp:attachment":[{"href":"https:\/\/benhvienthaihoa.vn\/en\/wp-json\/wp\/v2\/media?parent=3846"}],"curies":[{"name":"wp","href":"https:\/\/api.w.org\/{rel}","templated":true}]}}