{"id":3676,"date":"2023-12-27T16:13:05","date_gmt":"2023-12-27T09:13:05","guid":{"rendered":"https:\/\/benhvienthaihoa.vn\/?page_id=3676"},"modified":"2023-12-27T16:13:05","modified_gmt":"2023-12-27T09:13:05","slug":"quy-dinh-su-dung","status":"publish","type":"page","link":"https:\/\/benhvienthaihoa.vn\/en\/quy-dinh-su-dung\/","title":{"rendered":"Quy \u0111\u1ecbnh s\u1eed d\u1ee5ng"},"content":{"rendered":"<section id=\"bt_section69f8bd04bdb06\"  class=\"boldSection gutter\" ><div class=\"port\"><div class=\"boldCell\"><div class=\"boldCellInner\"><div class=\"boldRow\" ><div class=\"boldRowInner\"><div class=\"rowItem col-md-12 col-ms-12  btTextLeft\"  ><div class=\"rowItemContent\" ><div class=\"btText\" ><\/p>\n<h1 class=\"ladi-headline ladi-transition\" style=\"text-align: center;\"><span style=\"font-size: 24pt;\">QUY \u0110\u1ecaNH S\u1eec D\u1ee4NG<\/span><\/h1>\n<p>Ch\u00e0o m\u1eebng b\u1ea1n \u0111\u1ebfn v\u1edbi ph\u1ea7n m\u1ec1m ThaiHoaClinic (g\u1ecdi chung l\u00e0 &#8220;Ph\u1ea7n m\u1ec1m&#8221;). Vui l\u00f2ng \u0111\u1ecdc k\u1ef9 c\u00e1c Quy \u0110\u1ecbnh S\u1eed D\u1ee5ng d\u01b0\u1edbi \u0111\u00e2y tr\u01b0\u1edbc khi ti\u1ebfp t\u1ee5c truy c\u1eadp ho\u1eb7c s\u1eed d\u1ee5ng c\u00e1c d\u1ecbch v\u1ee5 c\u1ee7a Ph\u1ea7n m\u1ec1m, \u0111\u1ec3 b\u1ea1n bi\u1ebft \u0111\u01b0\u1ee3c c\u00e1c quy\u1ec1n l\u1ee3i v\u00e0 ngh\u0129a v\u1ee5 h\u1ee3p ph\u00e1p c\u1ee7a m\u00ecnh li\u00ean quan \u0111\u1ebfn c\u00e1c v\u1ea5n \u0111\u1ec1 v\u1ec1 vi\u1ec7c \u0111\u0103ng k\u00fd kh\u00e1m b\u1ec7nh, thanh to\u00e1n, nh\u1eadn phi\u1ebfu kh\u00e1m b\u1ec7nh, t\u1ea1o h\u1ed3 s\u01a1 b\u1ec7nh nh\u00e2n, qu\u1ea3n l\u00fd v\u00e0 s\u1eed d\u1ee5ng th\u00f4ng tin trong h\u1ed3 s\u01a1 b\u1ec7nh nh\u00e2n, qu\u1ea3n l\u00fd phi\u1ebfu kh\u00e1m b\u1ec7nh, ho\u00e0n ti\u1ec1n, h\u1ee7y phi\u1ebfu kh\u00e1m b\u1ec7nh, s\u1eeda th\u00f4ng tin phi\u1ebfu kh\u00e1m b\u1ec7nh, c\u00e1ch gi\u1ea3i quy\u1ebft c\u00e1c s\u1ef1 c\u1ed1&#8230;. trong qu\u00e1 tr\u00ecnh s\u1eed d\u1ee5ng Ph\u1ea7n m\u1ec1m.<br \/>\nC\u00e1c \u0111\u1ecbnh ngh\u0129a:<br \/>\n\u2022 Ch\u00fang t\u00f4i: theo ng\u1eef c\u1ea3nh c\u00f3 th\u1ec3 l\u00e0\/ ho\u1eb7c C\u00f4ng ty TNHH d\u1ecbch v\u1ee5 ph\u00f2ng kh\u00e1m \u0111a khoa Thai Hoa NT, v\u00e0\/ho\u1eb7c c\u00e1c b\u00ean th\u1ee9 ba kh\u00e1c c\u00f3 li\u00ean k\u1ebft tr\u00ean Ph\u1ea7n m\u1ec1m.<br \/>\n\u2022 D\u1ecbch v\u1ee5: l\u00e0 m\u1ed9t ho\u1eb7c m\u1ed9t ph\u1ea7n ho\u1eb7c t\u1ea5t c\u1ea3 c\u00e1c t\u00ednh n\u0103ng v\u00e0 ti\u1ec7n \u00edch \u0111\u01b0\u1ee3c tri\u1ec3n khai tr\u00ean Ph\u1ea7n m\u1ec1m.<br \/>\n\u2022 B\u1ea1n: theo ng\u1eef c\u1ea3nh c\u00f3 th\u1ec3 l\u00e0 ng\u01b0\u1eddi d\u00f9ng, ho\u1eb7c b\u1ec7nh nh\u00e2n, ho\u1eb7c ng\u01b0\u1eddi \u0111\u01b0\u1ee3c b\u1ec7nh nh\u00e2n \u0111\u00e3 \u1ee7y quy\u1ec1n b\u1eb1ng v\u0103n b\u1ea3n, l\u1eddi n\u00f3i ho\u1eb7c m\u1ed9t h\u00ecnh th\u1ee9c kh\u00e1c, \u0111\u1ec3 truy c\u1eadp Ph\u1ea7n m\u1ec1m ho\u1eb7c \u0111\u0103ng k\u00fd s\u1eed d\u1ee5ng c\u00e1c D\u1ecbch V\u1ee5 tr\u00ean Ph\u1ea7n m\u1ec1m gi\u00fap cho b\u1ec7nh nh\u00e2n.<\/p>\n<p><strong>\u0110\u0102NG NH\u1eacP<\/strong><br \/>\n\u2022 B\u1ea1n ph\u1ea3i \u0111\u0103ng nh\u1eadp m\u1edbi c\u00f3 th\u1ec3 s\u1eed d\u1ee5ng \u0111\u1ea7y \u0111\u1ee7 c\u00e1c D\u1ecbch v\u1ee5 c\u1ee7a Ph\u1ea7n m\u1ec1m.<br \/>\n\u2022 Ph\u1ea7n m\u1ec1m \u0111\u1ecbnh danh t\u00e0i kho\u1ea3n c\u1ee7a b\u1ea1n b\u1eb1ng s\u1ed1 \u0111i\u1ec7n tho\u1ea1i di \u0111\u1ed9ng b\u1ea1n \u0111ang s\u1eed d\u1ee5ng, v\u00ec v\u1eady trong tr\u01b0\u1eddng h\u1ee3p b\u1ea1n kh\u00f4ng c\u00f2n ho\u1eb7c m\u1ea5t quy\u1ec1n ki\u1ec3m so\u00e1t hay s\u1edf h\u1eefu \u0111\u1ed1i v\u1edbi s\u1ed1 \u0111i\u1ec7n tho\u1ea1i di \u0111\u1ed9ng c\u1ee7a m\u00ecnh, b\u1ea1n h\u00e3y li\u00ean h\u1ec7 ngay v\u1edbi ch\u00fang t\u00f4i qua t\u1ed5ng \u0111\u00e0i ho\u1eb7c email admin@benhvienthaihoa.vn, ch\u00fang t\u00f4i s\u1ebd h\u1ed7 tr\u1ee3 b\u1ea1n.<\/p>\n<p><strong>TH\u00d4NG TIN B\u1ec6NH NH\u00c2N<\/strong><br \/>\n\u2022 B\u1ea1n ph\u1ea3i cung c\u1ea5p th\u00f4ng tin b\u1ec7nh nh\u00e2n khi \u0111\u0103ng k\u00fd t\u00e0i kho\u1ea3n.<br \/>\n\u2022 C\u00e1c th\u00f4ng tin v\u1ec1 gi\u1ea5y t\u1edd t\u00f9y th\u00e2n nh\u01b0 ch\u1ee9ng minh nh\u00e2n d\u00e2n, passport, th\u1ebb c\u0103n c\u01b0\u1edbc&#8230;.: b\u1ea1n ph\u1ea3i nh\u1eadp \u0111\u1ec3 ch\u00fang t\u00f4i x\u00e1c \u0111\u1ecbnh \u0111\u00fang b\u1ec7nh nh\u00e2n tr\u01b0\u1edbc khi v\u00e0o ph\u00f2ng kh\u00e1m.<br \/>\n\u2022 \u0110\u1ecba ch\u1ec9 email v\u00e0 s\u1ed1 \u0111i\u1ec7n tho\u1ea1i di \u0111\u1ed9ng: B\u1ea1n n\u00ean nh\u1eadp \u0111\u1ea7y \u0111\u1ee7 v\u00e0 ch\u00ednh x\u00e1c \u0111\u1ec3 Ph\u1ea7n m\u1ec1m g\u1eedi th\u00f4ng b\u00e1o, ho\u1eb7c th\u00f4ng tin phi\u1ebfu kh\u00e1m b\u1ec7nh cho b\u1ea1n qua h\u00ecnh th\u1ee9c email v\u00e0 tin nh\u1eafn sms.<\/p>\n<p><strong>TH\u1edcI GIAN \u0110\u0102NG K\u00dd<\/strong><br \/>\n\u2022 Th\u1eddi gian \u0111\u0103ng k\u00fd tr\u01b0\u1edbc ng\u00e0y kh\u00e1m \u0111\u1ebfn 7 ng\u00e0y.<br \/>\n\u2022 N\u1ebfu mu\u1ed1n ch\u1ecdn kh\u00e1m v\u00e0o ng\u00e0y h\u00f4m sau, B\u1ea1n ph\u1ea3i th\u1ef1c hi\u1ec7n vi\u1ec7c \u0111\u0103ng k\u00fd tr\u01b0\u1edbc 16h c\u1ee7a ng\u00e0y h\u00f4m nay, sau 16h B\u1ea1n kh\u00f4ng th\u1ec3 \u0111\u0103ng k\u00fd kh\u00e1m v\u00e0o ng\u00e0y h\u00f4m sau \u0111\u01b0\u1ee3c n\u1eefa.<\/p>\n<p><strong>TI\u1ec0N V\u00c0 PH\u00cd \u0110\u0102NG K\u00dd KH\u00c1M<\/strong><br \/>\nKhi \u0111\u0103ng k\u00fd kh\u00e1m tr\u00ean Ph\u1ea7n m\u1ec1m, b\u1ea1n s\u1ebd tr\u1ea3 c\u00e1c kho\u1ea3n ti\u1ec1n v\u00e0 ph\u00ed ( n\u1ebfu c\u00f3 )bao g\u1ed3m:<br \/>\n\u2022 Ti\u1ec1n kh\u00e1m b\u1ec7nh: l\u00e0 ti\u1ec1n b\u1ea1n tr\u1ea3 cho vi\u1ec7c s\u1eed d\u1ee5ng d\u1ecbch v\u1ee5 kh\u00e1m ch\u1eefa b\u1ec7nh c\u1ee7a ph\u00f2ng kh\u00e1m\/b\u1ec7nh vi\u1ec7n. Gi\u00e1 kh\u00e1m b\u1ec7nh s\u1ebd thay \u0111\u1ed5i t\u00f9y theo chuy\u00ean khoa v\u00e0 do ph\u00f2ng kh\u00e1m\/b\u1ec7nh vi\u1ec7n quy \u0111\u1ecbnh.<br \/>\n\u2022 Ph\u00ed ti\u1ec7n \u00edch: l\u00e0 ti\u1ec1n h\u1ed7 tr\u1ee3 cho vi\u1ec7c s\u1eed d\u1ee5ng d\u1ecbch v\u1ee5 \u0111\u0103ng k\u00fd kh\u00e1m b\u1ec7nh tr\u1ef1c tuy\u1ebfn (\u0111\u00e3 bao g\u1ed3m ph\u00ed c\u00e1c tin nh\u1eafn, email&#8230;). B\u1ea1n vui l\u00f2ng ki\u1ec3m tra T\u1ed5ng ti\u1ec1n thanh to\u00e1n tr\u01b0\u1edbc khi th\u1ef1c hi\u1ec7n vi\u1ec7c thanh to\u00e1n ( n\u1ebfu c\u00f3 )<br \/>\nKhi b\u1ea1n th\u1ef1c hi\u1ec7n vi\u1ec7c thanh to\u00e1n, \u0111\u1ed3ng ngh\u0129a v\u1edbi v\u1edbi vi\u1ec7c b\u1ea1n ho\u00e0n to\u00e0n \u0111\u1ed3ng \u00fd, t\u1ef1 nguy\u1ec7n v\u00e0 kh\u00f4ng c\u00f3 b\u1ea5t k\u1ef3 khi\u1ebfu n\u1ea1i ho\u1eb7c khi\u1ebfu ki\u1ec7n n\u00e0o v\u1ec1 b\u1ea5t k\u1ef3 m\u1ed9t kho\u1ea3n ti\u1ec1n ho\u1eb7c ph\u00ed n\u00e0o trong qu\u00e1 tr\u00ecnh s\u1eed d\u1ee5ng ph\u1ea7n m\u1ec1m v\u1ec1 sau.<\/p>\n<p><strong>PH\u01af\u01a0NG TH\u1ee8C THANH TO\u00c1N<\/strong><br \/>\n\u2022 B\u1ea1n c\u00f3 th\u1ec3 thanh to\u00e1n c\u00e1c kho\u1ea3n ti\u1ec1n v\u00e0 ph\u00ed (n\u1ebfu c\u00f3) trong qu\u00e1 tr\u00ecnh s\u1eed d\u1ee5ng ph\u1ea7n m\u1ec1m b\u1eb1ng h\u00ecnh th\u1ee9c thanh to\u00e1n tr\u1ef1c tuy\u1ebfn th\u00f4ng qua:<br \/>\no Th\u1ebb ATM n\u1ed9i \u0111\u1ecba \u0111\u00e3 k\u00edch ho\u1ea1t t\u00ednh n\u0103ng thanh to\u00e1n tr\u1ef1c tuy\u1ebfn<br \/>\no Th\u1ebb thanh to\u00e1n qu\u1ed1c t\u1ebf Visa\/MasterCard&#8230;<br \/>\no C\u00e1c v\u00ed \u0111i\u1ec7n t\u1eed \u0111\u00e3 t\u00edch h\u1ee3p tr\u00ean ph\u1ea7n m\u1ec1m<br \/>\n\u2022 N\u1ebfu kh\u00f4ng c\u00f3 c\u00e1c lo\u1ea1i th\u1ebb tr\u00ean\/ ho\u1eb7c b\u1ea1n g\u1eb7p v\u1ea5n \u0111\u1ec1 trong qu\u00e1 tr\u00ecnh thanh to\u00e1n vui l\u00f2ng li\u00ean h\u1ec7 t\u1ed5ng \u0111\u00e0i \u0111\u1ec3 \u0111\u01b0\u1ee3c h\u1ed7 tr\u1ee3.<\/p>\n<p><strong>QUY \u0110\u1ecaNH KH\u00c1C<\/strong><br \/>\n\u2022 Ch\u00fang t\u00f4i c\u00f3 quy\u1ec1n ch\u1ec9nh s\u1eeda c\u00e1c Quy \u0110\u1ecbnh S\u1eed D\u1ee5ng Ph\u1ea7n M\u1ec1m n\u00e0y v\u00e0o b\u1ea5t k\u1ef3 l\u00fac n\u00e0o m\u00e0 kh\u00f4ng c\u1ea7n th\u00f4ng b\u00e1o cho ng\u01b0\u1eddi d\u00f9ng. B\u1ea1n c\u1ea7n ph\u1ea3i \u0111\u1ecbnh k\u1ef3 truy c\u1eadp v\u00e0 \u0111\u1ecdc qua Quy \u0110\u1ecbnh S\u1eed D\u1ee5ng n\u00e0y \u0111\u1ec3 k\u1ecbp th\u1eddi c\u1eadp nh\u1eadt v\u00e0 n\u1eafm \u0111\u01b0\u1ee3c c\u00e1c quy \u0111\u1ecbnh c\u1ee7a ch\u00fang t\u00f4i.<br \/>\n\u2022 Quy \u0110\u1ecbnh S\u1eed D\u1ee5ng Ph\u1ea7n M\u1ec1m n\u00e0y l\u00e0 m\u1ed9t ph\u1ea7n kh\u00f4ng t\u00e1ch r\u1eddi v\u1edbi \u0110i\u1ec1u Kho\u1ea3n D\u1ecbch V\u1ee5 v\u00e0 Ch\u00ednh S\u00e1ch B\u1ea3o M\u1eadt c\u1ee7a ch\u00fang t\u00f4i. Xin vui l\u00f2ng \u0111\u1ecdc th\u00eam c\u00e1c \u0110i\u1ec1u Kho\u1ea3n D\u1ecbch V\u1ee5 v\u00e0 Ch\u00ednh S\u00e1ch B\u1ea3o M\u1eadt \u0111\u1ec3 hi\u1ec3u r\u00f5 c\u00e1c quy \u0111\u1ecbnh, \u0111i\u1ec1u kho\u1ea3n, ch\u00ednh s\u00e1ch v\u00e0 h\u01b0\u1edbng d\u1eabn c\u1ee7a ch\u00fang t\u00f4i tr\u01b0\u1edbc khi b\u1ea1n truy c\u1eadp Ph\u1ea7n m\u1ec1m v\u00e0\/ho\u1eb7c \u0111\u0103ng k\u00fd v\u00e0\/ho\u1eb7c s\u1eed d\u1ee5ng c\u00e1c D\u1ecbch V\u1ee5 tr\u00ean Ph\u1ea7n m\u1ec1m c\u1ee7a ch\u00fang t\u00f4i.<br \/>\nT\u00f4i \u0111\u00e3 \u0111\u1ecdc quy \u0111\u1ecbnh s\u1eed d\u1ee5ng ph\u1ea7n m\u1ec1m n\u00e0y v\u00e0 \u0111\u1ed3ng \u00fd v\u1edbi t\u1ea5t c\u1ea3 c\u00e1c quy \u0111\u1ecbnh c\u00f3 trong n\u1ed9i dung b\u00ean tr\u00ean v\u00e0 b\u1ea5t k\u1ef3 b\u1ea3n ch\u1ec9nh s\u1eeda n\u00e0o c\u1ee7a n\u1ed9i dung b\u00ean tr\u00ean sau n\u00e0y. b\u1eb1ng vi\u1ec7c ti\u1ebfp t\u1ee5c truy c\u1eadp v\u00e0 s\u1eed d\u1ee5ng ph\u1ea7n m\u1ec1m, t\u00f4i hi\u1ec3u r\u1eb1ng t\u00f4i \u0111ang t\u1ea1o ra m\u1ed9t ch\u1eef k\u00fd \u0111i\u1ec7n t\u1eed m\u00e0 n\u00f3 c\u00f3 gi\u00e1 tr\u1ecb v\u00e0 hi\u1ec7u l\u1ef1c t\u01b0\u01a1ng t\u1ef1 nh\u01b0 ch\u1eef k\u00fd t\u00f4i k\u00fd b\u1eb1ng tay.<\/p>\n<h2><span style=\"font-size: 24pt;\">Li\u00ean h\u1ec7 ch\u00fang t\u00f4i<\/span><\/h2>\n<p>N\u1ebfu b\u1ea1n c\u00f3 b\u1ea5t k\u1ef3 c\u00e2u h\u1ecfi n\u00e0o v\u1ec1 Ch\u00ednh s\u00e1ch B\u1ea3o m\u1eadt n\u00e0y, B\u1ea1n c\u00f3 th\u1ec3 li\u00ean h\u1ec7 v\u1edbi ch\u00fang t\u00f4i:<\/p>\n<p>Qua email: admin@benhvienthaihoa.vn<\/p>\n<p>Theo s\u1ed1 \u0111i\u1ec7n tho\u1ea1i: (+84) 259.382.4509<\/p>\n<h1 class=\"ladi-headline ladi-transition\" style=\"text-align: center;\"><span style=\"font-size: 24pt;\">USAGE RULES<\/span><\/h1>\n<p>Welcome to ThaiHoaClinic software (collectively, &#8220;Software&#8221;). Please read the Terms of Use below carefully before continuing to access or use the Software&#8217;s services, so that you are aware of your legal rights and obligations in relation to registration issues. Sign up for medical examination, make payments, receive medical examination slips, create patient records, manage and use information in patient records, manage medical records, refund, cancel medical records, edit medical records diseases, how to solve problems &#8230;. in the process of using the Software.<br \/>\nDefinitions:<br \/>\n\u2022 We: by context may be\/or Thai Hoa NT Polyclinic Services Co., Ltd., and\/or other third parties linked on the Software.<br \/>\n\u2022 Service: is one or part or all of the features and facilities implemented on the Software.<br \/>\n\u2022 You: may contextually be the user, or patient, or person authorized by the patient in writing, orally or otherwise, to access the Software or register to use the Services on Software helps patients.<\/p>\n<p><strong>LOG IN<\/strong><br \/>\n\u2022 You must be logged in to fully utilize the Software&#8217;s Services.<br \/>\n\u2022 The software identifies your account by the mobile phone number you are using, so in the event that you no longer or lose control or ownership of your mobile phone number, please contact Contact us via call center or email admin@benhvienthaihoa.vn, we will support you.<\/p>\n<p><strong>PATIENT INFORMATION<\/strong><br \/>\n\u2022 You must provide patient information when registering for an account.<br \/>\n\u2022 Information about identification documents such as identity card, passport, ID card&#8230;.: you must enter it so that we can identify the right patient before entering the clinic.<br \/>\n\u2022 Email address and mobile phone number: You should enter it completely and accurately for the Software to send you notices, or medical examination sheet information via email and sms.<\/p>\n<p><strong>REGISTRATION TIME<\/strong><br \/>\n\u2022 Registration time is up to 7 days before the examination date.<br \/>\n\u2022 If you want to choose the next day&#8217;s examination, you must register before 16:00 today, after 4 pm You cannot register for the next day&#8217;s examination.<\/p>\n<p><strong>MONEY AND FEES FOR EXAMINATION REGISTRATION<\/strong><br \/>\nWhen registering on the Software, you will pay fees and charges (if any) including:<br \/>\n\u2022 Medical examination fee: is the money you pay for using the medical examination and treatment services of the clinic\/hospital. The cost of medical examination will vary depending on the specialty and determined by the clinic\/hospital.<br \/>\n\u2022 Utility fee: is the money to support the use of online medical examination registration service (including the fee for messages, emails&#8230;). Please check the Total Payment before making the payment (if any)<br \/>\nWhen you make the payment, it means that you completely agree, voluntarily and without any complaints or claims. any claim for any money or fee in subsequent use of the software.<\/p>\n<p><strong>PAYMENT METHODS<\/strong><br \/>\n\u2022 You can pay money and fees (if any) during the use of the software by online payment via:<br \/>\no Domestic ATM card with online payment enabled<br \/>\no Payment card international Visa\/MasterCard&#8230;<br \/>\no E-wallets integrated in the software<br \/>\n\u2022 If you do not have the above cards\/ or you have problems in the payment process, please contact the call center for support.<\/p>\n<p><strong>OTHER PROVISIONS<\/strong><br \/>\n\u2022 We reserve the right to amend these Software Use Rules at any time without notice to the user. You are required to periodically visit and read through these Terms of Use in order to stay up-to-date with our policies.<br \/>\n\u2022 This Software Use Policy is an integral part of our Terms of Service and Privacy Policy. Please read further the Terms of Service and Privacy Policy to fully understand our terms, conditions, policies and guidelines before you access the Software and\/or register and\/or use Services on our Software.<br \/>\nI have read the terms of use of this software and agree to all terms contained in the foregoing and any subsequent revisions to the foregoing. By continuing to access and use the software, I understand that I am creating a digital signature that has the same value and effect as the signature I signed by hand.<\/p>\n<p><strong><span style=\"font-size: 24pt;\">Contact Information:<\/span><\/strong><\/p>\n<p>Email: admin@benhvienthaihoa.vn<\/p>\n<p>Phone: (+84) 259.382.4509<\/p>\n<p>\n<\/div><\/div><\/div><\/div><\/div><\/div><\/div><\/div><\/section>","protected":false},"excerpt":{"rendered":"","protected":false},"author":1,"featured_media":0,"parent":0,"menu_order":0,"comment_status":"closed","ping_status":"closed","template":"","meta":{"_acf_changed":false,"_monsterinsights_skip_tracking":false,"_monsterinsights_sitenote_active":false,"_monsterinsights_sitenote_note":"","_monsterinsights_sitenote_category":0,"_uf_show_specific_survey":0,"_uf_disable_surveys":false,"footnotes":""},"class_list":["post-3676","page","type-page","status-publish","hentry"],"acf":[],"aioseo_notices":[],"_links":{"self":[{"href":"https:\/\/benhvienthaihoa.vn\/en\/wp-json\/wp\/v2\/pages\/3676","targetHints":{"allow":["GET"]}}],"collection":[{"href":"https:\/\/benhvienthaihoa.vn\/en\/wp-json\/wp\/v2\/pages"}],"about":[{"href":"https:\/\/benhvienthaihoa.vn\/en\/wp-json\/wp\/v2\/types\/page"}],"author":[{"embeddable":true,"href":"https:\/\/benhvienthaihoa.vn\/en\/wp-json\/wp\/v2\/users\/1"}],"replies":[{"embeddable":true,"href":"https:\/\/benhvienthaihoa.vn\/en\/wp-json\/wp\/v2\/comments?post=3676"}],"version-history":[{"count":2,"href":"https:\/\/benhvienthaihoa.vn\/en\/wp-json\/wp\/v2\/pages\/3676\/revisions"}],"predecessor-version":[{"id":3678,"href":"https:\/\/benhvienthaihoa.vn\/en\/wp-json\/wp\/v2\/pages\/3676\/revisions\/3678"}],"wp:attachment":[{"href":"https:\/\/benhvienthaihoa.vn\/en\/wp-json\/wp\/v2\/media?parent=3676"}],"curies":[{"name":"wp","href":"https:\/\/api.w.org\/{rel}","templated":true}]}}