{"id":3601,"date":"2023-11-12T15:33:32","date_gmt":"2023-11-12T08:33:32","guid":{"rendered":"https:\/\/benhvienthaihoa.vn\/?page_id=3601"},"modified":"2023-11-12T15:47:37","modified_gmt":"2023-11-12T08:47:37","slug":"dat-lich-kham","status":"publish","type":"page","link":"https:\/\/benhvienthaihoa.vn\/en\/dat-lich-kham\/","title":{"rendered":"\u0110\u1eb7t l\u1ecbch kh\u00e1m"},"content":{"rendered":"<section id=\"bt_section69f8bb213a1eb\"  class=\"boldSection topExtraSpaced bottomSpaced gutter inherit wBackground cover home-9-custom\" style=\"background-image:url('https:\/\/benhvienthaihoa.vn\/wp-content\/uploads\/2022\/11\/Group-1.png');\"><div class=\"port\"><div class=\"boldCell\"><div class=\"boldCellInner\"><div class=\"boldRow\" ><div class=\"boldRowInner\"><div class=\"rowItem col-md-6 col-sm-12 btTextLeft\"  ><div class=\"rowItemContent\" ><header class=\"header btClear extralarge btDash bottomDash  btAlternateDash\" ><div class=\"dash\"><h1><span class=\"headline\"><em>L\u01b0u \u00fd<\/em><\/span><\/h1><\/div><\/header><div class=\"btText\" ><\/p>\n<p><strong>Qu\u00fd kh\u00e1ch vui l\u00f2ng g\u1eedi th\u00f4ng tin chi ti\u1ebft \u0111\u1ec3 ch\u00fang t\u00f4i c\u00f3 th\u1ec3 s\u1eafp x\u1ebfp cu\u1ed9c h\u1eb9n.<\/strong><\/p>\n<ul>\n<li>L\u1ecbch h\u1eb9n c\u00f3 hi\u1ec7u l\u1ef1c sau khi \u0111\u01b0\u1ee3c x\u00e1c nh\u1eadn ch\u00ednh th\u1ee9c t\u1eeb B\u1ec7nh vi\u1ec7n \u0111a khoa Th\u00e0i Ho\u00e0<\/li>\n<li>Vui l\u00f2ng cung c\u1ea5p th\u00f4ng tin ch\u00ednh x\u00e1c \u0111\u1ec3 \u0111\u01b0\u1ee3c ph\u1ee5c v\u1ee5 t\u1ed1t nh\u1ea5t. Trong tr\u01b0\u1eddng h\u1ee3p cung c\u1ea5p sai th\u00f4ng tin email &amp; \u0111i\u1ec7n tho\u1ea1i, vi\u1ec7c x\u00e1c nh\u1eadn cu\u1ed9c h\u1eb9n s\u1ebd kh\u00f4ng hi\u1ec7u l\u1ef1c.<\/li>\n<li>Qu\u00fd kh\u00e1ch s\u1eed d\u1ee5ng d\u1ecbch v\u1ee5 \u0110\u1eb7t h\u1eb9n tr\u1ef1c tuy\u1ebfn, xin vui l\u00f2ng \u0111\u1eb7t tr\u01b0\u1edbc \u00edt nh\u1ea5t l\u00e0 24 gi\u1edd tr\u01b0\u1edbc khi \u0111\u1ebfn kh\u00e1m.<\/li>\n<li>Trong nh\u1eefng tr\u01b0\u1eddng h\u1ee3p kh\u1ea9n c\u1ea5p ho\u1eb7c nghi ng\u1edd c\u00f3 c\u00e1c tri\u1ec7u ch\u1ee9ng nguy hi\u1ec3m, qu\u00fd kh\u00e1ch n\u00ean \u0110\u1ebeN TR\u1ef0C TI\u1ebeP ho\u1eb7c trung t\u00e2m y t\u1ebf g\u1ea7n nh\u1ea5t \u0111\u1ec3 k\u1ecbp th\u1eddi x\u1eed l\u00fd.<\/li>\n<\/ul>\n<p>\n<\/div><\/div><\/div><div class=\"rowItem col-md-6 col-sm-12 btTextLeft\"  ><div class=\"rowItemContent\" ><div class=\"btText\" >\n<div class=\"wpcf7 no-js\" id=\"wpcf7-f2258-o1\" lang=\"en-US\" dir=\"ltr\" data-wpcf7-id=\"2258\">\n<div class=\"screen-reader-response\"><p role=\"status\" aria-live=\"polite\" aria-atomic=\"true\"><\/p> <ul><\/ul><\/div>\n<form action=\"\/en\/wp-json\/wp\/v2\/pages\/3601#wpcf7-f2258-o1\" method=\"post\" class=\"wpcf7-form init\" aria-label=\"Contact form\" novalidate=\"novalidate\" data-status=\"init\" data-trp-original-action=\"\/en\/wp-json\/wp\/v2\/pages\/3601#wpcf7-f2258-o1\">\n<fieldset class=\"hidden-fields-container\"><input type=\"hidden\" name=\"_wpcf7\" value=\"2258\" \/><input type=\"hidden\" name=\"_wpcf7_version\" value=\"6.1.5\" \/><input type=\"hidden\" name=\"_wpcf7_locale\" value=\"en_US\" \/><input type=\"hidden\" name=\"_wpcf7_unit_tag\" value=\"wpcf7-f2258-o1\" \/><input type=\"hidden\" name=\"_wpcf7_container_post\" value=\"0\" \/><input type=\"hidden\" name=\"_wpcf7_posted_data_hash\" value=\"\" \/>\n<\/fieldset>\n<div class=\"form-datlich\">\n\t<div class=\"form-top\">\n\t\t<div class=\"form-logo\">\n\t\t\t<p><img decoding=\"async\" src=\"https:\/\/benhvienthaihoa.vn\/wp-content\/uploads\/2022\/11\/logo.png\" alt=\"\" \/>\n\t\t\t<\/p>\n\t\t<\/div>\n\t\t<h2 class=\"form-title\">\u0110\u1eb7t l\u1ecbch kh\u00e1m\n\t\t<\/h2>\n\t<\/div>\n\t<div class=\"form-bottom\">\n\t\t<div class=\"row\">\n\t\t\t<div class=\"col-12\">\n\t\t\t\t<div class=\"form-item\">\n\t\t\t\t\t<p><label>H\u1ecd T\u00ean<\/label><br \/>\n<span class=\"wpcf7-form-control-wrap\" data-name=\"your-name\"><input size=\"40\" maxlength=\"400\" class=\"wpcf7-form-control wpcf7-text\" aria-invalid=\"false\" value=\"\" type=\"text\" name=\"your-name\" \/><\/span>\n\t\t\t\t\t<\/p>\n\t\t\t\t<\/div>\n\t\t\t<\/div>\n\t\t\t<div class=\"col-12\">\n\t\t\t\t<div class=\"form-item\">\n\t\t\t\t\t<p><label>S\u1ed1 \u0111i\u1ec7n tho\u1ea1i<\/label><br \/>\n<span class=\"wpcf7-form-control-wrap\" data-name=\"your-phone\"><input size=\"40\" maxlength=\"400\" class=\"wpcf7-form-control wpcf7-tel wpcf7-text wpcf7-validates-as-tel\" aria-invalid=\"false\" value=\"\" type=\"tel\" name=\"your-phone\" \/><\/span>\n\t\t\t\t\t<\/p>\n\t\t\t\t<\/div>\n\t\t\t<\/div>\n\t\t\t<div class=\"col-12\">\n\t\t\t\t<div class=\"form-item\">\n\t\t\t\t\t<p><label>L\u00fd do kh\u00e1m<\/label><br \/>\n<span class=\"wpcf7-form-control-wrap\" data-name=\"your-message\"><textarea cols=\"40\" rows=\"10\" maxlength=\"2000\" class=\"wpcf7-form-control wpcf7-textarea\" aria-invalid=\"false\" name=\"your-message\"><\/textarea><\/span>\n\t\t\t\t\t<\/p>\n\t\t\t\t<\/div>\n\t\t\t<\/div>\n\t\t\t<div class=\"col-12\">\n\t\t\t\t<div class=\"form-buttom\">\n\t\t\t\t\t<p><input class=\"wpcf7-form-control wpcf7-submit has-spinner\" type=\"submit\" value=\"\u0110\u1eb7t l\u1ecbch kh\u00e1m\" \/>\n\t\t\t\t\t<\/p>\n\t\t\t\t<\/div>\n\t\t\t<\/div>\n\t\t<\/div>\n\t<\/div>\n\t<div class=\"btn-close\">\n\t\t<p><em class=\"fa fa-times\" aria-hidden=\"true\"><\/em>\n\t\t<\/p>\n\t<\/div>\n<\/div><p style=\"display: none !important;\" class=\"akismet-fields-container\" data-prefix=\"_wpcf7_ak_\"><label>&#916;<textarea name=\"_wpcf7_ak_hp_textarea\" cols=\"45\" rows=\"8\" maxlength=\"100\"><\/textarea><\/label><input type=\"hidden\" id=\"ak_js_1\" name=\"_wpcf7_ak_js\" value=\"149\"\/><script>document.getElementById( \"ak_js_1\" ).setAttribute( \"value\", ( new Date() ).getTime() );<\/script><\/p><div class=\"wpcf7-response-output\" aria-hidden=\"true\"><\/div>\n<input type=\"hidden\" name=\"trp-form-language\" value=\"en\"\/><\/form>\n<\/div>\n<\/div><\/div><\/div><\/div><\/div><\/div><\/div><\/div><\/section>","protected":false},"excerpt":{"rendered":"","protected":false},"author":1,"featured_media":0,"parent":0,"menu_order":0,"comment_status":"closed","ping_status":"closed","template":"","meta":{"_acf_changed":false,"_monsterinsights_skip_tracking":false,"_monsterinsights_sitenote_active":false,"_monsterinsights_sitenote_note":"","_monsterinsights_sitenote_category":0,"_uf_show_specific_survey":0,"_uf_disable_surveys":false,"footnotes":""},"class_list":["post-3601","page","type-page","status-publish","hentry"],"acf":[],"aioseo_notices":[],"_links":{"self":[{"href":"https:\/\/benhvienthaihoa.vn\/en\/wp-json\/wp\/v2\/pages\/3601","targetHints":{"allow":["GET"]}}],"collection":[{"href":"https:\/\/benhvienthaihoa.vn\/en\/wp-json\/wp\/v2\/pages"}],"about":[{"href":"https:\/\/benhvienthaihoa.vn\/en\/wp-json\/wp\/v2\/types\/page"}],"author":[{"embeddable":true,"href":"https:\/\/benhvienthaihoa.vn\/en\/wp-json\/wp\/v2\/users\/1"}],"replies":[{"embeddable":true,"href":"https:\/\/benhvienthaihoa.vn\/en\/wp-json\/wp\/v2\/comments?post=3601"}],"version-history":[{"count":5,"href":"https:\/\/benhvienthaihoa.vn\/en\/wp-json\/wp\/v2\/pages\/3601\/revisions"}],"predecessor-version":[{"id":3610,"href":"https:\/\/benhvienthaihoa.vn\/en\/wp-json\/wp\/v2\/pages\/3601\/revisions\/3610"}],"wp:attachment":[{"href":"https:\/\/benhvienthaihoa.vn\/en\/wp-json\/wp\/v2\/media?parent=3601"}],"curies":[{"name":"wp","href":"https:\/\/api.w.org\/{rel}","templated":true}]}}