{"id":312,"date":"2015-12-02T09:21:30","date_gmt":"2015-12-02T09:21:30","guid":{"rendered":"http:\/\/medical.bold-themes.com\/clinic\/?page_id=312"},"modified":"2026-04-13T16:03:30","modified_gmt":"2026-04-13T09:03:30","slug":"benh-nhan-can-biet","status":"publish","type":"page","link":"https:\/\/benhvienthaihoa.vn\/en\/benh-nhan-can-biet\/","title":{"rendered":"B\u1ec7nh nh\u00e2n c\u1ea7n bi\u1ebft"},"content":{"rendered":"<p><section id=\"bt_section69f8bd04b7d41\"  class=\"boldSection btDivider topSemiSpaced bottomSemiSpaced btDarkSkin gutter inherit\" style=\"background-color:rgb(34,89,168);\"><div class=\"port\"><div class=\"boldCell\"><div class=\"boldCellInner\"><div class=\"boldRow\" ><div class=\"boldRowInner\"><div class=\"rowItem col-md-8 col-ms-12 btTextLeft animate animate-fadein animate-moveleft inherit\"  ><div class=\"rowItemContent\" ><div class=\"btClear btSeparator topExtraSmallSpaced bottomExtraSmallSpaced noBorder\" ><hr><\/div><header class=\"header btClear extralarge btDash bottomDash  btAlternateDash\" ><div class=\"dash\"><h1><span class=\"headline\">C\u00c2U H\u1eceI TH\u01af\u1edcNG G\u1eb6P<\/span><\/h1><\/div><div class=\"btSubTitle\">Ch\u00fang t\u00f4i \u1edf \u0111\u00e2y \u0111\u1ec3 gi\u00fap \u0111\u1ee1! Li\u00ean h\u1ec7 v\u1edbi ch\u00fang t\u00f4i v\u1ec1 tr\u1ea3i nghi\u1ec7m c\u1ee7a b\u1ea1n t\u1ea1i B\u1ec7nh Vi\u1ec7n (BV) v\u00e0 xem c\u00e1c c\u00e2u h\u1ecfi th\u01b0\u1eddng g\u1eb7p c\u1ee7a ch\u00fang t\u00f4i \u0111\u1ec3 t\u00ecm hi\u1ec3u th\u00eam v\u1ec1 B\u1ec7nh Vi\u1ec7n \u0110a Khoa Th\u00e1i H\u00f2a (BV\u0110KTH)<\/div><\/header><\/div><\/div><div class=\"rowItem col-md-4 col-ms-12 btTextLeft\"  ><div class=\"rowItemContent\" ><\/div><\/div><\/div><\/div><\/div><\/div><\/div><\/section><section id=\"bt_section69f8bd04b7fcc\"  class=\"boldSection topSpaced bottomSpaced gutter inherit\" ><div class=\"port\"><div class=\"boldCell\"><div class=\"boldCellInner\"><div class=\"boldRow\" ><div class=\"boldRowInner\"><div class=\"rowItem col-md-8 col-ms-12 btTextLeft animate animate-fadein animate-moveleft inherit\"  ><div class=\"rowItemContent\" ><header class=\"header btClear extralarge btDash bottomDash  btAccentDash\" ><div class=\"dash\"><h1><span class=\"headline\"><em>Nh\u1eefng c\u00e2u h\u1ecfi<\/em><br \/><br><b class=\"animate\">th\u01b0\u1eddng g\u1eb7p t\u1eeb b\u1ec7nh nh\u00e2n<\/b><\/span><\/h1><\/div><\/header><div class=\"btClear btSeparator bottomSemiSpaced noBorder\" ><hr><\/div><\/div><\/div><div class=\"rowItem col-md-4 col-ms-12 btTextLeft\"  ><div class=\"rowItemContent\" ><\/div><\/div><\/div><\/div><div class=\"boldRow\" ><div class=\"boldRowInner\"><div class=\"rowItem col-md-6 col-sm-12 btTextLeft inherit\"  ><div class=\"rowItemContent\" ><div class=\"btTabs tabsVertical\" \" data-open-first=\"\"><ul class=\"tabsHeader\"><li><span>1. B\u1ec7nh vi\u1ec7n c\u00f3 \u00e1p d\u1ee5ng B\u1ea3o Hi\u1ec3m (BH) kh\u00f4ng?<\/span><\/li><li><span>2. B\u1ea3o hi\u1ec3m h\u01b0u tr\u00ed th\u00ec BV m\u00ecnh \u00e1p d\u1ee5ng bao nhi\u00eau ph\u1ea7n tr\u0103m?<\/span><\/li><li><span>3. BH doanh nghi\u1ec7p \u00e1p d\u1ee5ng nh\u01b0 th\u1ebf n\u00e0o?<\/span><\/li><li><span>4. B\u1ec7nh vi\u1ec7n c\u00f3 \u00e1p d\u1ee5ng BH cho kh\u00e1m nhi kh\u00f4ng?<\/span><\/li><li><span>5. B\u00ean BV c\u00f3 kh\u00e1m nam khoa kh\u00f4ng \u1ea1?<\/span><\/li><li><span>6. Tai M\u0169i H\u1ecdng (TMH) c\u00f3 \u00e1p d\u1ee5ng b\u1ea3o hi\u1ec3m kh\u00f4ng?<\/span><\/li><\/ul><div class=\"tabPanes accordionPanes\"><div class=\"tabPane\">\r\n\t\t\t<div class=\"tabAccordionTitle\"><span>1. B\u1ec7nh vi\u1ec7n c\u00f3 \u00e1p d\u1ee5ng B\u1ea3o Hi\u1ec3m (BH) kh\u00f4ng?<\/span><\/div>\r\n\t\t\t<div class=\"tabAccordionContent\"><\/p>\n<p>B\u1ec7nh Vi\u1ec7n \u0110a Khoa Th\u00e1i H\u00f2a c\u00f3 \u00e1p d\u1ee5ng b\u1ea3o hi\u1ec3m y t\u1ebf.<\/p>\n<p>T\u1eeb ng\u00e0y 1\/1\/2025 &#8211; Th\u1ebb BHYT c\u1ee7a t\u1ea5t c\u1ea3 c\u00e1c t\u1ec9nh trong to\u00e0n qu\u1ed1c \u0111\u1ec1u kh\u00e1m \u0111\u01b0\u1ee3c t\u1ea1i B\u1ec7nh Vi\u1ec7n \u0110a Khoa Th\u00e1i Ho\u00e0.<\/p>\n<p>\n<\/div>\r\n\t\t<\/div><div class=\"tabPane\">\r\n\t\t\t<div class=\"tabAccordionTitle\"><span>2. B\u1ea3o hi\u1ec3m h\u01b0u tr\u00ed th\u00ec BV m\u00ecnh \u00e1p d\u1ee5ng bao nhi\u00eau ph\u1ea7n tr\u0103m?<\/span><\/div>\r\n\t\t\t<div class=\"tabAccordionContent\"><\/p>\n<p>\nT\u00f9y thu\u1ed9c theo \u0111\u1ecba \u0111i\u1ec3m \u0111\u0103ng k\u00fd b\u1ea3o hi\u1ec3m c\u1ee7a anh\/ch\u1ecb.<br \/>\nV\u00ed d\u1ee5:<br \/>\n\u2022 B\u1ea3o hi\u1ec3m h\u01b0u tr\u00ed 3 \u00e1p d\u1ee5ng b\u00ean BV l\u00e0 95% &#8211; B\u1ec7nh Nh\u00e2n (BN) s\u1ebd ch\u1ec9 \u0111\u00f3ng th\u00eam 5%.<br \/>\n\u2022 \u00c1p d\u1ee5ng 100% \u0111\u1ed1i v\u1edbi b\u1ea3o hi\u1ec3m h\u01b0u tr\u00ed 2.<\/p>\n<p>\n<\/div>\r\n\t\t<\/div><div class=\"tabPane\">\r\n\t\t\t<div class=\"tabAccordionTitle\"><span>3. BH doanh nghi\u1ec7p \u00e1p d\u1ee5ng nh\u01b0 th\u1ebf n\u00e0o?<\/span><\/div>\r\n\t\t\t<div class=\"tabAccordionContent\"><\/p>\n<p>\n\u2022 T\u00f9y thu\u1ed9c theo \u0111\u1ecba \u0111i\u1ec3m \u0111\u0103ng k\u00fd b\u1ea3o hi\u1ec3m c\u1ee7a anh\/ch\u1ecb.<br \/>\n\u2022 BH doanh nghi\u1ec7p \u0111\u0103ng \u00fd b\u00ean BV\u0110KTH s\u1ebd \u00e1p d\u1ee5ng t\u1ea1i BV v\u1edbi m\u1ee9c 80% &#8211; BN ch\u1ec9 \u0111\u00f3ng th\u00eam 20% \u0111\u1ed1i v\u1edbi BH n\u00e0y.<\/p>\n<p>\n<\/div>\r\n\t\t<\/div><div class=\"tabPane\">\r\n\t\t\t<div class=\"tabAccordionTitle\"><span>4. B\u1ec7nh vi\u1ec7n c\u00f3 \u00e1p d\u1ee5ng BH cho kh\u00e1m nhi kh\u00f4ng?<\/span><\/div>\r\n\t\t\t<div class=\"tabAccordionContent\"><\/p>\n<p>\nB\u1ec7nh vi\u1ec7n \u0110a Khoa Th\u00e1i H\u00f2a c\u00f3 \u00e1p d\u1ee5ng BH cho kh\u00e1m nhi \u0111\u1ed1i v\u1edbi c\u00e1c BH tuy\u1ebfn x\u00e3 huy\u1ec7n, v\u00e0 trung t\u00e2m y t\u1ebf.<\/p>\n<p>\n<\/div>\r\n\t\t<\/div><div class=\"tabPane\">\r\n\t\t\t<div class=\"tabAccordionTitle\"><span>5. B\u00ean BV c\u00f3 kh\u00e1m nam khoa kh\u00f4ng \u1ea1?<\/span><\/div>\r\n\t\t\t<div class=\"tabAccordionContent\"><\/p>\n<p>\nHi\u1ec7n t\u1ea1i B\u1ec7nh vi\u1ec7n \u0110a Khoa Th\u00e1i H\u00f2a ch\u01b0a c\u00f3 d\u1ecbch v\u1ee5 kh\u00e1m nam khoa<\/p>\n<p>\n<\/div>\r\n\t\t<\/div><div class=\"tabPane\">\r\n\t\t\t<div class=\"tabAccordionTitle\"><span>6. Tai M\u0169i H\u1ecdng (TMH) c\u00f3 \u00e1p d\u1ee5ng b\u1ea3o hi\u1ec3m kh\u00f4ng?<\/span><\/div>\r\n\t\t\t<div class=\"tabAccordionContent\"><\/p>\n<p>\nB\u1ec7nh vi\u1ec7n \u0110a Khoa Th\u00e1i H\u00f2a c\u00f3 \u00e1p d\u1ee5ng b\u1ea3o hi\u1ec3m cho TMH \u0111\u1ed1i v\u1edbi c\u00e1c BH tuy\u1ebfn huy\u1ec7n, trung t\u00e2m, v\u00e0 1 s\u1ed1 d\u1ecbch v\u1ee5 ngo\u00e0i BH.<\/p>\n<p>\n<\/div>\r\n\t\t<\/div><\/div><\/div><div class=\"btClear btSeparator bottomSemiSpaced noBorder\" ><hr><\/div><\/div><\/div><div class=\"rowItem col-md-6 col-sm-12 btTextLeft\"  ><div class=\"rowItemContent\" ><div class=\"bpgPhoto btTextCenter\" ><div class=\"btImage\"><img decoding=\"async\" src=\"https:\/\/benhvienthaihoa.vn\/wp-content\/uploads\/2022\/11\/z3842438746041_1368134ef551e876ed3948b18954d9e4.jpg\" alt=\"\" title=\"\"><\/div><\/div><div class=\"btClear btSeparator bottomSemiSpaced noBorder\" ><hr><\/div><\/div><\/div><\/div><\/div><\/div><\/div><\/div><\/section><section id=\"bt_section69f8bd04b8f05\"  class=\"boldSection topSpaced bottomSemiSpaced btDarkSkin gutter inherit\" style=\"background-color:#0176d5;\"><div class=\"port\"><div class=\"boldCell\"><div class=\"boldCellInner\"><div class=\"boldRow\" ><div class=\"boldRowInner\"><div class=\"rowItem col-md-12 col-ms-12  btTextLeft\"  ><div class=\"rowItemContent\" ><div class=\"btClear btSeparator bottomSmallSpaced noBorder\" ><hr><\/div><\/div><\/div><\/div><\/div><div class=\"boldRow\" ><div class=\"boldRowInner\"><div class=\"rowItem col-md-6 col-sm-12 btTextLeft animate animate-fadein inherit\"  ><div class=\"rowItemContent\" ><header class=\"header btClear extralarge btDash bottomDash  btAlternateDash\" ><div class=\"dash\"><h1><span class=\"headline\"><em>Li\u00ean h\u1ec7 <\/em> <strong class=\"animate\">v\u1edbi ch\u00fang t\u00f4i<\/strong><\/span><\/h1><\/div><\/header><div class=\"btClear btSeparator bottomSemiSpaced noBorder\" ><hr><\/div><\/div><\/div><div class=\"rowItem col-md-2  col-sm-4 col-ms-12 btTextCenter animate animate-fadein inherit\"  ><div class=\"rowItemContent\" ><div class=\"btIconImageRow\" ><span class=\"btIco btIcoFilledType btIcoBigSize btIcoAlterColor\" ><span  data-ico-tc=\"&#xe95f;\" class=\"btIcoHolder\"><em><\/em><\/span><\/span><\/div><div class=\"btClear btSeparator bottomSmallSpaced noBorder\" ><hr><\/div><header class=\"header btClear small  btNormalDash\" ><div class=\"dash\"><h4><span class=\"headline\">\u0110\u1ecba ch\u1ec9 <\/span><\/h4><\/div><div class=\"btSubTitle\">93-95 Ng\u00f4 Gia t\u1ef1, Ph\u01b0\u1eddng Thanh S\u01a1n.<br \/><br>TP. Phan Rang \u2013 Th\u00e1p Ch\u00e0m, Ninh Thu\u1eadn<\/div><\/header><div class=\"btClear btSeparator bottomSemiSpaced noBorder\" ><hr><\/div><\/div><\/div><div class=\"rowItem col-md-2  col-sm-4 col-ms-12 btTextCenter animate animate-fadein inherit\"  ><div class=\"rowItemContent\" ><div class=\"btIconImageRow\" ><span class=\"btIco btIcoFilledType btIcoBigSize btIcoAlterColor\" ><span  data-ico-hs=\"&#xe91f;\" class=\"btIcoHolder\"><em><\/em><\/span><\/span><\/div><div class=\"btClear btSeparator bottomSmallSpaced noBorder\" ><hr><\/div><header class=\"header btClear small  btNormalDash\" ><div class=\"dash\"><h4><span class=\"headline\">\u0110i\u1ec7n tho\u1ea1i<\/span><\/h4><\/div><div class=\"btSubTitle\">0259.3824509<\/div><\/header><div class=\"btClear btSeparator bottomSemiSpaced noBorder\" ><hr><\/div><\/div><\/div><div class=\"rowItem col-md-2  col-sm-4 col-ms-12 btTextCenter animate animate-fadein inherit\"  ><div class=\"rowItemContent\" ><div class=\"btIconImageRow\" ><span class=\"btIco btIcoFilledType btIcoBigSize btIcoAlterColor\" ><span  data-ico-cs=\"&#xe9dc;\" class=\"btIcoHolder\"><em><\/em><\/span><\/span><\/div><div class=\"btClear btSeparator bottomSmallSpaced noBorder\" ><hr><\/div><header class=\"header btClear small  btNormalDash\" ><div class=\"dash\"><h4><span class=\"headline\">Email <\/span><\/h4><\/div><div class=\"btSubTitle\">cskh@benhvienthaihoa.vn<\/div><\/header><div class=\"btClear btSeparator bottomSemiSpaced noBorder\" ><hr><\/div><\/div><\/div><\/div><\/div><\/div><\/div><\/div><\/section><section id=\"bt_section69f8bd04b9a57\" data-parallax=\"0.7\" data-parallax-offset=\"0\" class=\"boldSection topSpaced bottomSpaced gutter inherit btParallax\" ><div class=\"port\"><div class=\"boldCell\"><div class=\"boldCellInner\"><div class=\"boldRow\" ><div class=\"boldRowInner\"><div class=\"rowItem col-md-6 col-sm-12 btTextLeft animate animate-fadein btTopVertical\"  ><div class=\"rowItemContent\" ><div class=\"btClear btSeparator bottomSemiSpaced noBorder\" ><hr><\/div><header class=\"header btClear large btDash topDash  btAccentDash\" ><div class=\"btSuperTitle\">B\u1ea1n mu\u1ed1n bi\u1ebft th\u00eam <\/div><div class=\"dash\"><h2><span class=\"headline\"><em>Vui l\u00f2ng<\/em> <b class=\"animate\"> li\u00ean h\u1ec7 <\/b><\/span><\/h2><\/div><div class=\"btSubTitle\">v\u1edbi ch\u00fang t\u00f4i n\u1ebfu b\u1ea1n c\u00f3 b\u1ea5t k\u1ef3 c\u00e2u h\u1ecfi n\u00e0o<\/div><\/header><div class=\"btClear btSeparator bottomSemiSpaced noBorder\" ><hr><\/div><\/div><\/div><div class=\"rowItem col-md-6 col-sm-12 btTextLeft btMiddleVertical\"  ><div class=\"rowItemContent\" ><div class=\"btTabs tabsVertical\" \" data-open-first=\"\"><ul class=\"tabsHeader\"><li><span>B\u00ean b\u1ec7nh vi\u1ec7n c\u00f3 c\u1ea7n \u0111\u0103ng k\u00fd s\u1ed1 th\u1ee9 t\u1ef1 tr\u01b0\u1edbc \u0111\u1ec3 kh\u00e1m kh\u00f4ng \u1ea1?<\/span><\/li><li><span>B\u1ea3o hi\u1ec3m b\u1ec7nh vi\u1ec7n t\u1ec9nh c\u00f3 \u0111\u01b0\u1ee3c \u00e1p d\u1ee5ng t\u1ea1i BV kh\u00f4ng?<\/span><\/li><li><span>B\u00ean BV m\u00ecnh c\u00f3 d\u1ecbch v\u1ee5 t\u1edbi t\u1eadn nh\u00e0 kh\u00f4ng \u1ea1?<\/span><\/li><li><span>B\u1ec7nh vi\u1ec7n c\u00f3 \u00e1p d\u1ee5ng BH b\u00ean Trung T\u00e2m Y T\u1ebf kh\u00f4ng \u1ea1?<\/span><\/li><\/ul><div class=\"tabPanes accordionPanes\"><div class=\"tabPane\">\r\n\t\t\t<div class=\"tabAccordionTitle\"><span>B\u00ean b\u1ec7nh vi\u1ec7n c\u00f3 c\u1ea7n \u0111\u0103ng k\u00fd s\u1ed1 th\u1ee9 t\u1ef1 tr\u01b0\u1edbc \u0111\u1ec3 kh\u00e1m kh\u00f4ng \u1ea1?<\/span><\/div>\r\n\t\t\t<div class=\"tabAccordionContent\"><\/p>\n<p>\nKh\u00f4ng b\u1ea1n nh\u00e9. B\u1ec7nh nh\u00e2n c\u00f3 th\u1ec3 t\u1edbi tr\u1ef1c ti\u1ebfp BV \u0111\u1ec3 \u0111\u01b0\u1ee3c h\u1ed7 tr\u1ee3 \u0111\u0103ng k\u00fd kh\u00e1m nhanh.<\/p>\n<p>\n<\/div>\r\n\t\t<\/div><div class=\"tabPane\">\r\n\t\t\t<div class=\"tabAccordionTitle\"><span>B\u1ea3o hi\u1ec3m b\u1ec7nh vi\u1ec7n t\u1ec9nh c\u00f3 \u0111\u01b0\u1ee3c \u00e1p d\u1ee5ng t\u1ea1i BV kh\u00f4ng?<\/span><\/div>\r\n\t\t\t<div class=\"tabAccordionContent\"><\/p>\n<p>\nKh\u00f4ng b\u1ea1n. B\u1ec7nh vi\u1ec7n ch\u1ec9 \u00e1p d\u1ee5ng BH \u0111\u1ed1i v\u1edbi c\u00e1c BH tuy\u1ebfn huy\u1ec7n v\u00e0 trung t\u00e2m y t\u1ebf.<\/p>\n<p>\n<\/div>\r\n\t\t<\/div><div class=\"tabPane\">\r\n\t\t\t<div class=\"tabAccordionTitle\"><span>B\u00ean BV m\u00ecnh c\u00f3 d\u1ecbch v\u1ee5 t\u1edbi t\u1eadn nh\u00e0 kh\u00f4ng \u1ea1?<\/span><\/div>\r\n\t\t\t<div class=\"tabAccordionContent\"><\/p>\n<p>\nC\u00f3 b\u1ea1n nh\u00e9.<\/p>\n<p>\n<\/div>\r\n\t\t<\/div><div class=\"tabPane\">\r\n\t\t\t<div class=\"tabAccordionTitle\"><span>B\u1ec7nh vi\u1ec7n c\u00f3 \u00e1p d\u1ee5ng BH b\u00ean Trung T\u00e2m Y T\u1ebf kh\u00f4ng \u1ea1?<\/span><\/div>\r\n\t\t\t<div class=\"tabAccordionContent\"><\/p>\n<p>\nC\u00f3 b\u1ea1n nh\u00e9.<\/p>\n<p>\n<\/div>\r\n\t\t<\/div><\/div><\/div><\/div><\/div><\/div><\/div><\/div><\/div><\/div><\/section><\/p>","protected":false},"excerpt":{"rendered":"","protected":false},"author":1,"featured_media":0,"parent":0,"menu_order":0,"comment_status":"closed","ping_status":"closed","template":"","meta":{"_acf_changed":false,"_monsterinsights_skip_tracking":false,"_monsterinsights_sitenote_active":false,"_monsterinsights_sitenote_note":"","_monsterinsights_sitenote_category":0,"_uf_show_specific_survey":0,"_uf_disable_surveys":false,"footnotes":""},"class_list":["post-312","page","type-page","status-publish","hentry"],"acf":[],"aioseo_notices":[],"_links":{"self":[{"href":"https:\/\/benhvienthaihoa.vn\/en\/wp-json\/wp\/v2\/pages\/312","targetHints":{"allow":["GET"]}}],"collection":[{"href":"https:\/\/benhvienthaihoa.vn\/en\/wp-json\/wp\/v2\/pages"}],"about":[{"href":"https:\/\/benhvienthaihoa.vn\/en\/wp-json\/wp\/v2\/types\/page"}],"author":[{"embeddable":true,"href":"https:\/\/benhvienthaihoa.vn\/en\/wp-json\/wp\/v2\/users\/1"}],"replies":[{"embeddable":true,"href":"https:\/\/benhvienthaihoa.vn\/en\/wp-json\/wp\/v2\/comments?post=312"}],"version-history":[{"count":19,"href":"https:\/\/benhvienthaihoa.vn\/en\/wp-json\/wp\/v2\/pages\/312\/revisions"}],"predecessor-version":[{"id":4557,"href":"https:\/\/benhvienthaihoa.vn\/en\/wp-json\/wp\/v2\/pages\/312\/revisions\/4557"}],"wp:attachment":[{"href":"https:\/\/benhvienthaihoa.vn\/en\/wp-json\/wp\/v2\/media?parent=312"}],"curies":[{"name":"wp","href":"https:\/\/api.w.org\/{rel}","templated":true}]}}