{"id":2377,"date":"2022-11-14T16:27:50","date_gmt":"2022-11-14T16:27:50","guid":{"rendered":"https:\/\/benhvienthaihoa.vn\/?page_id=2377"},"modified":"2022-12-27T09:34:16","modified_gmt":"2022-12-27T02:34:16","slug":"bac-si-le-thi-dan","status":"publish","type":"page","link":"https:\/\/benhvienthaihoa.vn\/en\/doi-ngu-bac-si\/bac-si-le-thi-dan\/","title":{"rendered":"B\u00e1c s\u0129 L\u00ea Thi D\u00e2n"},"content":{"rendered":"<p><section id=\"bt_section69f8bf93e1bf2\"  class=\"boldSection btDivider topSemiSpaced btDarkSkin gutter inherit\" style=\"background-color:#0176d5;\"><div class=\"port\"><div class=\"boldCell\"><div class=\"boldCellInner\"><div class=\"boldRow\" ><div class=\"boldRowInner\"><div class=\"rowItem col-md-8 col-ms-12 btTextLeft animate animate-fadein animate-moveleft inherit\"  ><div class=\"rowItemContent\" ><div class=\"btClear btSeparator topExtraSmallSpaced bottomExtraSmallSpaced noBorder\" ><hr><\/div><header class=\"header btClear extralarge btDash bottomDash  btAlternateDash\" ><div class=\"btSuperTitle\">B\u00c1C S\u0128 \u0110I\u1ec0U TR\u1eca<\/div><div class=\"dash\"><h1><span class=\"headline\">B\u00e1c s\u0129<br \/><br>L\u00ea Th\u1ecb D\u00e2n<\/span><\/h1><\/div><\/header><\/div><\/div><div class=\"rowItem col-md-4 col-ms-12 btTextLeft btBottomVertical\"  ><div class=\"rowItemContent\" ><div class=\"bpgPhoto btTextCenter\" ><div class=\"btImage\"><img decoding=\"async\" src=\"https:\/\/benhvienthaihoa.vn\/wp-content\/uploads\/2022\/12\/z3991104084127_22da28334a938ee23e1542cdc3a776cd-removebg-preview.png\" alt=\"\" title=\"\"><\/div><\/div><\/div><\/div><\/div><\/div><\/div><\/div><\/div><\/section><section id=\"bt_section69f8bf93e2864\"  class=\"boldSection topSpaced bottomSpaced gutter inherit\" style=\"background-color:#f1f1f1;\"><div class=\"port\"><div class=\"boldCell\"><div class=\"boldCellInner\"><div class=\"boldRow\" ><div class=\"boldRowInner\"><div class=\"rowItem col-md-8 col-ms-12 btTextLeft animate animate-fadein inherit btDoublePadding\"  ><div class=\"rowItemContent\" ><div class=\"btClear btSeparator bottomSemiSpaced border\" ><hr><\/div><header class=\"header btClear large  btNormalDash\" ><div class=\"btSubTitle\">BS.CKI L\u00ea Th\u1ecb D\u00e2n, t\u1ed1t nghi\u1ec7p B\u00e1c s\u0129 \u0110a khoa t\u1ea1i tr\u01b0\u1eddng \u0110\u1ea1i h\u1ecdc Y D\u01b0\u1ee3c Tp. H\u1ed3 Ch\u00ed Minh n\u0103m 1992, t\u1ed1t nghi\u1ec7p B\u00e1c s\u0129 chuy\u00ean khoa c\u1ea5p I chuy\u00ean ng\u00e0nh Y t\u1ebf C\u1ed9ng \u0111\u1ed3ng t\u1ea1i \u0110\u1ea1i h\u1ecdc Y D\u01b0\u1ee3c Tp. H\u1ed3 Ch\u00ed Minh n\u0103m 1995. Tr\u01b0\u1edfng khoa N\u1ed9i- nhi t\u1ea1i Trung t\u00e2m Y t\u1ebf Huy\u1ec7n Ninh H\u1ea3i n\u0103m 1998. Tr\u01b0\u1edfng ph\u00f2ng Qu\u1ea3n l\u00fd s\u1ee9c kh\u1ecfe c\u00e1n b\u1ed9 t\u1ec9nh t\u1ea1i Ban B\u1ea3o V\u1ec7 Ch\u0103m S\u00f3c S\u1ee9c Kh\u1ecfe C\u00e1n B\u1ed9 T\u1ec9nh Ninh Thu\u1eadn giai \u0111o\u1ea1n n\u0103m 2000-2017. T\u1eeb 2018 \u0111\u1ebfn nay, BS.CKI. L\u00ea Th\u1ecb D\u00e2n \u0111\u1ea3m nh\u1eadn c\u00f4ng t\u00e1c kh\u00e1m ch\u1eefa b\u1ec7nh N\u1ed9i-Nhi t\u1ea1i B\u1ec7nh vi\u1ec7n Th\u00e1i H\u00f2a Ninh Thu\u1eadn. V\u1edbi h\u01a1n 33 n\u0103m kinh nghi\u1ec7m c\u00f4ng t\u00e1c trong ng\u00e0nh y, BS.CKI. L\u00ea Th\u1ecb D\u00e2n \u0111\u00e3 nh\u1eadn \u0111\u01b0\u1ee3c b\u1eb1ng khen chi\u1ebfn s\u0129 thi \u0111ua c\u1ea5p T\u1ec9nh v\u00e0o n\u0103m 2010, chi\u1ebfn s\u0129 thi \u0111ua c\u01a1 s\u1edf c\u1ee7a ban b\u1ea3o v\u1ec7, ch\u0103m s\u00f3c s\u1ee9c kh\u1ecfe Trung \u01b0\u01a1ng v\u00e0o n\u0103m 2011, Hu\u00e2n ch\u01b0\u01a1ng lao \u0111\u1ed9ng h\u1ea1ng 3 c\u1ee7a Th\u1ee7 T\u01b0\u1edbng Ch\u00ednh Ph\u1ee7 v\u00e0o n\u0103m 2013. BS.CKI. L\u00ea Th\u1ecb D\u00e2n lu\u00f4n nh\u1eadn \u0111\u01b0\u1ee3c s\u1ef1 \u0111\u00e1nh gi\u00e1 cao c\u1ee7a gi\u1edbi chuy\u00ean m\u00f4n, \u0111\u1ed3ng th\u1eddi \u0111\u01b0\u1ee3c \u0111\u00f4ng \u0111\u1ea3o ng\u01b0\u1eddi b\u1ec7nh tin t\u01b0\u1edfng, t\u00edn nhi\u1ec7m. <\/div><\/header><div class=\"btClear btSeparator topSmallSpaced bottomSemiSpaced border\" ><hr><\/div><div class=\"btClear btSeparator bottomSemiSpaced noBorder bt_bb_hidden_md bt_bb_hidden_lg\" ><hr><\/div><\/div><\/div><div class=\"rowItem col-md-4 col-ms-12 btTextCenter animate animate-fadein btTextIndent btTopVertical btDoublePadding btDarkSkin\" style=\"background-color: rgba(1, 118, 213, 1);\" ><div class=\"rowItemContent\" ><div class=\"btClear btSeparator topSemiSpaced noBorder\" ><hr><\/div><header class=\"header btClear medium  btNormalDash\" ><div class=\"dash\"><h3><span class=\"headline\">Th\u1eddi gian l\u00e0m vi\u1ec7c<\/span><\/h3><\/div><\/header><div class=\"btText\" ><\/div><div class=\"btClear btSeparator topSmallSpaced noBorder\" ><hr><\/div><div class=\"btWorkingHours\" ><div class=\"btWorkingHoursInner\"><div class=\"btWorkingHoursInnerRow\"><div class=\"btWorkingHoursInnerTitle\">Th\u1ee9 2 6:30 AM \u2013 7:00 PM.<br \/><\/div><\/div><div class=\"btWorkingHoursInnerRow\"><div class=\"btWorkingHoursInnerTitle\">Th\u1ee9 3 6:30 AM &#8211; 7:00 PM<br \/><\/div><\/div><div class=\"btWorkingHoursInnerRow\"><div class=\"btWorkingHoursInnerTitle\">Th\u1ee9 4 6:30 AM &#8211; 7:00 PM<br \/><\/div><\/div><div class=\"btWorkingHoursInnerRow\"><div class=\"btWorkingHoursInnerTitle\">Th\u1ee9 5 6:30 AM &#8211; 7:00 PM<br \/><\/div><\/div><div class=\"btWorkingHoursInnerRow\"><div class=\"btWorkingHoursInnerTitle\">Th\u1ee9 6 6:30 AM &#8211; 7:00 PM<br \/><\/div><\/div><div class=\"btWorkingHoursInnerRow\"><div class=\"btWorkingHoursInnerTitle\">Th\u1ee9 7 6:30 AM &#8211; 7:00 PM<br \/><\/div><\/div><div class=\"btWorkingHoursInnerRow\"><div class=\"btWorkingHoursInnerTitle\">Ch\u1ee7 nh\u1eadt 6:30 AM &#8211; 7:00PM<\/div><\/div><\/div><\/div><div class=\"btClear btSeparator topSmallSpaced noBorder\" ><hr><\/div><div class=\"btClear btSeparator topSmallSpaced noBorder\" ><hr><\/div><\/div><\/div><\/div><\/div><\/div><\/div><\/div><\/section><section id=\"bt_section69f8bf93e331d\"  class=\"boldSection topSpaced bottomSpaced gutter inherit\" ><div class=\"port\"><div class=\"boldCell\"><div class=\"boldCellInner\"><div class=\"boldRow\" ><div class=\"boldRowInner\"><div class=\"rowItem col-md-8 col-ms-12 btTextLeft animate animate-fadein animate-moveleft inherit\"  ><div class=\"rowItemContent\" ><header class=\"header btClear extralarge btDash bottomDash  btAccentDash\" ><div class=\"dash\"><h1><span class=\"headline\"><em>Mo\u1ecb ng\u01b0\u1eddi n\u00f3i g\u00ec v\u1ec1 <\/em> <b class=\"animate\">B\u00e1c s\u0129 D\u00e2n<\/b><\/span><\/h1><\/div><div class=\"btSubTitle\">\u0110ang c\u1eadp nh\u1eadt &#8230;<\/div><\/header><div class=\"btClear btSeparator bottomSemiSpaced noBorder\" ><hr><\/div><\/div><\/div><div class=\"rowItem col-md-4 col-ms-12 btTextLeft\"  ><div class=\"rowItemContent\" ><\/div><\/div><\/div><\/div><div class=\"boldRow\" ><div class=\"boldRowInner\"><div class=\"rowItem col-md-4 col-ms-12 btTextLeft animate animate-fadein inherit\"  ><div class=\"rowItemContent\" ><div class=\"btText\" ><\/p>\n<blockquote>\n<p>\u0110ang c\u1eadp nh\u1eadt &#8230;<\/p>\n<\/blockquote>\n<p>\n<\/div><div class=\"btClear btSeparator bottomSmallSpaced noBorder\" ><hr><\/div><div class=\"btIconImageRow\" ><div class=\"bpgPhoto btTextCenter\" ><div class=\"btImage\"><img decoding=\"async\" src=\"\" alt=\"\" title=\"\"><\/div><\/div><\/div><header class=\"header btClear small  btNormalDash\" ><div class=\"dash\"><h4><span class=\"headline\">\u0110ang c\u1eadp nh\u1eadt &#8230;<\/span><\/h4><\/div><\/header><\/div><\/div><div class=\"rowItem col-md-4 col-ms-12 btTextLeft animate animate-fadein inherit\"  ><div class=\"rowItemContent\" ><div class=\"btText\" ><\/p>\n<blockquote>\n<p>\u0110ang c\u1eadp nh\u1eadt &#8230;<\/p>\n<\/blockquote>\n<p>\n<\/div><div class=\"btClear btSeparator bottomSmallSpaced noBorder\" ><hr><\/div><div class=\"btIconImageRow\" ><div class=\"bpgPhoto btTextCenter\" ><div class=\"btImage\"><img decoding=\"async\" src=\"\" alt=\"\" title=\"\"><\/div><\/div><\/div><header class=\"header btClear small  btNormalDash\" ><div class=\"dash\"><h4><span class=\"headline\">\u0110ang c\u1eadp nh\u1eadt &#8230;<\/span><\/h4><\/div><\/header><\/div><\/div><div class=\"rowItem col-md-4 col-ms-12 btTextLeft animate animate-fadein inherit\"  ><div class=\"rowItemContent\" ><div class=\"btText\" ><\/p>\n<blockquote>\n<p>\u0110ang c\u1eadp nh\u1eadt &#8230;<\/p>\n<\/blockquote>\n<p>\n<\/div><div class=\"btClear btSeparator bottomSmallSpaced noBorder\" ><hr><\/div><div class=\"btIconImageRow\" ><div class=\"bpgPhoto btTextCenter\" ><div class=\"btImage\"><img decoding=\"async\" src=\"\" alt=\"\" title=\"\"><\/div><\/div><\/div><header class=\"header btClear small  btNormalDash\" ><div class=\"dash\"><h4><span class=\"headline\">\u0110ang c\u1eadp nh\u1eadt &#8230;<\/span><\/h4><\/div><\/header><\/div><\/div><\/div><\/div><\/div><\/div><\/div><\/section><section id=\"bt_section69f8bf93e4bac\"  class=\"boldSection btDivider topSpaced bottomSpaced btDarkSkin gutter inherit\" style=\"background-color:#0176d5;\"><div class=\"port\"><div class=\"boldCell\"><div class=\"boldCellInner\"><div class=\"boldRow\" ><div class=\"boldRowInner\"><div class=\"rowItem col-md-4 col-ms-12 btTextLeft btTopVertical\"  ><div class=\"rowItemContent\" ><header class=\"header btClear large btDash topDash  btAlternateDash\" ><div class=\"btSuperTitle\">Th\u00f4ng tin <\/div><div class=\"dash\"><h2><span class=\"headline\">B\u00e1c s\u0129 L\u00ea Th\u1ecb D\u00e2n<\/span><\/h2><\/div><\/header><\/div><\/div><div class=\"rowItem col-md-8 col-ms-12 btTextLeft animate animate-fadein animate-moveright btTopVertical btDoublePadding\"  ><div class=\"rowItemContent\" ><div class=\"btTabs tabsHorizontal\" \"><ul class=\"tabsHeader\"><li><span>H\u1ecdc v\u1ea5n<\/span><\/li><li><span>Kinh nghi\u1ec7m<\/span><\/li><\/ul><div class=\"tabPanes tabPanesTabs\"><div class=\"tabPane\">\r\n\t\t\t<div class=\"tabAccordionContent\"><\/p>\n<p>T\u1eeb n\u0103m 1985-1988: Y S\u0129 \u0110a Khoa t\u1ea1i TR\u01af\u1edcNG TRUNG H\u1eccC Y T\u1ebe THU\u1eacN H\u1ea2I<\/p>\n<p>T\u1eeb n\u0103m -1992-1995: B\u00e1c S\u0129 \u0110a Khoa t\u1ea1i TR\u01af\u1edcNG \u0110\u1ea0I H\u1eccC Y D\u01af\u1ee2C TP. H\u1ed2 CH\u00cd MINH<\/p>\n<p>B\u00e1c S\u0129 Chuy\u00ean Khoa 1 Y T\u1ebf C\u1ed9ng \u0110\u1ed3ng t\u1ea1i TR\u01af\u1edcNG \u0110\u1ea0I H\u1eccC Y D\u01af\u1ee2C TP. H\u1ed2 CH\u00cd MINH<\/p>\n<p>\n<\/div>\r\n\t\t<\/div><div class=\"tabPane\">\r\n\t\t\t<div class=\"tabAccordionContent\"><\/p>\n<p>T\u1eeb n\u0103m 1989-1998 Tr\u01b0\u1edfng khoa N\u1ed9i nhi t\u1ea1i TRUNG T\u00c2M Y T\u1ebe NINH H\u1ea2I<\/p>\n<p>T\u1eeb n\u0103m 1998-2017 Tr\u01b0\u1edfng ph\u00f2ng PH\u00d2NG QU\u1ea2N L\u00dd S\u1ee8C KH\u1eceE C\u00c1N B\u1ed8 T\u1ec8NH t\u1ea1i BAN B\u1ea2O V\u1ec6 CH\u0102M S\u00d3C S\u1ee8C KH\u1eceE C\u00c1N B\u1ed8 T\u1ec8NH<\/p>\n<p>\n<\/div>\r\n\t\t<\/div><\/div><\/div><\/div><\/div><\/div><\/div><\/div><\/div><\/div><\/section><section id=\"bt_section69f8bf93e52c8\"  class=\"boldSection topSpaced bottomSemiSpaced gutter inherit\" ><div class=\"port\"><div class=\"boldCell\"><div class=\"boldCellInner\"><div class=\"boldRow\" ><div class=\"boldRowInner\"><div class=\"rowItem col-md-8 col-ms-12 btTextLeft animate animate-fadein inherit\"  ><div class=\"rowItemContent\" ><header class=\"header btClear extralarge btDash bottomDash  btAccentDash\" ><div class=\"btSuperTitle\">B\u00e1c s\u0129 L\u00ea Thi D\u00e2n<\/div><div class=\"dash\"><h1><span class=\"headline\"><b class=\"animate\">Th\u00e0nh t\u00edch <\/b> <em>v\u00e0 Gi\u1ea3i th\u01b0\u1edfng<\/em><\/span><\/h1><\/div><div class=\"btSubTitle\">\u0110ang c\u1eadp nh\u1eadt &#8230;<\/div><\/header><div class=\"btClear btSeparator bottomSemiSpaced noBorder\" ><hr><\/div><\/div><\/div><div class=\"rowItem col-md-4 col-ms-12 btTextLeft\"  ><div class=\"rowItemContent\" ><\/div><\/div><\/div><\/div><div class=\"boldRow\" ><div class=\"boldRowInner\"><div class=\"rowItem btRightBorder col-md-3 col-sm-6 col-ms-12 btTextLeft animate animate-fadein animate-moveup inherit btDoublePadding\"  ><div class=\"rowItemContent\" ><div class=\"btClear btSeparator topSemiSpaced noBorder\" ><hr><\/div><div class=\"btCounterHolder\"><span class=\"btCounter animate\" data-digit-length=\"3\"><span class=\"onedigit p3 d9\" data-digit=\"9\"><span class=\"n0\">0<\/span><span class=\"n1\">1<\/span><span class=\"n2\">2<\/span><span class=\"n3\">3<\/span><span class=\"n4\">4<\/span><span class=\"n5\">5<\/span><span class=\"n6\">6<\/span><span class=\"n7\">7<\/span><span class=\"n8\">8<\/span><span class=\"n9\">9<\/span><span class=\"n0\">0<\/span><\/span><span class=\"onedigit p2 d5\" data-digit=\"5\"><span class=\"n0\">0<\/span><span class=\"n1\">1<\/span><span class=\"n2\">2<\/span><span class=\"n3\">3<\/span><span class=\"n4\">4<\/span><span class=\"n5\">5<\/span><span class=\"n6\">6<\/span><span class=\"n7\">7<\/span><span class=\"n8\">8<\/span><span class=\"n9\">9<\/span><span class=\"n0\">0<\/span><\/span><span class=\"onedigit p1 d%\" data-digit=\"%\"><span>%<\/span><\/span><\/span><\/div><div class=\"btClear btSeparator topSmallSpaced noBorder\" ><hr><\/div><header class=\"header btClear small btDash bottomDash  btAccentDash\" ><div class=\"dash\"><h4><span class=\"headline\"><s>CH\u1eeeA B\u1ec6NH<\/s><\/span><\/h4><\/div><div class=\"btSubTitle\">\u0110ang c\u1eadp nh\u1eadt &#8230;<\/div><\/header><div class=\"btClear btSeparator topSemiSpaced noBorder bt_bb_hidden_xs bt_bb_hidden_ms bt_bb_hidden_sm\" ><hr><\/div><\/div><\/div><div class=\"rowItem btRightBorder col-md-3 col-sm-6 col-ms-12 btTextLeft animate animate-fadein animate-moveup inherit btDoublePadding\"  ><div class=\"rowItemContent\" ><div class=\"btClear btSeparator topSemiSpaced noBorder\" ><hr><\/div><div class=\"btCounterHolder\"><span class=\"btCounter animate\" data-digit-length=\"4\"><span class=\"onedigit p4 d5\" data-digit=\"5\"><span class=\"n0\">0<\/span><span class=\"n1\">1<\/span><span class=\"n2\">2<\/span><span class=\"n3\">3<\/span><span class=\"n4\">4<\/span><span class=\"n5\">5<\/span><span class=\"n6\">6<\/span><span class=\"n7\">7<\/span><span class=\"n8\">8<\/span><span class=\"n9\">9<\/span><span class=\"n0\">0<\/span><\/span><span class=\"onedigit p3 d0\" data-digit=\"0\"><span class=\"n0\">0<\/span><span class=\"n1\">1<\/span><span class=\"n2\">2<\/span><span class=\"n3\">3<\/span><span class=\"n4\">4<\/span><span class=\"n5\">5<\/span><span class=\"n6\">6<\/span><span class=\"n7\">7<\/span><span class=\"n8\">8<\/span><span class=\"n9\">9<\/span><span class=\"n0\">0<\/span><\/span><span class=\"onedigit p2 d0\" data-digit=\"0\"><span class=\"n0\">0<\/span><span class=\"n1\">1<\/span><span class=\"n2\">2<\/span><span class=\"n3\">3<\/span><span class=\"n4\">4<\/span><span class=\"n5\">5<\/span><span class=\"n6\">6<\/span><span class=\"n7\">7<\/span><span class=\"n8\">8<\/span><span class=\"n9\">9<\/span><span class=\"n0\">0<\/span><\/span><span class=\"onedigit p1 d+\" data-digit=\"+\"><span>+<\/span><\/span><\/span><\/div><div class=\"btClear btSeparator topSmallSpaced noBorder\" ><hr><\/div><header class=\"header btClear small btDash bottomDash  btAccentDash\" ><div class=\"dash\"><h4><span class=\"headline\"><s>B\u1ec6NH NH\u00c2N<\/s><\/span><\/h4><\/div><div class=\"btSubTitle\">\u0110ang c\u1eadp nh\u1eadt &#8230;<\/div><\/header><div class=\"btClear btSeparator topSemiSpaced noBorder bt_bb_hidden_xs bt_bb_hidden_ms bt_bb_hidden_sm\" ><hr><\/div><\/div><\/div><div class=\"rowItem btRightBorder col-md-3 col-sm-6 col-ms-12 btTextLeft animate animate-fadein animate-moveup inherit btDoublePadding\"  ><div class=\"rowItemContent\" ><div class=\"btClear btSeparator topSemiSpaced noBorder\" ><hr><\/div><div class=\"btCounterHolder\"><span class=\"btCounter animate\" data-digit-length=\"3\"><span class=\"onedigit p3 d1\" data-digit=\"1\"><span class=\"n0\">0<\/span><span class=\"n1\">1<\/span><span class=\"n2\">2<\/span><span class=\"n3\">3<\/span><span class=\"n4\">4<\/span><span class=\"n5\">5<\/span><span class=\"n6\">6<\/span><span class=\"n7\">7<\/span><span class=\"n8\">8<\/span><span class=\"n9\">9<\/span><span class=\"n0\">0<\/span><\/span><span class=\"onedigit p2 d5\" data-digit=\"5\"><span class=\"n0\">0<\/span><span class=\"n1\">1<\/span><span class=\"n2\">2<\/span><span class=\"n3\">3<\/span><span class=\"n4\">4<\/span><span class=\"n5\">5<\/span><span class=\"n6\">6<\/span><span class=\"n7\">7<\/span><span class=\"n8\">8<\/span><span class=\"n9\">9<\/span><span class=\"n0\">0<\/span><\/span><span class=\"onedigit p1 d+\" data-digit=\"+\"><span>+<\/span><\/span><\/span><\/div><div class=\"btClear btSeparator topSmallSpaced noBorder\" ><hr><\/div><header class=\"header btClear small btDash bottomDash  btAccentDash\" ><div class=\"dash\"><h4><span class=\"headline\"><s>CH\u1ee8NG NH\u1eacN&amp; GI\u1ea2I TH\u01af\u1edeNG<\/s><\/span><\/h4><\/div><div class=\"btSubTitle\">\u0110ang c\u1eadp nh\u1eadt &#8230;<\/div><\/header><div class=\"btClear btSeparator topSemiSpaced noBorder bt_bb_hidden_xs bt_bb_hidden_ms bt_bb_hidden_sm\" ><hr><\/div><\/div><\/div><div class=\"rowItem col-md-3 col-sm-6 col-ms-12 btTextLeft animate animate-fadein animate-moveup inherit btDoublePadding\"  ><div class=\"rowItemContent\" ><div class=\"btClear btSeparator topSemiSpaced noBorder\" ><hr><\/div><div class=\"btCounterHolder\"><span class=\"btCounter animate\" data-digit-length=\"3\"><span class=\"onedigit p3 d2\" data-digit=\"2\"><span class=\"n0\">0<\/span><span class=\"n1\">1<\/span><span class=\"n2\">2<\/span><span class=\"n3\">3<\/span><span class=\"n4\">4<\/span><span class=\"n5\">5<\/span><span class=\"n6\">6<\/span><span class=\"n7\">7<\/span><span class=\"n8\">8<\/span><span class=\"n9\">9<\/span><span class=\"n0\">0<\/span><\/span><span class=\"onedigit p2 d0\" data-digit=\"0\"><span class=\"n0\">0<\/span><span class=\"n1\">1<\/span><span class=\"n2\">2<\/span><span class=\"n3\">3<\/span><span class=\"n4\">4<\/span><span class=\"n5\">5<\/span><span class=\"n6\">6<\/span><span class=\"n7\">7<\/span><span class=\"n8\">8<\/span><span class=\"n9\">9<\/span><span class=\"n0\">0<\/span><\/span><span class=\"onedigit p1 d+\" data-digit=\"+\"><span>+<\/span><\/span><\/span><\/div><div class=\"btClear btSeparator topSmallSpaced noBorder\" ><hr><\/div><header class=\"header btClear small btDash bottomDash  btAccentDash\" ><div class=\"dash\"><h4><span class=\"headline\"><s>N\u0102M KINH NGHI\u1ec6M<\/s><\/span><\/h4><\/div><div class=\"btSubTitle\">\u0110ang c\u1eadp nh\u1eadt &#8230;<\/div><\/header><div class=\"btClear btSeparator topSemiSpaced noBorder bt_bb_hidden_xs bt_bb_hidden_ms bt_bb_hidden_sm\" ><hr><\/div><\/div><\/div><\/div><\/div><\/div><\/div><\/div><\/section><\/p>","protected":false},"excerpt":{"rendered":"","protected":false},"author":1,"featured_media":0,"parent":8,"menu_order":0,"comment_status":"closed","ping_status":"closed","template":"","meta":{"_acf_changed":false,"_monsterinsights_skip_tracking":false,"_monsterinsights_sitenote_active":false,"_monsterinsights_sitenote_note":"","_monsterinsights_sitenote_category":0,"_uf_show_specific_survey":0,"_uf_disable_surveys":false,"footnotes":""},"class_list":["post-2377","page","type-page","status-publish","hentry"],"acf":[],"aioseo_notices":[],"_links":{"self":[{"href":"https:\/\/benhvienthaihoa.vn\/en\/wp-json\/wp\/v2\/pages\/2377","targetHints":{"allow":["GET"]}}],"collection":[{"href":"https:\/\/benhvienthaihoa.vn\/en\/wp-json\/wp\/v2\/pages"}],"about":[{"href":"https:\/\/benhvienthaihoa.vn\/en\/wp-json\/wp\/v2\/types\/page"}],"author":[{"embeddable":true,"href":"https:\/\/benhvienthaihoa.vn\/en\/wp-json\/wp\/v2\/users\/1"}],"replies":[{"embeddable":true,"href":"https:\/\/benhvienthaihoa.vn\/en\/wp-json\/wp\/v2\/comments?post=2377"}],"version-history":[{"count":7,"href":"https:\/\/benhvienthaihoa.vn\/en\/wp-json\/wp\/v2\/pages\/2377\/revisions"}],"predecessor-version":[{"id":3176,"href":"https:\/\/benhvienthaihoa.vn\/en\/wp-json\/wp\/v2\/pages\/2377\/revisions\/3176"}],"up":[{"embeddable":true,"href":"https:\/\/benhvienthaihoa.vn\/en\/wp-json\/wp\/v2\/pages\/8"}],"wp:attachment":[{"href":"https:\/\/benhvienthaihoa.vn\/en\/wp-json\/wp\/v2\/media?parent=2377"}],"curies":[{"name":"wp","href":"https:\/\/api.w.org\/{rel}","templated":true}]}}