{"id":2364,"date":"2022-11-14T03:10:50","date_gmt":"2022-11-14T03:10:50","guid":{"rendered":"https:\/\/benhvienthaihoa.vn\/?page_id=2364"},"modified":"2025-10-23T17:27:40","modified_gmt":"2025-10-23T10:27:40","slug":"bac-si-pham-viet-thai","status":"publish","type":"page","link":"https:\/\/benhvienthaihoa.vn\/en\/doi-ngu-bac-si\/bac-si-pham-viet-thai\/","title":{"rendered":"B\u00e1c s\u0129 Ph\u1ea1m Vi\u1ebft Th\u00e1i"},"content":{"rendered":"<p><section id=\"bt_section69f8be55e85e8\"  class=\"boldSection btDivider topSemiSpaced btDarkSkin gutter inherit\" style=\"background-color:#0176d5;\"><div class=\"port\"><div class=\"boldCell\"><div class=\"boldCellInner\"><div class=\"boldRow\" ><div class=\"boldRowInner\"><div class=\"rowItem col-md-8 col-ms-12 btTextLeft animate animate-fadein animate-moveleft inherit\"  ><div class=\"rowItemContent\" ><div class=\"btClear btSeparator topExtraSmallSpaced bottomExtraSmallSpaced noBorder\" ><hr><\/div><header class=\"header btClear extralarge btDash bottomDash  btAlternateDash\" ><div class=\"btSuperTitle\">B\u00c1C S\u0128 \u0110I\u1ec0U TR\u1eca <\/div><div class=\"dash\"><h1><span class=\"headline\">B\u00e1c s\u0129<br \/><br>Ph\u1ea1m Vi\u1ebft Th\u00e1i<\/span><\/h1><\/div><\/header><\/div><\/div><div class=\"rowItem col-md-4 col-ms-12 btTextLeft btBottomVertical\"  ><div class=\"rowItemContent\" ><div class=\"bpgPhoto btTextCenter\" ><div class=\"btImage\"><img decoding=\"async\" src=\"https:\/\/benhvienthaihoa.vn\/wp-content\/uploads\/2022\/10\/z3842438746041_1368134ef551e876ed3948b18954d9e4-removebg-preview.png\" alt=\"BS Ph\u1ea1m Vi\u1ebft Th\u00e1i\" title=\"BS Ph\u1ea1m Vi\u1ebft Th\u00e1i\"><\/div><\/div><\/div><\/div><\/div><\/div><\/div><\/div><\/div><\/section><section id=\"bt_section69f8be55e8f47\"  class=\"boldSection topSpaced bottomSpaced gutter inherit\" style=\"background-color:#f1f1f1;\"><div class=\"port\"><div class=\"boldCell\"><div class=\"boldCellInner\"><div class=\"boldRow\" ><div class=\"boldRowInner\"><div class=\"rowItem col-md-8 col-ms-12 btTextLeft animate animate-fadein inherit btDoublePadding\"  ><div class=\"rowItemContent\" ><div class=\"btClear btSeparator bottomSemiSpaced border\" ><hr><\/div><header class=\"header btClear large  btNormalDash\" ><div class=\"btSubTitle\">V\u1edbi kinh nghi\u1ec7m 31 n\u0103m kh\u00e1m b\u1ec7nh, ch\u1eefa b\u1ec7nh n\u1ed9i khoa t\u1ed5ng qu\u00e1t, \u0111\u1eb7c bi\u1ec7t chuy\u00ean s\u00e2u v\u1ec1 tim m\u1ea1ch, n\u1ed9i ti\u1ebft &#8211; \u0110\u00e1i th\u00e1o \u0111\u01b0\u1eddng, t\u1eadn t\u00ecnh gi\u1ea3i th\u00edch t\u01b0 v\u1ea5n t\u00ecnh tr\u1ea1ng s\u1ee9c kh\u1ecfe cho ng\u01b0\u1eddi b\u1ec7nh; ch\u1eafc ch\u1eafc ng\u01b0\u1eddi b\u1ec7nh v\u00e0 th\u00e2n nh\u00e2n ng\u01b0\u1eddi b\u1ec7nh s\u1ebd h\u00e0i l\u00f2ng khi \u0111\u1eb7t l\u1ecbch kh\u00e1m n\u1ed9i khoa \u0111\u1ed1i v\u1edbi BSCKII. Ph\u1ea1m Vi\u1ebft Th\u00e1i.<br \/><br><\/div><\/header><div class=\"btClear btSeparator topSmallSpaced bottomSemiSpaced border\" ><hr><\/div><div class=\"boldRow boldInnerRow\" ><\/div><div class=\"btClear btSeparator bottomSemiSpaced noBorder bt_bb_hidden_md bt_bb_hidden_lg\" ><hr><\/div><\/div><\/div><div class=\"rowItem col-md-4 col-ms-12 btTextCenter animate animate-fadein btTextIndent btTopVertical btDoublePadding btDarkSkin\" style=\"background-color: rgba(1, 118, 213, 1);\" ><div class=\"rowItemContent\" ><div class=\"btClear btSeparator topSemiSpaced noBorder\" ><hr><\/div><header class=\"header btClear medium  btNormalDash\" ><div class=\"dash\"><h3><span class=\"headline\">Th\u1eddi gian l\u00e0m vi\u1ec7c<\/span><\/h3><\/div><\/header><div class=\"btText\" ><\/div><div class=\"btClear btSeparator topSmallSpaced noBorder\" ><hr><\/div><div class=\"btWorkingHours\" ><div class=\"btWorkingHoursInner\"><div class=\"btWorkingHoursInnerRow\"><div class=\"btWorkingHoursInnerTitle\">Th\u1ee9 2 6:30 AM \u2013 7:00 PM.<br \/><\/div><\/div><div class=\"btWorkingHoursInnerRow\"><div class=\"btWorkingHoursInnerTitle\">Th\u1ee9 3 6:30 AM &#8211; 7:00 PM<br \/><\/div><\/div><div class=\"btWorkingHoursInnerRow\"><div class=\"btWorkingHoursInnerTitle\">Th\u1ee9 4 6:30 AM &#8211; 7:00 PM<br \/><\/div><\/div><div class=\"btWorkingHoursInnerRow\"><div class=\"btWorkingHoursInnerTitle\">Th\u1ee9 5 6:30 AM &#8211; 7:00 PM<br \/><\/div><\/div><div class=\"btWorkingHoursInnerRow\"><div class=\"btWorkingHoursInnerTitle\">Th\u1ee9 6 6:30 AM &#8211; 7:00 PM<br \/><\/div><\/div><div class=\"btWorkingHoursInnerRow\"><div class=\"btWorkingHoursInnerTitle\">Th\u1ee9 7 6:30 AM &#8211; 7:00 PM<br \/><\/div><\/div><div class=\"btWorkingHoursInnerRow\"><div class=\"btWorkingHoursInnerTitle\">Ch\u1ee7 nh\u1eadt 6:30 AM &#8211; 7:00PM<\/div><\/div><\/div><\/div><div class=\"btClear btSeparator topSmallSpaced noBorder\" ><hr><\/div><div class=\"btClear btSeparator topSmallSpaced noBorder\" ><hr><\/div><\/div><\/div><\/div><\/div><\/div><\/div><\/div><\/section><section id=\"bt_section69f8be55e97b1\"  class=\"boldSection topSpaced bottomSpaced gutter inherit teamdetail-3-custom\" ><div class=\"port\"><div class=\"boldCell\"><div class=\"boldCellInner\"><div class=\"boldRow\" ><div class=\"boldRowInner\"><div class=\"rowItem col-md-8 col-ms-12 btTextLeft animate animate-fadein animate-moveleft inherit\"  ><div class=\"rowItemContent\" ><header class=\"header btClear extralarge btDash bottomDash  btAccentDash\" ><div class=\"dash\"><h1><span class=\"headline\"><em>B\u1ec7nh nh\u00e2n n\u00f3i g\u00ec v\u1ec1 <\/em> <b class=\"animate\">B\u00e1c s\u0129 Th\u00e1i<\/b><\/span><\/h1><\/div><\/header><div class=\"btClear btSeparator bottomSemiSpaced noBorder\" ><hr><\/div><\/div><\/div><div class=\"rowItem col-md-4 col-ms-12 btTextLeft\"  ><div class=\"rowItemContent\" ><\/div><\/div><\/div><\/div><div class=\"boldRow\" ><div class=\"boldRowInner\"><div class=\"rowItem col-md-4 col-ms-12 btTextLeft animate animate-fadein inherit\"  ><div class=\"rowItemContent\" ><div class=\"btText\" ><\/p>\n<blockquote>\n<p>\u00a0\u201cTrong qu\u00e1 tr\u00ecnh th\u0103m kh\u00e1m t\u1ea1i B\u1ec7nh Vi\u1ec7n \u0111a khoa Th\u00e1i H\u00f2a, t\u00f4i \u0111\u01b0\u1ee3c b\u00e1c s\u0129 Th\u00e1i, kh\u00e1m r\u1ea5t k\u0129, h\u1ecfi v\u1ec1 b\u00eanh t\u1eadt v\u00e0 t\u01b0 v\u1ea5n ch\u1ebf \u0111\u1ed9 \u0103n u\u1ed1ng, khuy\u00ean b\u1ea3o b\u1ec7nh nh\u00e2n n\u00ean t\u00ecm t\u00f2i \u0111\u1ecdc tr\u00ean m\u1ea1ng v\u00e0 s\u00e1ch b\u00e1o v\u1ec1 b\u1ec7nh c\u1ee7a m\u00ecnh m\u1eafc ph\u1ea3i. khi th\u1ea5y nh\u1eefng ho\u00e0n c\u1ea3nh \u0111\u1eb7c bi\u1ec7t kh\u00f3 kh\u0103n, b\u00e1c s\u0129 Th\u00e1i c\u0169ng kh\u00f4ng t\u00ednh ti\u1ec1n cho b\u1ec7nh nh\u00e2n, ni\u1ec1m n\u1edf, ch\u0103m s\u00f3c t\u1eadn t\u00ecnh v\u00e0 d\u1eb7n d\u00f2 chu \u0111\u00e1o nh\u01b0 ng\u01b0\u1eddi th\u00e2n \u0111\u00fang nh\u01b0 l\u1eddi B\u00e1c d\u1ea1y L\u01b0\u01a1ng Y nh\u01b0 t\u1eeb m\u1eabu\u201d<\/p>\n<\/blockquote>\n<p>\n<\/div><div class=\"btClear btSeparator bottomSmallSpaced noBorder\" ><hr><\/div><div class=\"btIconImageRow\" ><\/div><header class=\"header btClear small  btNormalDash\" ><\/header><\/div><\/div><div class=\"rowItem col-md-4 col-ms-12 btTextLeft animate animate-fadein inherit\"  ><div class=\"rowItemContent\" ><div class=\"btText\" ><\/p>\n<blockquote>\n<div class=\"btText\">\n<p>\u00a0\u201cC\u00f4 \u0111i kh\u00e1m t\u1ed5ng qu\u00e1t nhi\u1ec1u n\u0103m qua \u1edf r\u1ea5t nhi\u1ec1u n\u01a1i c\u00f3 c\u1ea3 b\u1ec7nh vi\u1ec7n l\u1edbn t\u1ea1i Th\u00e0nh ph\u1ed1 H\u1ed3 Ch\u00ed Minh. Nh\u01b0ng sau \u0111\u00f3 \u0111\u01b0\u1ee3c ng\u01b0\u1eddi quen gi\u1edbi thi\u1ec7u t\u1edbi kh\u00e1m t\u1ea1i B\u1ec7nh Vi\u1ec7n \u0110a Khoa Th\u00e1i H\u00f2a. C\u00f4 c\u1ea3m th\u1ea5y B\u00e1c s\u0129 Ph\u1ea1m vi\u1ebft \u00a0Th\u00e1i r\u1ea5t \u00e2n c\u1ea7n, nh\u1eb9 nh\u00e0ng, chu \u0111\u00e1o, ni\u1ec1m n\u1edf, gi\u1ea3i th\u00edch cho b\u1ec7nh nh\u00e2n r\u1ea5t t\u1ec9 m\u1ec9, chu \u0111\u00e1o v\u00e0 nhi\u1ec7t t\u00ecnh. Th\u01b0\u1eddng xuy\u00ean g\u1ecdi \u0111i\u1ec7n h\u1ecfi th\u0103m s\u1ee9c kh\u1ecfe c\u1ee7a c\u00f4. Mong ph\u00f2ng kh\u00e1m ti\u1ebfp t\u1ee5c qu\u00e1n tri\u1ec7t cho \u0111\u1ed9i ng\u0169 CBVC t\u1ea1i B\u1ec7nh vi\u1ec7n ph\u00e1t huy t\u1ed1t t\u1ea5m g\u01b0\u01a1ng y \u0111\u1ee9c ph\u1ee5c v\u1ee5 cho nh\u00e2n d\u00e2n\u2026\u201d<\/p>\n<\/div>\n<\/blockquote>\n<p>\n<\/div><div class=\"btClear btSeparator bottomSmallSpaced noBorder\" ><hr><\/div><div class=\"btIconImageRow\" ><\/div><header class=\"header btClear small  btNormalDash\" ><\/header><\/div><\/div><div class=\"rowItem col-md-4 col-ms-12 btTextLeft animate animate-fadein inherit\"  ><div class=\"rowItemContent\" ><div class=\"btText\" ><\/p>\n<blockquote>\n<p>\u201cT\u1eeb th\u00e1ng 7\/2020, \u00a0t\u00f4i \u0111\u1ebfn kh\u00e1m t\u1ea1i BV\u0110K Th\u00e1i H\u00f2a v\u00e0 \u0111\u01b0\u1ee3c B\u00e1c s\u0129 Ph\u1ea1m Vi\u1ebft Th\u00e1i ch\u1ea9n \u0111o\u00e1n ti\u1ec3u \u0111\u01b0\u1eddng, lo\u00e3ng x\u01b0\u01a1ng v\u00e0 vi\u00eam lo\u00e9t d\u1ea1 d\u00e0y. Theo \u0111\u1ec1 ngh\u1ecb c\u1ee7a b\u00e1c s\u0129 t\u00f4i ph\u1ea3i u\u1ed1ng thu\u1ed1c v\u00e0 t\u1edbi th\u0103m kh\u00e1m m\u1ed7i th\u00e1ng \u00a0\u0111\u1ec3 \u0111i\u1ec1u tr\u1ecb, Trong su\u1ed1t 1 n\u0103m t\u00f4i \u0111i\u1ec1u tr\u1ecb \u0111\u1ebfn nay b\u1ec7nh t\u00ecnh t\u00f4i c\u0169ng \u0111\u00e3 ti\u1ebfn tri\u1ec3n r\u00f5 r\u1ec7t, kh\u00f4ng c\u00f2n m\u1ec7t m\u1ecfi nh\u01b0 tr\u01b0\u1edbc n\u1eefa, l\u00fac tr\u01b0\u1edbc ph\u1ea3i c\u00f3 ng\u01b0\u1eddi \u0111\u1ea9y xe l\u0103n \u0111i. Nay \u0111\u00e3 t\u1ef1 m\u00ecnh \u0111i \u0111\u01b0\u1ee3c.Nh\u01b0ng \u0111i\u1ec1u l\u00e0m t\u00f4i th\u1ef1c s\u1ef1 h\u00e0i l\u00f2ng l\u00e0 th\u00e1i \u0111\u1ed9 c\u1ee7a b\u00e1c s\u0129 Th\u00e1i. Kh\u00f4ng ch\u1ec9 v\u1edbi ri\u00eang b\u1ea3n th\u00e2n t\u00f4i m\u00e0 h\u1ea7u h\u1ebft b\u1ec7nh nh\u00e2n \u0111\u1ebfn \u0111\u00e2y \u0111\u1ec1u c\u00f3 c\u1ea3m nh\u1eadn chung \u0111\u00f3 l\u00e0 s\u1ef1 t\u1eadn t\u00ecnh, t\u1eadn t\u00e2m, \u00e2n c\u1ea7n khi th\u0103m kh\u00e1m.\u0110\u00f3 th\u1eadt s\u1ef1 l\u00e0 \u0111i\u1ec3m s\u00e1ng gi\u00fap cho t\u00e2m l\u00fd c\u1ee7a b\u1ec7nh nh\u00e2n c\u1ea3m th\u1ea5y \u0111\u01b0\u1ee3c s\u1ef1 tin t\u01b0\u1edfng\u201d.<\/p>\n<\/blockquote>\n<p>\n<\/div><div class=\"btClear btSeparator bottomSmallSpaced noBorder\" ><hr><\/div><div class=\"btIconImageRow\" ><\/div><header class=\"header btClear small  btNormalDash\" ><\/header><\/div><\/div><\/div><\/div><\/div><\/div><\/div><\/section><section id=\"bt_section69f8be55ea469\"  class=\"boldSection btDivider topSpaced bottomSpaced btDarkSkin gutter inherit\" style=\"background-color:#0176d5;\"><div class=\"port\"><div class=\"boldCell\"><div class=\"boldCellInner\"><div class=\"boldRow\" ><div class=\"boldRowInner\"><div class=\"rowItem col-md-4 col-ms-12 btTextLeft btTopVertical\"  ><div class=\"rowItemContent\" ><header class=\"header btClear large btDash topDash  btAlternateDash\" ><div class=\"btSuperTitle\">Ti\u1ec3u s\u1eed<\/div><div class=\"dash\"><h2><span class=\"headline\">B\u00e1c s\u0129 Ph\u1ea1m Vi\u1ebft Th\u00e1i<\/span><\/h2><\/div><\/header><\/div><\/div><div class=\"rowItem col-md-8 col-ms-12 btTextLeft animate animate-fadein animate-moveright btTopVertical btDoublePadding\"  ><div class=\"rowItemContent\" ><div class=\"btTabs tabsHorizontal\" \"><ul class=\"tabsHeader\"><li><span>H\u1ecdc v\u1ea5n<\/span><\/li><li><span>Kinh nghi\u1ec7m<\/span><\/li><\/ul><div class=\"tabPanes tabPanesTabs\"><div class=\"tabPane\">\r\n\t\t\t<div class=\"tabAccordionContent\"><\/p>\n<p>N\u0103m 1991: B\u00e1c S\u0129 Y \u0110a Khoa t\u1ea1i \u0110AI H\u1eccC Y D\u01af\u1ee2C TP. H\u1ed2 CH\u00cd MINH.<\/p>\n<p>N\u0103m 2018: B\u00e1c S\u0129 Chuy\u00ean Khoa II N\u1ed9i Khoa V\u1edbi Lu\u1eadn \u00c1n Chuy\u00ean Ngh\u00e0nh V\u1ec1 Tim M\u1ea1ch &#8211; N\u1ed9ii Ti\u1ebft t\u1ea1i N\u0103m 2018: B\u00e1c S\u0129 Chuy\u00ean Khoa Ii N\u1ed9i Khoa V\u1edbi Lu\u1eadn \u00c1n Chuy\u00ean Ngh\u00e0nh V\u1ec1 Tim M\u1ea1ch &#8211; N\u1ed9ii Ti\u1ebft<\/p>\n<p>N\u0103m 1998: Si\u00eau \u00c2m Tim V\u00e0 B\u1ec7nh L\u00fd Tim M\u1ea1ch t\u1ea1i TRUNG T\u00c2M \u0110\u00c0O T\u1ea0O V\u00c0 B\u1ed2I D\u01af\u1ee0NG C\u00c1N B\u1ed8 Y T\u1ebe TH\u00c0NH PH\u1ed0<\/p>\n<p>N\u0103m 2012: Si\u00eau \u00c2m Doppler M\u1ea1ch M\u00e1u t\u1ea1i B\u1ec6NH VI\u1ec6N \u0110A KHOA T\u1ec8NH NINH THU\u1eacN<\/p>\n<p>N\u0103m 2013: Kh\u00f3a T\u1eadp Hu\u1ea5n Chu\u1ea9n \u0110o\u00e1n H\u00ecnh \u1ea2nh S\u1ea3n Ph\u1ee5 Khoa N\u00e2ng Cao yai\u00a0 B\u1ec6NH VI\u1ec6N T\u1eea D\u0168<\/p>\n<p>\n<\/div>\r\n\t\t<\/div><div class=\"tabPane\">\r\n\t\t\t<div class=\"tabAccordionContent\"><\/p>\n<p>T\u1eeb n\u0103m 1991-1997 B\u00e1c s\u0129 khoa Khoa H\u1ed3i S\u1ee9c C\u1ea5p C\u1ee9u. t\u1ea1i B\u1ec6NH VI\u1ec6N \u0110A KHOA T\u1ec8NH NINH THU\u1eacN<\/p>\n<p>T\u1eeb n\u0103m 1998-2007 Tr\u01b0\u1edfng khoa N\u1ed9i t\u1ed5ng h\u1ee3p t\u1ea1i B\u1ec6NH VI\u1ec6N \u0110A KHOA T\u1ec8NH NINH THU\u1eacN<\/p>\n<p>T\u1eeb n\u0103m 2008-2012 Ph\u00f3 ph\u00f2ng t\u1ea1i Ph\u00f2ng k\u1ebf ho\u1ea1ch t\u1ed5ng h\u1ee3p t\u1ea1i B\u1ec6NH VI\u1ec6N \u0110A KHOA T\u1ec8NH NINH THU\u1eacN<\/p>\n<p>T\u1eeb n\u0103m 2013-2020 Tr\u01b0\u1edfng ph\u00f2ng Ph\u00f2ng Qu\u1ea3n L\u00fd Ch\u1ea5t L\u01b0\u1ee3ng &#8211; Qu\u1ea3n L\u00fd An To\u00e0n Y T\u1ebf t\u1ea1i B\u1ec6NH VI\u1ec6N \u0110A KHOA T\u1ec8NH NINH THU\u1eacN<\/p>\n<p>T\u1eeb T4\/2021 \u0111\u1ebfn nay Ph\u00f3 Gi\u00e1m \u0110\u1ed1c B\u1ec7nh Vi\u1ec7n \u0110a Khoa t\u1ea1i B\u1ec6NH VI\u1ec6N \u0110A KHOA T\u1ec8NH NINH THU\u1eacN<\/p>\n<p>\n<\/div>\r\n\t\t<\/div><\/div><\/div><\/div><\/div><\/div><\/div><\/div><\/div><\/div><\/section><section id=\"bt_section69f8be55eac90\"  class=\"boldSection topSpaced bottomSemiSpaced gutter inherit\" ><div class=\"port\"><div class=\"boldCell\"><div class=\"boldCellInner\"><div class=\"boldRow\" ><div class=\"boldRowInner\"><div class=\"rowItem col-md-8 col-ms-12 btTextLeft animate animate-fadein inherit\"  ><div class=\"rowItemContent\" ><header class=\"header btClear extralarge btDash bottomDash  btAccentDash\" ><div class=\"btSuperTitle\">B\u00e1c s\u0129 Ph\u1ea1m Vi\u1ebft Th\u00e1i<\/div><div class=\"dash\"><h1><span class=\"headline\"><b class=\"animate\">Th\u00e0nh t\u00edch <\/b> <em>v\u00e0 Gi\u1ea3i th\u01b0\u1edfng<\/em><\/span><\/h1><\/div><div class=\"btSubTitle\">\u0110ang c\u1eadp nh\u1eadt &#8230;<\/div><\/header><div class=\"btClear btSeparator bottomSemiSpaced noBorder\" ><hr><\/div><\/div><\/div><div class=\"rowItem col-md-4 col-ms-12 btTextLeft\"  ><div class=\"rowItemContent\" ><\/div><\/div><\/div><\/div><div class=\"boldRow\" ><div class=\"boldRowInner\"><div class=\"rowItem btRightBorder col-md-3 col-sm-6 col-ms-12 btTextLeft animate animate-fadein animate-moveup inherit btDoublePadding\"  ><div class=\"rowItemContent\" ><div class=\"btClear btSeparator topSemiSpaced noBorder\" ><hr><\/div><div class=\"btCounterHolder\"><span class=\"btCounter animate\" data-digit-length=\"3\"><span class=\"onedigit p3 d9\" data-digit=\"9\"><span class=\"n0\">0<\/span><span class=\"n1\">1<\/span><span class=\"n2\">2<\/span><span class=\"n3\">3<\/span><span class=\"n4\">4<\/span><span class=\"n5\">5<\/span><span class=\"n6\">6<\/span><span class=\"n7\">7<\/span><span class=\"n8\">8<\/span><span class=\"n9\">9<\/span><span class=\"n0\">0<\/span><\/span><span class=\"onedigit p2 d5\" data-digit=\"5\"><span class=\"n0\">0<\/span><span class=\"n1\">1<\/span><span class=\"n2\">2<\/span><span class=\"n3\">3<\/span><span class=\"n4\">4<\/span><span class=\"n5\">5<\/span><span class=\"n6\">6<\/span><span class=\"n7\">7<\/span><span class=\"n8\">8<\/span><span class=\"n9\">9<\/span><span class=\"n0\">0<\/span><\/span><span class=\"onedigit p1 d%\" data-digit=\"%\"><span>%<\/span><\/span><\/span><\/div><div class=\"btClear btSeparator topSmallSpaced noBorder\" ><hr><\/div><header class=\"header btClear small btDash bottomDash  btAccentDash\" ><div class=\"dash\"><h4><span class=\"headline\"><s>CH\u1eeeA B\u1ec6NH<\/s><\/span><\/h4><\/div><div class=\"btSubTitle\">\u0110ang c\u1eadp nh\u1eadt &#8230;<\/div><\/header><div class=\"btClear btSeparator topSemiSpaced noBorder bt_bb_hidden_xs bt_bb_hidden_ms bt_bb_hidden_sm\" ><hr><\/div><\/div><\/div><div class=\"rowItem btRightBorder col-md-3 col-sm-6 col-ms-12 btTextLeft animate animate-fadein animate-moveup inherit btDoublePadding\"  ><div class=\"rowItemContent\" ><div class=\"btClear btSeparator topSemiSpaced noBorder\" ><hr><\/div><div class=\"btCounterHolder\"><span class=\"btCounter animate\" data-digit-length=\"4\"><span class=\"onedigit p4 d5\" data-digit=\"5\"><span class=\"n0\">0<\/span><span class=\"n1\">1<\/span><span class=\"n2\">2<\/span><span class=\"n3\">3<\/span><span class=\"n4\">4<\/span><span class=\"n5\">5<\/span><span class=\"n6\">6<\/span><span class=\"n7\">7<\/span><span class=\"n8\">8<\/span><span class=\"n9\">9<\/span><span class=\"n0\">0<\/span><\/span><span class=\"onedigit p3 d0\" data-digit=\"0\"><span class=\"n0\">0<\/span><span class=\"n1\">1<\/span><span class=\"n2\">2<\/span><span class=\"n3\">3<\/span><span class=\"n4\">4<\/span><span class=\"n5\">5<\/span><span class=\"n6\">6<\/span><span class=\"n7\">7<\/span><span class=\"n8\">8<\/span><span class=\"n9\">9<\/span><span class=\"n0\">0<\/span><\/span><span class=\"onedigit p2 d0\" data-digit=\"0\"><span class=\"n0\">0<\/span><span class=\"n1\">1<\/span><span class=\"n2\">2<\/span><span class=\"n3\">3<\/span><span class=\"n4\">4<\/span><span class=\"n5\">5<\/span><span class=\"n6\">6<\/span><span class=\"n7\">7<\/span><span class=\"n8\">8<\/span><span class=\"n9\">9<\/span><span class=\"n0\">0<\/span><\/span><span class=\"onedigit p1 d+\" data-digit=\"+\"><span>+<\/span><\/span><\/span><\/div><div class=\"btClear btSeparator topSmallSpaced noBorder\" ><hr><\/div><header class=\"header btClear small btDash bottomDash  btAccentDash\" ><div class=\"dash\"><h4><span class=\"headline\"><s>B\u1ec6NH NH\u00c2N<\/s><\/span><\/h4><\/div><div class=\"btSubTitle\">\u0110ang c\u1eadp nh\u1eadt &#8230;<\/div><\/header><div class=\"btClear btSeparator topSemiSpaced noBorder bt_bb_hidden_xs bt_bb_hidden_ms bt_bb_hidden_sm\" ><hr><\/div><\/div><\/div><div class=\"rowItem btRightBorder col-md-3 col-sm-6 col-ms-12 btTextLeft animate animate-fadein animate-moveup inherit btDoublePadding\"  ><div class=\"rowItemContent\" ><div class=\"btClear btSeparator topSemiSpaced noBorder\" ><hr><\/div><div class=\"btCounterHolder\"><span class=\"btCounter animate\" data-digit-length=\"3\"><span class=\"onedigit p3 d1\" data-digit=\"1\"><span class=\"n0\">0<\/span><span class=\"n1\">1<\/span><span class=\"n2\">2<\/span><span class=\"n3\">3<\/span><span class=\"n4\">4<\/span><span class=\"n5\">5<\/span><span class=\"n6\">6<\/span><span class=\"n7\">7<\/span><span class=\"n8\">8<\/span><span class=\"n9\">9<\/span><span class=\"n0\">0<\/span><\/span><span class=\"onedigit p2 d5\" data-digit=\"5\"><span class=\"n0\">0<\/span><span class=\"n1\">1<\/span><span class=\"n2\">2<\/span><span class=\"n3\">3<\/span><span class=\"n4\">4<\/span><span class=\"n5\">5<\/span><span class=\"n6\">6<\/span><span class=\"n7\">7<\/span><span class=\"n8\">8<\/span><span class=\"n9\">9<\/span><span class=\"n0\">0<\/span><\/span><span class=\"onedigit p1 d+\" data-digit=\"+\"><span>+<\/span><\/span><\/span><\/div><div class=\"btClear btSeparator topSmallSpaced noBorder\" ><hr><\/div><header class=\"header btClear small btDash bottomDash  btAccentDash\" ><div class=\"dash\"><h4><span class=\"headline\"><s>CH\u1ee8NG NH\u1eacN&amp; GI\u1ea2I TH\u01af\u1edeNG<\/s><\/span><\/h4><\/div><div class=\"btSubTitle\">\u0110ang c\u1eadp nh\u1eadt &#8230;<\/div><\/header><div class=\"btClear btSeparator topSemiSpaced noBorder bt_bb_hidden_xs bt_bb_hidden_ms bt_bb_hidden_sm\" ><hr><\/div><\/div><\/div><div class=\"rowItem col-md-3 col-sm-6 col-ms-12 btTextLeft animate animate-fadein animate-moveup inherit btDoublePadding\"  ><div class=\"rowItemContent\" ><div class=\"btClear btSeparator topSemiSpaced noBorder\" ><hr><\/div><div class=\"btCounterHolder\"><span class=\"btCounter animate\" data-digit-length=\"3\"><span class=\"onedigit p3 d2\" data-digit=\"2\"><span class=\"n0\">0<\/span><span class=\"n1\">1<\/span><span class=\"n2\">2<\/span><span class=\"n3\">3<\/span><span class=\"n4\">4<\/span><span class=\"n5\">5<\/span><span class=\"n6\">6<\/span><span class=\"n7\">7<\/span><span class=\"n8\">8<\/span><span class=\"n9\">9<\/span><span class=\"n0\">0<\/span><\/span><span class=\"onedigit p2 d0\" data-digit=\"0\"><span class=\"n0\">0<\/span><span class=\"n1\">1<\/span><span class=\"n2\">2<\/span><span class=\"n3\">3<\/span><span class=\"n4\">4<\/span><span class=\"n5\">5<\/span><span class=\"n6\">6<\/span><span class=\"n7\">7<\/span><span class=\"n8\">8<\/span><span class=\"n9\">9<\/span><span class=\"n0\">0<\/span><\/span><span class=\"onedigit p1 d+\" data-digit=\"+\"><span>+<\/span><\/span><\/span><\/div><div class=\"btClear btSeparator topSmallSpaced noBorder\" ><hr><\/div><header class=\"header btClear small btDash bottomDash  btAccentDash\" ><div class=\"dash\"><h4><span class=\"headline\"><s>N\u0102M KINH NGHI\u1ec6M<\/s><\/span><\/h4><\/div><div class=\"btSubTitle\">\u0110ang c\u1eadp nh\u1eadt &#8230;<\/div><\/header><div class=\"btClear btSeparator topSemiSpaced noBorder bt_bb_hidden_xs bt_bb_hidden_ms bt_bb_hidden_sm\" ><hr><\/div><\/div><\/div><\/div><\/div><\/div><\/div><\/div><\/section><\/p>","protected":false},"excerpt":{"rendered":"","protected":false},"author":1,"featured_media":0,"parent":8,"menu_order":0,"comment_status":"closed","ping_status":"closed","template":"","meta":{"_acf_changed":false,"_monsterinsights_skip_tracking":false,"_monsterinsights_sitenote_active":false,"_monsterinsights_sitenote_note":"","_monsterinsights_sitenote_category":0,"_uf_show_specific_survey":0,"_uf_disable_surveys":false,"footnotes":""},"class_list":["post-2364","page","type-page","status-publish","hentry"],"acf":[],"aioseo_notices":[],"_links":{"self":[{"href":"https:\/\/benhvienthaihoa.vn\/en\/wp-json\/wp\/v2\/pages\/2364","targetHints":{"allow":["GET"]}}],"collection":[{"href":"https:\/\/benhvienthaihoa.vn\/en\/wp-json\/wp\/v2\/pages"}],"about":[{"href":"https:\/\/benhvienthaihoa.vn\/en\/wp-json\/wp\/v2\/types\/page"}],"author":[{"embeddable":true,"href":"https:\/\/benhvienthaihoa.vn\/en\/wp-json\/wp\/v2\/users\/1"}],"replies":[{"embeddable":true,"href":"https:\/\/benhvienthaihoa.vn\/en\/wp-json\/wp\/v2\/comments?post=2364"}],"version-history":[{"count":12,"href":"https:\/\/benhvienthaihoa.vn\/en\/wp-json\/wp\/v2\/pages\/2364\/revisions"}],"predecessor-version":[{"id":4452,"href":"https:\/\/benhvienthaihoa.vn\/en\/wp-json\/wp\/v2\/pages\/2364\/revisions\/4452"}],"up":[{"embeddable":true,"href":"https:\/\/benhvienthaihoa.vn\/en\/wp-json\/wp\/v2\/pages\/8"}],"wp:attachment":[{"href":"https:\/\/benhvienthaihoa.vn\/en\/wp-json\/wp\/v2\/media?parent=2364"}],"curies":[{"name":"wp","href":"https:\/\/api.w.org\/{rel}","templated":true}]}}