{"id":2332,"date":"2022-11-13T17:25:22","date_gmt":"2022-11-13T17:25:22","guid":{"rendered":"https:\/\/benhvienthaihoa.vn\/?page_id=2332"},"modified":"2023-03-25T17:13:44","modified_gmt":"2023-03-25T10:13:44","slug":"bac-si-thien-anh-thuan","status":"publish","type":"page","link":"https:\/\/benhvienthaihoa.vn\/en\/doi-ngu-bac-si\/bac-si-thien-anh-thuan\/","title":{"rendered":"B\u00e1c s\u0129 Thi\u00ean \u00c1nh Thu\u1ea7n"},"content":{"rendered":"<p><section id=\"bt_section69f8e51d1689c\"  class=\"boldSection btDivider topSemiSpaced btDarkSkin gutter inherit\" style=\"background-color:#0176d5;\"><div class=\"port\"><div class=\"boldCell\"><div class=\"boldCellInner\"><div class=\"boldRow\" ><div class=\"boldRowInner\"><div class=\"rowItem col-md-8 col-ms-12 btTextLeft animate animate-fadein animate-moveleft inherit\"  ><div class=\"rowItemContent\" ><div class=\"btClear btSeparator topExtraSmallSpaced bottomExtraSmallSpaced noBorder\" ><hr><\/div><header class=\"header btClear extralarge btDash bottomDash  btAlternateDash\" ><div class=\"btSuperTitle\">B\u00c1C S\u0128 \u0110I\u1ec0U TR\u1eca<\/div><div class=\"dash\"><h1><span class=\"headline\">B\u00e1c s\u0129<br \/><br>Thi\u00ean \u00c1nh Thu\u1ea7n<\/span><\/h1><\/div><\/header><\/div><\/div><div class=\"rowItem col-md-4 col-ms-12 btTextLeft btBottomVertical\"  ><div class=\"rowItemContent\" ><div class=\"bpgPhoto btTextCenter\" ><div class=\"btImage\"><img decoding=\"async\" src=\"https:\/\/benhvienthaihoa.vn\/wp-content\/uploads\/2023\/03\/unknow-male-doctor-1.jpg\" alt=\"\" title=\"\"><\/div><\/div><\/div><\/div><\/div><\/div><\/div><\/div><\/div><\/section><section id=\"bt_section69f8e51d17060\"  class=\"boldSection topSpaced bottomSpaced gutter inherit\" style=\"background-color:#f1f1f1;\"><div class=\"port\"><div class=\"boldCell\"><div class=\"boldCellInner\"><div class=\"boldRow\" ><div class=\"boldRowInner\"><div class=\"rowItem col-md-8 col-ms-12 btTextLeft animate animate-fadein inherit btDoublePadding\"  ><div class=\"rowItemContent\" ><div class=\"btClear btSeparator bottomSemiSpaced border\" ><hr><\/div><header class=\"header btClear large  btNormalDash\" ><div class=\"btSubTitle\">T\u1ed1t nghi\u1ec7p B\u00e1c S\u0129 \u0111a khoa t\u1ea1i \u0110\u1ea1i H\u1ecdc Y T\u00e2y Nguy\u00ean. V\u1edbi h\u01a1n 7 n\u0103m kinh nghi\u1ec7m kh\u00e1m v\u00e0 ch\u1eefa b\u1ec7nh chuy\u00ean khoa ngo\u1ea1i ch\u1ea5n th\u01b0\u01a1ng ch\u1ec9nh h\u00ecnh v\u00e0 \u0111\u01b0\u1ee3c \u0111\u00e0o t\u1ea1o c\u00e1c k\u1ef9 thu\u1eadt t\u1ea1i B\u1ec7nh Vi\u1ec7n Ch\u1ea5n Th\u01b0\u01a1ng Ch\u1ec9nh H\u00ecnh TP H\u1ed3 Ch\u00ed Minh. Trong qu\u00e1 tr\u00ecnh c\u00f4ng t\u00e1c t\u1ea1i B\u1ec7nh Vi\u1ec7n T\u1ec9nh Ninh Thu\u1eadn nh\u1eadn \u0111\u01b0\u1ee3c gi\u1ea5y khen th\u01b0\u1edfng c\u1ee7a S\u1edf Y T\u1ebf t\u1ec9nh Ninh Thu\u1eadn.<br \/><br><\/div><\/header><div class=\"btClear btSeparator topSmallSpaced bottomSemiSpaced border\" ><hr><\/div><div class=\"boldRow boldInnerRow\" ><\/div><div class=\"btClear btSeparator bottomSemiSpaced noBorder bt_bb_hidden_md bt_bb_hidden_lg\" ><hr><\/div><\/div><\/div><div class=\"rowItem col-md-4 col-ms-12 btTextCenter animate animate-fadein btTextIndent btTopVertical btDoublePadding btDarkSkin\" style=\"background-color: rgba(1, 118, 213, 1);\" ><div class=\"rowItemContent\" ><div class=\"btClear btSeparator topSemiSpaced noBorder\" ><hr><\/div><header class=\"header btClear medium  btNormalDash\" ><div class=\"dash\"><h3><span class=\"headline\">Th\u1eddi gian l\u00e0m vi\u1ec7c<\/span><\/h3><\/div><\/header><div class=\"btText\" ><\/div><div class=\"btClear btSeparator topSmallSpaced noBorder\" ><hr><\/div><div class=\"btWorkingHours\" ><div class=\"btWorkingHoursInner\"><div class=\"btWorkingHoursInnerRow\"><div class=\"btWorkingHoursInnerTitle\">Th\u1ee9 2 6:30 AM \u2013 7:00 PM.<br \/><\/div><\/div><div class=\"btWorkingHoursInnerRow\"><div class=\"btWorkingHoursInnerTitle\">Th\u1ee9 3 6:30 AM &#8211; 7:00 PM<br \/><\/div><\/div><div class=\"btWorkingHoursInnerRow\"><div class=\"btWorkingHoursInnerTitle\">Th\u1ee9 4 6:30 AM &#8211; 7:00 PM<br \/><\/div><\/div><div class=\"btWorkingHoursInnerRow\"><div class=\"btWorkingHoursInnerTitle\">Th\u1ee9 5 6:30 AM &#8211; 7:00 PM<br \/><\/div><\/div><div class=\"btWorkingHoursInnerRow\"><div class=\"btWorkingHoursInnerTitle\">Th\u1ee9 6 6:30 AM &#8211; 7:00 PM<br \/><\/div><\/div><div class=\"btWorkingHoursInnerRow\"><div class=\"btWorkingHoursInnerTitle\">Th\u1ee9 7 6:30 AM &#8211; 7:00 PM<br \/><\/div><\/div><div class=\"btWorkingHoursInnerRow\"><div class=\"btWorkingHoursInnerTitle\">Ch\u1ee7 nh\u1eadt 6:30 AM &#8211; 7:00PM<\/div><\/div><\/div><\/div><div class=\"btClear btSeparator topSmallSpaced noBorder\" ><hr><\/div><div class=\"btClear btSeparator topSmallSpaced noBorder\" ><hr><\/div><\/div><\/div><\/div><\/div><\/div><\/div><\/div><\/section><section id=\"bt_section69f8e51d1771d\"  class=\"boldSection topSpaced bottomSpaced gutter inherit\" ><div class=\"port\"><div class=\"boldCell\"><div class=\"boldCellInner\"><div class=\"boldRow\" ><div class=\"boldRowInner\"><div class=\"rowItem col-md-8 col-ms-12 btTextLeft animate animate-fadein animate-moveleft inherit\"  ><div class=\"rowItemContent\" ><header class=\"header btClear extralarge btDash bottomDash  btAccentDash\" ><div class=\"dash\"><h1><span class=\"headline\"><em>Mo\u1ecb ng\u01b0\u1eddi n\u00f3i g\u00ec v\u1ec1 <\/em> <b class=\"animate\">B\u00e1c s\u0129 Thu\u1ea7n<\/b><\/span><\/h1><\/div><div class=\"btSubTitle\">\u0110ang c\u1eadp nh\u1eadt &#8230;<\/div><\/header><div class=\"btClear btSeparator bottomSemiSpaced noBorder\" ><hr><\/div><\/div><\/div><div class=\"rowItem col-md-4 col-ms-12 btTextLeft\"  ><div class=\"rowItemContent\" ><\/div><\/div><\/div><\/div><div class=\"boldRow\" ><div class=\"boldRowInner\"><div class=\"rowItem col-md-4 col-ms-12 btTextLeft animate animate-fadein inherit\"  ><div class=\"rowItemContent\" ><div class=\"btText\" ><\/p>\n<blockquote>\n<p>\u0110ang c\u1eadp nh\u1eadt &#8230;<\/p>\n<\/blockquote>\n<p>\n<\/div><div class=\"btClear btSeparator bottomSmallSpaced noBorder\" ><hr><\/div><div class=\"btIconImageRow\" ><\/div><header class=\"header btClear small  btNormalDash\" ><div class=\"dash\"><h4><span class=\"headline\">\u0110ang c\u1eadp nh\u1eadt &#8230;<\/span><\/h4><\/div><\/header><\/div><\/div><div class=\"rowItem col-md-4 col-ms-12 btTextLeft animate animate-fadein inherit\"  ><div class=\"rowItemContent\" ><div class=\"btText\" ><\/p>\n<blockquote>\n<p>\u0110ang c\u1eadp nh\u1eadt &#8230;<\/p>\n<\/blockquote>\n<p>\n<\/div><div class=\"btClear btSeparator bottomSmallSpaced noBorder\" ><hr><\/div><div class=\"btIconImageRow\" ><\/div><header class=\"header btClear small  btNormalDash\" ><div class=\"dash\"><h4><span class=\"headline\">\u0110ang c\u1eadp nh\u1eadt &#8230;<\/span><\/h4><\/div><\/header><\/div><\/div><div class=\"rowItem col-md-4 col-ms-12 btTextLeft animate animate-fadein inherit\"  ><div class=\"rowItemContent\" ><div class=\"btText\" ><\/p>\n<blockquote>\n<p>\u0110ang c\u1eadp nh\u1eadt &#8230;<\/p>\n<\/blockquote>\n<p>\n<\/div><div class=\"btClear btSeparator bottomSmallSpaced noBorder\" ><hr><\/div><div class=\"btIconImageRow\" ><\/div><header class=\"header btClear small  btNormalDash\" ><div class=\"dash\"><h4><span class=\"headline\">\u0110ang c\u1eadp nh\u1eadt &#8230;<\/span><\/h4><\/div><\/header><\/div><\/div><\/div><\/div><\/div><\/div><\/div><\/section><section id=\"bt_section69f8e51d181c0\"  class=\"boldSection btDivider topSpaced bottomSpaced btDarkSkin gutter inherit\" style=\"background-color:#0176d5;\"><div class=\"port\"><div class=\"boldCell\"><div class=\"boldCellInner\"><div class=\"boldRow\" ><div class=\"boldRowInner\"><div class=\"rowItem col-md-4 col-ms-12 btTextLeft btTopVertical\"  ><div class=\"rowItemContent\" ><header class=\"header btClear large btDash topDash  btAlternateDash\" ><div class=\"btSuperTitle\">Th\u00f4ng tin <\/div><div class=\"dash\"><h2><span class=\"headline\">B\u00e1c s\u0129<br \/><br>Thi\u00ean \u00c1nh Thu\u1ea7n<\/span><\/h2><\/div><\/header><\/div><\/div><div class=\"rowItem col-md-8 col-ms-12 btTextLeft animate animate-fadein animate-moveright btTopVertical btDoublePadding\"  ><div class=\"rowItemContent\" ><div class=\"btTabs tabsHorizontal\" \"><ul class=\"tabsHeader\"><li><span>H\u1ecdc v\u1ea5n<\/span><\/li><li><span>Kinh nghi\u1ec7m<\/span><\/li><\/ul><div class=\"tabPanes tabPanesTabs\"><div class=\"tabPane\">\r\n\t\t\t<div class=\"tabAccordionContent\"><\/p>\n<p>T\u1eea N\u0102M 2009-2015: B\u00c1C S\u0128 \u0110A KHOA T\u1ea0I \u0110\u1ea0I H\u1eccC Y T\u00c2Y NGUY\u00caN &#8211; \u0110\u1ea0I H\u1eccC Y D\u01af\u1ee2C TP. H\u1ed2 CH\u00cd<\/p>\n<p>T\u1eea N\u0102M 2015-2016: \u0110\u1ecaNH H\u01af\u01a0NG CHUY\u00caN KHOA CH\u1ea4N TH\u01af\u01a0NG CH\u1ec8NH T\u1ea0I B\u1ec6NH VI\u1ec6N CH\u1ea4N TH\u01af\u01a0NG CH\u1ec8NH H\u00ccNH TP. H\u1ed2 CH\u00cd MINH<\/p>\n<p>T\u1eea 6\/2020: L\u1edaP K\u0128 THU\u1eacT TI\u00caM G\u00c2N V\u00c0 TI\u00caM KH\u1edaP T\u1ea0I TR\u01af\u1edcNG \u0110\u1ea0I H\u1eccC Y D\u01af\u1ee2C TP. H\u1ed2 CH\u00cd MINH<\/p>\n<p>\n<\/div>\r\n\t\t<\/div><div class=\"tabPane\">\r\n\t\t\t<div class=\"tabAccordionContent\"><\/p>\n<p>T\u1eea N\u0102M 2015-2022 B\u00c1C S\u0128 \u0110I\u1ec0U TR\u1eca NGO\u1ea0I CH\u1ea4N TH\u01af\u01a0NG CH\u1ec8NH H\u00ccNH T\u1ea0I B\u1ec6NH VI\u1ec6N \u0110A KHOA T\u1ec8NH NINH THU\u1eacN<\/p>\n<p>T\u1eea N\u0102M 2017-2022 B\u00c1C S\u0128 \u0110I\u1ec0U TR\u1eca PH\u00d2NG KH\u00c1M NGO\u1ea0I T\u1ea0I PH\u00d2NG KH\u00c1M \u0110A KHOA TH\u00c1I H\u00d2A<\/p>\n<p>\n<\/div>\r\n\t\t<\/div><\/div><\/div><\/div><\/div><\/div><\/div><\/div><\/div><\/div><\/section><section id=\"bt_section69f8e51d18802\"  class=\"boldSection topSpaced bottomSemiSpaced gutter inherit\" ><div class=\"port\"><div class=\"boldCell\"><div class=\"boldCellInner\"><div class=\"boldRow\" ><div class=\"boldRowInner\"><div class=\"rowItem col-md-8 col-ms-12 btTextLeft animate animate-fadein inherit\"  ><div class=\"rowItemContent\" ><header class=\"header btClear extralarge btDash bottomDash  btAccentDash\" ><div class=\"btSuperTitle\">B\u00e1c s\u0129 Thi\u00ean \u00c1nh Thu\u1ea7n<\/div><div class=\"dash\"><h1><span class=\"headline\"><b class=\"animate\">Th\u00e0nh t\u00edch <\/b> <em>v\u00e0 Gi\u1ea3i th\u01b0\u1edfng<\/em><\/span><\/h1><\/div><div class=\"btSubTitle\">\u0110ang c\u1eadp nh\u1eadt &#8230;<\/div><\/header><div class=\"btClear btSeparator bottomSemiSpaced noBorder\" ><hr><\/div><\/div><\/div><div class=\"rowItem col-md-4 col-ms-12 btTextLeft\"  ><div class=\"rowItemContent\" ><\/div><\/div><\/div><\/div><div class=\"boldRow\" ><div class=\"boldRowInner\"><div class=\"rowItem btRightBorder col-md-3 col-sm-6 col-ms-12 btTextLeft animate animate-fadein animate-moveup inherit btDoublePadding\"  ><div class=\"rowItemContent\" ><div class=\"btClear btSeparator topSemiSpaced noBorder\" ><hr><\/div><div class=\"btCounterHolder\"><span class=\"btCounter animate\" data-digit-length=\"3\"><span class=\"onedigit p3 d9\" data-digit=\"9\"><span class=\"n0\">0<\/span><span class=\"n1\">1<\/span><span class=\"n2\">2<\/span><span class=\"n3\">3<\/span><span class=\"n4\">4<\/span><span class=\"n5\">5<\/span><span class=\"n6\">6<\/span><span class=\"n7\">7<\/span><span class=\"n8\">8<\/span><span class=\"n9\">9<\/span><span class=\"n0\">0<\/span><\/span><span class=\"onedigit p2 d5\" data-digit=\"5\"><span class=\"n0\">0<\/span><span class=\"n1\">1<\/span><span class=\"n2\">2<\/span><span class=\"n3\">3<\/span><span class=\"n4\">4<\/span><span class=\"n5\">5<\/span><span class=\"n6\">6<\/span><span class=\"n7\">7<\/span><span class=\"n8\">8<\/span><span class=\"n9\">9<\/span><span class=\"n0\">0<\/span><\/span><span class=\"onedigit p1 d%\" data-digit=\"%\"><span>%<\/span><\/span><\/span><\/div><div class=\"btClear btSeparator topSmallSpaced noBorder\" ><hr><\/div><header class=\"header btClear small btDash bottomDash  btAccentDash\" ><div class=\"dash\"><h4><span class=\"headline\"><s>CH\u1eeeA B\u1ec6NH<\/s><\/span><\/h4><\/div><div class=\"btSubTitle\">\u0110ang c\u1eadp nh\u1eadt &#8230;<\/div><\/header><div class=\"btClear btSeparator topSemiSpaced noBorder bt_bb_hidden_xs bt_bb_hidden_ms bt_bb_hidden_sm\" ><hr><\/div><\/div><\/div><div class=\"rowItem btRightBorder col-md-3 col-sm-6 col-ms-12 btTextLeft animate animate-fadein animate-moveup inherit btDoublePadding\"  ><div class=\"rowItemContent\" ><div class=\"btClear btSeparator topSemiSpaced noBorder\" ><hr><\/div><div class=\"btCounterHolder\"><span class=\"btCounter animate\" data-digit-length=\"4\"><span class=\"onedigit p4 d5\" data-digit=\"5\"><span class=\"n0\">0<\/span><span class=\"n1\">1<\/span><span class=\"n2\">2<\/span><span class=\"n3\">3<\/span><span class=\"n4\">4<\/span><span class=\"n5\">5<\/span><span class=\"n6\">6<\/span><span class=\"n7\">7<\/span><span class=\"n8\">8<\/span><span class=\"n9\">9<\/span><span class=\"n0\">0<\/span><\/span><span class=\"onedigit p3 d0\" data-digit=\"0\"><span class=\"n0\">0<\/span><span class=\"n1\">1<\/span><span class=\"n2\">2<\/span><span class=\"n3\">3<\/span><span class=\"n4\">4<\/span><span class=\"n5\">5<\/span><span class=\"n6\">6<\/span><span class=\"n7\">7<\/span><span class=\"n8\">8<\/span><span class=\"n9\">9<\/span><span class=\"n0\">0<\/span><\/span><span class=\"onedigit p2 d0\" data-digit=\"0\"><span class=\"n0\">0<\/span><span class=\"n1\">1<\/span><span class=\"n2\">2<\/span><span class=\"n3\">3<\/span><span class=\"n4\">4<\/span><span class=\"n5\">5<\/span><span class=\"n6\">6<\/span><span class=\"n7\">7<\/span><span class=\"n8\">8<\/span><span class=\"n9\">9<\/span><span class=\"n0\">0<\/span><\/span><span class=\"onedigit p1 d+\" data-digit=\"+\"><span>+<\/span><\/span><\/span><\/div><div class=\"btClear btSeparator topSmallSpaced noBorder\" ><hr><\/div><header class=\"header btClear small btDash bottomDash  btAccentDash\" ><div class=\"dash\"><h4><span class=\"headline\"><s>B\u1ec6NH NH\u00c2N<\/s><\/span><\/h4><\/div><div class=\"btSubTitle\">\u0110ang c\u1eadp nh\u1eadt &#8230;<\/div><\/header><div class=\"btClear btSeparator topSemiSpaced noBorder bt_bb_hidden_xs bt_bb_hidden_ms bt_bb_hidden_sm\" ><hr><\/div><\/div><\/div><div class=\"rowItem btRightBorder col-md-3 col-sm-6 col-ms-12 btTextLeft animate animate-fadein animate-moveup inherit btDoublePadding\"  ><div class=\"rowItemContent\" ><div class=\"btClear btSeparator topSemiSpaced noBorder\" ><hr><\/div><div class=\"btCounterHolder\"><span class=\"btCounter animate\" data-digit-length=\"3\"><span class=\"onedigit p3 d1\" data-digit=\"1\"><span class=\"n0\">0<\/span><span class=\"n1\">1<\/span><span class=\"n2\">2<\/span><span class=\"n3\">3<\/span><span class=\"n4\">4<\/span><span class=\"n5\">5<\/span><span class=\"n6\">6<\/span><span class=\"n7\">7<\/span><span class=\"n8\">8<\/span><span class=\"n9\">9<\/span><span class=\"n0\">0<\/span><\/span><span class=\"onedigit p2 d5\" data-digit=\"5\"><span class=\"n0\">0<\/span><span class=\"n1\">1<\/span><span class=\"n2\">2<\/span><span class=\"n3\">3<\/span><span class=\"n4\">4<\/span><span class=\"n5\">5<\/span><span class=\"n6\">6<\/span><span class=\"n7\">7<\/span><span class=\"n8\">8<\/span><span class=\"n9\">9<\/span><span class=\"n0\">0<\/span><\/span><span class=\"onedigit p1 d+\" data-digit=\"+\"><span>+<\/span><\/span><\/span><\/div><div class=\"btClear btSeparator topSmallSpaced noBorder\" ><hr><\/div><header class=\"header btClear small btDash bottomDash  btAccentDash\" ><div class=\"dash\"><h4><span class=\"headline\"><s>CH\u1ee8NG NH\u1eacN&amp; GI\u1ea2I TH\u01af\u1edeNG<\/s><\/span><\/h4><\/div><div class=\"btSubTitle\">\u0110ang c\u1eadp nh\u1eadt &#8230;<\/div><\/header><div class=\"btClear btSeparator topSemiSpaced noBorder bt_bb_hidden_xs bt_bb_hidden_ms bt_bb_hidden_sm\" ><hr><\/div><\/div><\/div><div class=\"rowItem col-md-3 col-sm-6 col-ms-12 btTextLeft animate animate-fadein animate-moveup inherit btDoublePadding\"  ><div class=\"rowItemContent\" ><div class=\"btClear btSeparator topSemiSpaced noBorder\" ><hr><\/div><div class=\"btCounterHolder\"><span class=\"btCounter animate\" data-digit-length=\"3\"><span class=\"onedigit p3 d2\" data-digit=\"2\"><span class=\"n0\">0<\/span><span class=\"n1\">1<\/span><span class=\"n2\">2<\/span><span class=\"n3\">3<\/span><span class=\"n4\">4<\/span><span class=\"n5\">5<\/span><span class=\"n6\">6<\/span><span class=\"n7\">7<\/span><span class=\"n8\">8<\/span><span class=\"n9\">9<\/span><span class=\"n0\">0<\/span><\/span><span class=\"onedigit p2 d0\" data-digit=\"0\"><span class=\"n0\">0<\/span><span class=\"n1\">1<\/span><span class=\"n2\">2<\/span><span class=\"n3\">3<\/span><span class=\"n4\">4<\/span><span class=\"n5\">5<\/span><span class=\"n6\">6<\/span><span class=\"n7\">7<\/span><span class=\"n8\">8<\/span><span class=\"n9\">9<\/span><span class=\"n0\">0<\/span><\/span><span class=\"onedigit p1 d+\" data-digit=\"+\"><span>+<\/span><\/span><\/span><\/div><div class=\"btClear btSeparator topSmallSpaced noBorder\" ><hr><\/div><header class=\"header btClear small btDash bottomDash  btAccentDash\" ><div class=\"dash\"><h4><span class=\"headline\"><s>N\u0102M KINH NGHI\u1ec6M<\/s><\/span><\/h4><\/div><div class=\"btSubTitle\">\u0110ang c\u1eadp nh\u1eadt &#8230;<\/div><\/header><div class=\"btClear btSeparator topSemiSpaced noBorder bt_bb_hidden_xs bt_bb_hidden_ms bt_bb_hidden_sm\" ><hr><\/div><\/div><\/div><\/div><\/div><\/div><\/div><\/div><\/section><\/p>","protected":false},"excerpt":{"rendered":"","protected":false},"author":1,"featured_media":0,"parent":8,"menu_order":0,"comment_status":"closed","ping_status":"closed","template":"","meta":{"_acf_changed":false,"_monsterinsights_skip_tracking":false,"_monsterinsights_sitenote_active":false,"_monsterinsights_sitenote_note":"","_monsterinsights_sitenote_category":0,"_uf_show_specific_survey":0,"_uf_disable_surveys":false,"footnotes":""},"class_list":["post-2332","page","type-page","status-publish","hentry"],"acf":[],"aioseo_notices":[],"_links":{"self":[{"href":"https:\/\/benhvienthaihoa.vn\/en\/wp-json\/wp\/v2\/pages\/2332","targetHints":{"allow":["GET"]}}],"collection":[{"href":"https:\/\/benhvienthaihoa.vn\/en\/wp-json\/wp\/v2\/pages"}],"about":[{"href":"https:\/\/benhvienthaihoa.vn\/en\/wp-json\/wp\/v2\/types\/page"}],"author":[{"embeddable":true,"href":"https:\/\/benhvienthaihoa.vn\/en\/wp-json\/wp\/v2\/users\/1"}],"replies":[{"embeddable":true,"href":"https:\/\/benhvienthaihoa.vn\/en\/wp-json\/wp\/v2\/comments?post=2332"}],"version-history":[{"count":10,"href":"https:\/\/benhvienthaihoa.vn\/en\/wp-json\/wp\/v2\/pages\/2332\/revisions"}],"predecessor-version":[{"id":3403,"href":"https:\/\/benhvienthaihoa.vn\/en\/wp-json\/wp\/v2\/pages\/2332\/revisions\/3403"}],"up":[{"embeddable":true,"href":"https:\/\/benhvienthaihoa.vn\/en\/wp-json\/wp\/v2\/pages\/8"}],"wp:attachment":[{"href":"https:\/\/benhvienthaihoa.vn\/en\/wp-json\/wp\/v2\/media?parent=2332"}],"curies":[{"name":"wp","href":"https:\/\/api.w.org\/{rel}","templated":true}]}}