{"id":1915,"date":"2022-10-24T08:38:43","date_gmt":"2022-10-24T08:38:43","guid":{"rendered":"https:\/\/benhvienthaihoa.vn\/?page_id=1915"},"modified":"2022-12-27T10:23:00","modified_gmt":"2022-12-27T03:23:00","slug":"bac-si-nguyen-thanh-binh","status":"publish","type":"page","link":"https:\/\/benhvienthaihoa.vn\/en\/doi-ngu-bac-si\/bac-si-nguyen-thanh-binh\/","title":{"rendered":"B\u00e1c s\u0129 Nguy\u1ec5n Thanh B\u00ecnh"},"content":{"rendered":"<p><section id=\"bt_section69f8d1c206461\"  class=\"boldSection btDivider topSemiSpaced btDarkSkin gutter inherit\" style=\"background-color:#0176d5;\"><div class=\"port\"><div class=\"boldCell\"><div class=\"boldCellInner\"><div class=\"boldRow\" ><div class=\"boldRowInner\"><div class=\"rowItem col-md-8 col-ms-12 btTextLeft animate animate-fadein animate-moveleft inherit\"  ><div class=\"rowItemContent\" ><div class=\"btClear btSeparator topExtraSmallSpaced bottomExtraSmallSpaced noBorder\" ><hr><\/div><header class=\"header btClear extralarge  btNormalDash\" ><div class=\"btSuperTitle\">TR\u01af\u1edeNG KHOA CHU\u1ea8N \u0110O\u00c1N H\u00ccNH \u1ea2NH<\/div><div class=\"dash\"><h1><span class=\"headline\">B\u00e1c s\u0129<\/span><\/h1><\/div><\/header><header class=\"header btClear extralarge btDash bottomDash  btAlternateDash\" ><div class=\"dash\"><h1><span class=\"headline\">Nguy\u1ec5n Thanh B\u00ecnh<\/span><\/h1><\/div><\/header><\/div><\/div><div class=\"rowItem col-md-4 col-ms-12 btTextLeft btBottomVertical\"  ><div class=\"rowItemContent\" ><div class=\"bpgPhoto btTextCenter\" ><div class=\"btImage\"><img decoding=\"async\" src=\"https:\/\/benhvienthaihoa.vn\/wp-content\/uploads\/2022\/12\/z3991653257588_5ba8990d7351bee827c181bc1b6b78bf-removebg-preview.png\" alt=\"\" title=\"\"><\/div><\/div><\/div><\/div><\/div><\/div><\/div><\/div><\/div><\/section><section id=\"bt_section69f8d1c206bd2\"  class=\"boldSection topSpaced bottomSpaced gutter inherit\" style=\"background-color:#f1f1f1;\"><div class=\"port\"><div class=\"boldCell\"><div class=\"boldCellInner\"><div class=\"boldRow\" ><div class=\"boldRowInner\"><div class=\"rowItem col-md-8 col-ms-12 btTextLeft animate animate-fadein inherit btDoublePadding\"  ><div class=\"rowItemContent\" ><div class=\"btClear btSeparator bottomSemiSpaced border\" ><hr><\/div><header class=\"header btClear large  btNormalDash\" ><div class=\"btSubTitle\">BS. CKI. Nguy\u1ec5n Thanh B\u00ecnh, t\u1ed1t nghi\u1ec7p chuy\u00ean ng\u00e0nh ch\u1ea9n \u0111o\u00e1n h\u00ecnh \u1ea3nh \u0110HYD Hu\u1ebf n\u0103m 2006. Tr\u01b0\u1edfng khoa ch\u1ea9n \u0111o\u00e1n h\u00ecnh \u1ea3nh \u2013 N\u1ed9i soi ti\u00eau h\u00f3a B\u1ec7nh vi\u1ec7n T\u00e2m Tr\u00ed \u2013 Nha Trang giai \u0111o\u1ea1n n\u0103m 2014-2016 v\u00e0 2018-2022. Tr\u01b0\u1edfng \u0111\u01a1n nguy\u00ean n\u1ed9i soi ti\u00eau h\u00f3a B\u1ec7nh vi\u1ec7n Vinmec &#8211; Nha Trang giai \u0111o\u1ea1n n\u0103m 2016-2018. Tr\u01b0\u1edfng khoa chu\u1ea9n \u0111o\u00e1n h\u00ecnh \u1ea3nh \u2013 N\u1ed9i soi ti\u00eau h\u00f3a B\u1ec7nh vi\u1ec7n Th\u00e1i H\u00f2a t\u1eeb th\u00e1ng 10 n\u0103m 2022. BS Nguy\u1ec5n Thanh B\u00ecnh c\u00f3 h\u01a1n 15 n\u0103m kinh nghi\u1ec7m v\u1ec1 n\u1ed9i soi ch\u1ea9n \u0111o\u00e1n, can thi\u1ec7p b\u1ec7nh l\u00fd th\u1ef1c qu\u1ea3n d\u1ea1 d\u00e0y, \u0111\u1ea1i tr\u00e0ng. V\u1edbi kinh nghi\u1ec7m chuy\u00ean s\u00e2u v\u1ec1 n\u1ed9i soi ch\u1ea9n \u0111o\u00e1n v\u00e0 n\u1ed9i soi can thi\u1ec7p v\u1edbi d\u1ecbch v\u1ee5 kh\u00f4ng \u0111au, lu\u00f4n l\u00e0 l\u1ef1a ch\u1ecdn tin c\u1eady cho ng\u01b0\u1eddi b\u1ec7nh \u0111ang c\u00f3 c\u00e1c v\u1ea5n \u0111\u1ec1 v\u1ec1 d\u1ea1 d\u00e0y, \u0111\u1ea1i tr\u00e0ng v\u00e0 \u0111\u1eb7c bi\u1ec7t cho qu\u00fd kh\u00e1ch tr\u00ean 40 tu\u1ed5i mu\u1ed1n t\u1ea7m so\u00e1t ung th\u01b0 \u0111\u01b0\u1eddng ti\u00eau h\u00f3a, qua \u0111\u00f3 c\u1eaft polyp \u0111\u1ea1i tr\u00e0ng n\u1ebfu c\u00f3 \u0111\u1ec3 ng\u1eeba ung th\u01b0 \u0111\u1ea1i tr\u00e0ng.<\/div><\/header><div class=\"btClear btSeparator topSmallSpaced bottomSemiSpaced border\" ><hr><\/div><div class=\"boldRow boldInnerRow\" ><\/div><div class=\"btClear btSeparator bottomSemiSpaced noBorder bt_bb_hidden_md bt_bb_hidden_lg\" ><hr><\/div><\/div><\/div><div class=\"rowItem col-md-4 col-ms-12 btTextCenter animate animate-fadein btTextIndent btTopVertical btDoublePadding btDarkSkin\" style=\"background-color: rgba(1, 118, 213, 1);\" ><div class=\"rowItemContent\" ><div class=\"btClear btSeparator topSemiSpaced noBorder\" ><hr><\/div><header class=\"header btClear medium  btNormalDash\" ><div class=\"dash\"><h3><span class=\"headline\">Th\u1eddi gian l\u00e0m vi\u1ec7c<\/span><\/h3><\/div><\/header><div class=\"btText\" ><\/div><div class=\"btClear btSeparator topSmallSpaced noBorder\" ><hr><\/div><div class=\"btWorkingHours\" ><div class=\"btWorkingHoursInner\"><div class=\"btWorkingHoursInnerRow\"><div class=\"btWorkingHoursInnerTitle\">Th\u1ee9 2 6:30 AM \u2013 7:00 PM.<br \/><\/div><\/div><div class=\"btWorkingHoursInnerRow\"><div class=\"btWorkingHoursInnerTitle\">Th\u1ee9 3 6:30 AM &#8211; 7:00 PM<br \/><\/div><\/div><div class=\"btWorkingHoursInnerRow\"><div class=\"btWorkingHoursInnerTitle\">Th\u1ee9 4 6:30 AM &#8211; 7:00 PM<br \/><\/div><\/div><div class=\"btWorkingHoursInnerRow\"><div class=\"btWorkingHoursInnerTitle\">Th\u1ee9 5 6:30 AM &#8211; 7:00 PM<br \/><\/div><\/div><div class=\"btWorkingHoursInnerRow\"><div class=\"btWorkingHoursInnerTitle\">Th\u1ee9 6 6:30 AM &#8211; 7:00 PM<br \/><\/div><\/div><div class=\"btWorkingHoursInnerRow\"><div class=\"btWorkingHoursInnerTitle\">Th\u1ee9 7 6:30 AM &#8211; 7:00 PM<br \/><\/div><\/div><div class=\"btWorkingHoursInnerRow\"><div class=\"btWorkingHoursInnerTitle\">Ch\u1ee7 nh\u1eadt 6:30 AM &#8211; 7:00PM<\/div><\/div><\/div><\/div><div class=\"btClear btSeparator topSmallSpaced noBorder\" ><hr><\/div><div class=\"btClear btSeparator topSmallSpaced noBorder\" ><hr><\/div><\/div><\/div><\/div><\/div><\/div><\/div><\/div><\/section><section id=\"bt_section69f8d1c207284\"  class=\"boldSection topSpaced bottomSpaced gutter inherit\" ><div class=\"port\"><div class=\"boldCell\"><div class=\"boldCellInner\"><div class=\"boldRow\" ><div class=\"boldRowInner\"><div class=\"rowItem col-md-8 col-ms-12 btTextLeft animate animate-fadein animate-moveleft inherit\"  ><div class=\"rowItemContent\" ><header class=\"header btClear extralarge btDash bottomDash  btAccentDash\" ><div class=\"dash\"><h1><span class=\"headline\"><em>Mo\u1ecb ng\u01b0\u1eddi n\u00f3i g\u00ec v\u1ec1 <\/em> <b class=\"animate\">B\u00e1c s\u0129 B\u00ecnh<\/b><\/span><\/h1><\/div><div class=\"btSubTitle\">Appropriately empower dynamic leadership skills after business portals. Globally myocardinate interactive supply chains with distinctive quality vectors.<\/div><\/header><div class=\"btClear btSeparator bottomSemiSpaced noBorder\" ><hr><\/div><\/div><\/div><div class=\"rowItem col-md-4 col-ms-12 btTextLeft\"  ><div class=\"rowItemContent\" ><\/div><\/div><\/div><\/div><div class=\"boldRow\" ><div class=\"boldRowInner\"><div class=\"rowItem col-md-4 col-ms-12 btTextLeft animate animate-fadein inherit\"  ><div class=\"rowItemContent\" ><div class=\"btText\" ><\/p>\n<blockquote>\n<p>\u0110ang c\u1eadp nh\u1eadt &#8230;<\/p>\n<\/blockquote>\n<p>\n<\/div><div class=\"btClear btSeparator bottomSmallSpaced noBorder\" ><hr><\/div><div class=\"btIconImageRow\" ><div class=\"bpgPhoto btTextCenter\" ><div class=\"btImage\"><img decoding=\"async\" src=\"\" alt=\"\" title=\"\"><\/div><\/div><\/div><header class=\"header btClear small  btNormalDash\" ><div class=\"dash\"><h4><span class=\"headline\">\u0110ang c\u1eadp nh\u1eadt &#8230;<\/span><\/h4><\/div><\/header><\/div><\/div><div class=\"rowItem col-md-4 col-ms-12 btTextLeft animate animate-fadein inherit\"  ><div class=\"rowItemContent\" ><div class=\"btText\" ><\/p>\n<blockquote>\n<p>\u0110ang c\u1eadp nh\u1eadt &#8230;<\/p>\n<\/blockquote>\n<p>\n<\/div><div class=\"btClear btSeparator bottomSmallSpaced noBorder\" ><hr><\/div><div class=\"btIconImageRow\" ><div class=\"bpgPhoto btTextCenter\" ><div class=\"btImage\"><img decoding=\"async\" src=\"\" alt=\"\" title=\"\"><\/div><\/div><\/div><header class=\"header btClear small  btNormalDash\" ><div class=\"dash\"><h4><span class=\"headline\">\u0110ang c\u1eadp nh\u1eadt &#8230;<\/span><\/h4><\/div><\/header><\/div><\/div><div class=\"rowItem col-md-4 col-ms-12 btTextLeft animate animate-fadein inherit\"  ><div class=\"rowItemContent\" ><div class=\"btText\" ><\/p>\n<blockquote>\n<p>\u0110ang c\u1eadp nh\u1eadt &#8230;<\/p>\n<\/blockquote>\n<p>\n<\/div><div class=\"btClear btSeparator bottomSmallSpaced noBorder\" ><hr><\/div><div class=\"btIconImageRow\" ><div class=\"bpgPhoto btTextCenter\" ><div class=\"btImage\"><img decoding=\"async\" src=\"\" alt=\"\" title=\"\"><\/div><\/div><\/div><header class=\"header btClear small  btNormalDash\" ><div class=\"dash\"><h4><span class=\"headline\">\u0110ang c\u1eadp nh\u1eadt &#8230;<\/span><\/h4><\/div><\/header><\/div><\/div><\/div><\/div><\/div><\/div><\/div><\/section><section id=\"bt_section69f8d1c208490\"  class=\"boldSection btDivider topSpaced bottomSpaced btDarkSkin gutter inherit\" style=\"background-color:#0176d5;\"><div class=\"port\"><div class=\"boldCell\"><div class=\"boldCellInner\"><div class=\"boldRow\" ><div class=\"boldRowInner\"><div class=\"rowItem col-md-4 col-ms-12 btTextLeft btTopVertical\"  ><div class=\"rowItemContent\" ><header class=\"header btClear large btDash topDash  btAlternateDash\" ><div class=\"btSuperTitle\">B\u00e1c s\u0129 Nguy\u1ec5n Thanh B\u00ecnh<\/div><div class=\"dash\"><h2><span class=\"headline\">Th\u00f4ng tin <\/span><\/h2><\/div><\/header><\/div><\/div><div class=\"rowItem col-md-8 col-ms-12 btTextLeft animate animate-fadein animate-moveright btTopVertical btDoublePadding\"  ><div class=\"rowItemContent\" ><div class=\"btTabs tabsHorizontal\" \"><ul class=\"tabsHeader\"><li><span>H\u1ecdc v\u1ea5n<\/span><\/li><li><span>Kinh nghi\u1ec7m<\/span><\/li><\/ul><div class=\"tabPanes tabPanesTabs\"><div class=\"tabPane\">\r\n\t\t\t<div class=\"tabAccordionContent\"><\/p>\n<p>T\u1eeb n\u0103m\u00a0 1995-2001 h\u1ecdc Y \u0110a Khoa t\u1ea1i NINH THU\u1eacN<\/p>\n<p>T\u1eeb n\u0103m 2004-2006 h\u1ecdc Chu\u1ea9n \u0111o\u00e1n h\u00ecnh \u1ea3nh t\u1ea1i \u0110\u1ea0I H\u1eccC Y D\u01af\u1ee2C HU\u1ebe<\/p>\n<p>T\u1eeb n\u0103m 2018-2022 h\u1ecdc Ch\u1ee9ng ch\u1ec9 \u0111\u00e0o t\u1ea1o li\u00ean tuch n\u1ed9i soi \u0111i\u1ec1u tr\u1ecb t\u1ea1i B\u1ec6NH VI\u1ec6N CH\u1ee2 R\u1eaaY<\/p>\n<p>\n<\/div>\r\n\t\t<\/div><div class=\"tabPane\">\r\n\t\t\t<div class=\"tabAccordionContent\"><\/p>\n<p>T\u1eeb n\u0103m 2001-2004 l\u00e0 b\u00e1c s\u0129 kh\u00e1m c\u1ea5p c\u1ee9u t\u1ea1i B\u1ec6NH VI\u1ec6N \u0110A KHOA V\u1ea0N NINH -KH\u00c1NH H\u00d2A<\/p>\n<p>T\u1eeb n\u0103m 2005-2013 l\u00e0 tr\u01b0\u1edfng khoa chu\u1ea9n \u0111o\u00e1n h\u00ecnh \u1ea3nh &#8211; x\u00e9t nghi\u1ec7m t\u1ea1i B\u1ec6NH VI\u1ec6N \u0110A KHOA V\u1ea0N NINH -KH\u00c1NH H\u00d2A<\/p>\n<p>T\u1eeb n\u0103m 2014-2016 l\u00e0 tr\u01b0\u1edfng khoa chu\u1ea9n \u0111o\u00e1n h\u00ecnh \u1ea3nh &#8211; n\u1ed9i soi ti\u00eau h\u00f3a t\u1ea1i B\u1ec6NH VI\u1ec6N T\u00c2M TR\u00cd<\/p>\n<p>T\u1eeb n\u0103m 2016-2018l\u00e0 tr\u01b0\u1edfng \u0111\u01a1n nguy\u00ean n\u1ed9i soi ti\u00eau h\u00f3a t\u1ea1i B\u1ec6NH VI\u1ec6N VINMEC NHA TRANG<\/p>\n<p>\n<\/div>\r\n\t\t<\/div><\/div><\/div><\/div><\/div><\/div><\/div><\/div><\/div><\/div><\/section><section id=\"bt_section69f8d1c208aa0\"  class=\"boldSection topSpaced bottomSemiSpaced gutter inherit\" ><div class=\"port\"><div class=\"boldCell\"><div class=\"boldCellInner\"><div class=\"boldRow\" ><div class=\"boldRowInner\"><div class=\"rowItem col-md-8 col-ms-12 btTextLeft animate animate-fadein inherit\"  ><div class=\"rowItemContent\" ><header class=\"header btClear extralarge btDash bottomDash  btAccentDash\" ><div class=\"btSuperTitle\">B\u00e1c s\u0129 Nguy\u1ec5n Thanh B\u00ecnh<\/div><div class=\"dash\"><h1><span class=\"headline\"><b class=\"animate\">Th\u00e0nh t\u00edch <\/b> <em>v\u00e0 Gi\u1ea3i th\u01b0\u1edfng<\/em><\/span><\/h1><\/div><div class=\"btSubTitle\">\u0110ang c\u1eadp nh\u1eadt &#8230;<\/div><\/header><div class=\"btClear btSeparator bottomSemiSpaced noBorder\" ><hr><\/div><\/div><\/div><div class=\"rowItem col-md-4 col-ms-12 btTextLeft\"  ><div class=\"rowItemContent\" ><\/div><\/div><\/div><\/div><div class=\"boldRow\" ><div class=\"boldRowInner\"><div class=\"rowItem btRightBorder col-md-3 col-sm-6 col-ms-12 btTextLeft animate animate-fadein animate-moveup inherit btDoublePadding\"  ><div class=\"rowItemContent\" ><div class=\"btClear btSeparator topSemiSpaced noBorder\" ><hr><\/div><div class=\"btCounterHolder\"><span class=\"btCounter animate\" data-digit-length=\"3\"><span class=\"onedigit p3 d9\" data-digit=\"9\"><span class=\"n0\">0<\/span><span class=\"n1\">1<\/span><span class=\"n2\">2<\/span><span class=\"n3\">3<\/span><span class=\"n4\">4<\/span><span class=\"n5\">5<\/span><span class=\"n6\">6<\/span><span class=\"n7\">7<\/span><span class=\"n8\">8<\/span><span class=\"n9\">9<\/span><span class=\"n0\">0<\/span><\/span><span class=\"onedigit p2 d5\" data-digit=\"5\"><span class=\"n0\">0<\/span><span class=\"n1\">1<\/span><span class=\"n2\">2<\/span><span class=\"n3\">3<\/span><span class=\"n4\">4<\/span><span class=\"n5\">5<\/span><span class=\"n6\">6<\/span><span class=\"n7\">7<\/span><span class=\"n8\">8<\/span><span class=\"n9\">9<\/span><span class=\"n0\">0<\/span><\/span><span class=\"onedigit p1 d%\" data-digit=\"%\"><span>%<\/span><\/span><\/span><\/div><div class=\"btClear btSeparator topSmallSpaced noBorder\" ><hr><\/div><header class=\"header btClear small btDash bottomDash  btAccentDash\" ><div class=\"dash\"><h4><span class=\"headline\"><s>CH\u1eeeA B\u1ec6NH<\/s><\/span><\/h4><\/div><div class=\"btSubTitle\">\u0110ang c\u1eadp nh\u1eadt &#8230;<\/div><\/header><div class=\"btClear btSeparator topSemiSpaced noBorder bt_bb_hidden_xs bt_bb_hidden_ms bt_bb_hidden_sm\" ><hr><\/div><\/div><\/div><div class=\"rowItem btRightBorder col-md-3 col-sm-6 col-ms-12 btTextLeft animate animate-fadein animate-moveup inherit btDoublePadding\"  ><div class=\"rowItemContent\" ><div class=\"btClear btSeparator topSemiSpaced noBorder\" ><hr><\/div><div class=\"btCounterHolder\"><span class=\"btCounter animate\" data-digit-length=\"4\"><span class=\"onedigit p4 d5\" data-digit=\"5\"><span class=\"n0\">0<\/span><span class=\"n1\">1<\/span><span class=\"n2\">2<\/span><span class=\"n3\">3<\/span><span class=\"n4\">4<\/span><span class=\"n5\">5<\/span><span class=\"n6\">6<\/span><span class=\"n7\">7<\/span><span class=\"n8\">8<\/span><span class=\"n9\">9<\/span><span class=\"n0\">0<\/span><\/span><span class=\"onedigit p3 d0\" data-digit=\"0\"><span class=\"n0\">0<\/span><span class=\"n1\">1<\/span><span class=\"n2\">2<\/span><span class=\"n3\">3<\/span><span class=\"n4\">4<\/span><span class=\"n5\">5<\/span><span class=\"n6\">6<\/span><span class=\"n7\">7<\/span><span class=\"n8\">8<\/span><span class=\"n9\">9<\/span><span class=\"n0\">0<\/span><\/span><span class=\"onedigit p2 d0\" data-digit=\"0\"><span class=\"n0\">0<\/span><span class=\"n1\">1<\/span><span class=\"n2\">2<\/span><span class=\"n3\">3<\/span><span class=\"n4\">4<\/span><span class=\"n5\">5<\/span><span class=\"n6\">6<\/span><span class=\"n7\">7<\/span><span class=\"n8\">8<\/span><span class=\"n9\">9<\/span><span class=\"n0\">0<\/span><\/span><span class=\"onedigit p1 d+\" data-digit=\"+\"><span>+<\/span><\/span><\/span><\/div><div class=\"btClear btSeparator topSmallSpaced noBorder\" ><hr><\/div><header class=\"header btClear small btDash bottomDash  btAccentDash\" ><div class=\"dash\"><h4><span class=\"headline\"><s>B\u1ec6NH NH\u00c2N<\/s><\/span><\/h4><\/div><div class=\"btSubTitle\">\u0110ang c\u1eadp nh\u1eadt &#8230;<\/div><\/header><div class=\"btClear btSeparator topSemiSpaced noBorder bt_bb_hidden_xs bt_bb_hidden_ms bt_bb_hidden_sm\" ><hr><\/div><\/div><\/div><div class=\"rowItem btRightBorder col-md-3 col-sm-6 col-ms-12 btTextLeft animate animate-fadein animate-moveup inherit btDoublePadding\"  ><div class=\"rowItemContent\" ><div class=\"btClear btSeparator topSemiSpaced noBorder\" ><hr><\/div><div class=\"btCounterHolder\"><span class=\"btCounter animate\" data-digit-length=\"3\"><span class=\"onedigit p3 d1\" data-digit=\"1\"><span class=\"n0\">0<\/span><span class=\"n1\">1<\/span><span class=\"n2\">2<\/span><span class=\"n3\">3<\/span><span class=\"n4\">4<\/span><span class=\"n5\">5<\/span><span class=\"n6\">6<\/span><span class=\"n7\">7<\/span><span class=\"n8\">8<\/span><span class=\"n9\">9<\/span><span class=\"n0\">0<\/span><\/span><span class=\"onedigit p2 d5\" data-digit=\"5\"><span class=\"n0\">0<\/span><span class=\"n1\">1<\/span><span class=\"n2\">2<\/span><span class=\"n3\">3<\/span><span class=\"n4\">4<\/span><span class=\"n5\">5<\/span><span class=\"n6\">6<\/span><span class=\"n7\">7<\/span><span class=\"n8\">8<\/span><span class=\"n9\">9<\/span><span class=\"n0\">0<\/span><\/span><span class=\"onedigit p1 d+\" data-digit=\"+\"><span>+<\/span><\/span><\/span><\/div><div class=\"btClear btSeparator topSmallSpaced noBorder\" ><hr><\/div><header class=\"header btClear small btDash bottomDash  btAccentDash\" ><div class=\"dash\"><h4><span class=\"headline\"><s>CH\u1ee8NG NH\u1eacN&amp; GI\u1ea2I TH\u01af\u1edeNG<\/s><\/span><\/h4><\/div><div class=\"btSubTitle\">\u0110ang c\u1eadp nh\u1eadt &#8230;<\/div><\/header><div class=\"btClear btSeparator topSemiSpaced noBorder bt_bb_hidden_xs bt_bb_hidden_ms bt_bb_hidden_sm\" ><hr><\/div><\/div><\/div><div class=\"rowItem col-md-3 col-sm-6 col-ms-12 btTextLeft animate animate-fadein animate-moveup inherit btDoublePadding\"  ><div class=\"rowItemContent\" ><div class=\"btClear btSeparator topSemiSpaced noBorder\" ><hr><\/div><div class=\"btCounterHolder\"><span class=\"btCounter animate\" data-digit-length=\"3\"><span class=\"onedigit p3 d2\" data-digit=\"2\"><span class=\"n0\">0<\/span><span class=\"n1\">1<\/span><span class=\"n2\">2<\/span><span class=\"n3\">3<\/span><span class=\"n4\">4<\/span><span class=\"n5\">5<\/span><span class=\"n6\">6<\/span><span class=\"n7\">7<\/span><span class=\"n8\">8<\/span><span class=\"n9\">9<\/span><span class=\"n0\">0<\/span><\/span><span class=\"onedigit p2 d0\" data-digit=\"0\"><span class=\"n0\">0<\/span><span class=\"n1\">1<\/span><span class=\"n2\">2<\/span><span class=\"n3\">3<\/span><span class=\"n4\">4<\/span><span class=\"n5\">5<\/span><span class=\"n6\">6<\/span><span class=\"n7\">7<\/span><span class=\"n8\">8<\/span><span class=\"n9\">9<\/span><span class=\"n0\">0<\/span><\/span><span class=\"onedigit p1 d+\" data-digit=\"+\"><span>+<\/span><\/span><\/span><\/div><div class=\"btClear btSeparator topSmallSpaced noBorder\" ><hr><\/div><header class=\"header btClear small btDash bottomDash  btAccentDash\" ><div class=\"dash\"><h4><span class=\"headline\"><s>N\u0102M KINH NGHI\u1ec6M<\/s><\/span><\/h4><\/div><div class=\"btSubTitle\">\u0110ang c\u1eadp nh\u1eadt &#8230;<\/div><\/header><div class=\"btClear btSeparator topSemiSpaced noBorder bt_bb_hidden_xs bt_bb_hidden_ms bt_bb_hidden_sm\" ><hr><\/div><\/div><\/div><\/div><\/div><\/div><\/div><\/div><\/section><\/p>","protected":false},"excerpt":{"rendered":"","protected":false},"author":1,"featured_media":0,"parent":8,"menu_order":0,"comment_status":"closed","ping_status":"closed","template":"","meta":{"_acf_changed":false,"_monsterinsights_skip_tracking":false,"_monsterinsights_sitenote_active":false,"_monsterinsights_sitenote_note":"","_monsterinsights_sitenote_category":0,"_uf_show_specific_survey":0,"_uf_disable_surveys":false,"footnotes":""},"class_list":["post-1915","page","type-page","status-publish","hentry"],"acf":[],"aioseo_notices":[],"_links":{"self":[{"href":"https:\/\/benhvienthaihoa.vn\/en\/wp-json\/wp\/v2\/pages\/1915","targetHints":{"allow":["GET"]}}],"collection":[{"href":"https:\/\/benhvienthaihoa.vn\/en\/wp-json\/wp\/v2\/pages"}],"about":[{"href":"https:\/\/benhvienthaihoa.vn\/en\/wp-json\/wp\/v2\/types\/page"}],"author":[{"embeddable":true,"href":"https:\/\/benhvienthaihoa.vn\/en\/wp-json\/wp\/v2\/users\/1"}],"replies":[{"embeddable":true,"href":"https:\/\/benhvienthaihoa.vn\/en\/wp-json\/wp\/v2\/comments?post=1915"}],"version-history":[{"count":25,"href":"https:\/\/benhvienthaihoa.vn\/en\/wp-json\/wp\/v2\/pages\/1915\/revisions"}],"predecessor-version":[{"id":3191,"href":"https:\/\/benhvienthaihoa.vn\/en\/wp-json\/wp\/v2\/pages\/1915\/revisions\/3191"}],"up":[{"embeddable":true,"href":"https:\/\/benhvienthaihoa.vn\/en\/wp-json\/wp\/v2\/pages\/8"}],"wp:attachment":[{"href":"https:\/\/benhvienthaihoa.vn\/en\/wp-json\/wp\/v2\/media?parent=1915"}],"curies":[{"name":"wp","href":"https:\/\/api.w.org\/{rel}","templated":true}]}}