{"id":1464,"date":"2018-03-13T14:47:56","date_gmt":"2018-03-13T14:47:56","guid":{"rendered":"http:\/\/medicare.bold-themes.com\/general-hospital\/?page_id=1464"},"modified":"2024-07-21T18:42:39","modified_gmt":"2024-07-21T11:42:39","slug":"footer","status":"publish","type":"page","link":"https:\/\/benhvienthaihoa.vn\/en\/footer\/","title":{"rendered":"Footer"},"content":{"rendered":"<section id=\"bt_section69fb02211348a\"  class=\"boldSection topSemiSpaced bottomSemiSpaced btDarkSkin gutter inherit\" style=\"background-color:rgb(34,89,168);\"><div class=\"port\"><div class=\"boldCell\"><div class=\"boldCellInner\"><div class=\"boldRow  bt_bb_hidden_xs bt_bb_hidden_ms bt_bb_hidden_sm\" ><div class=\"boldRowInner\"><div class=\"rowItem col-md-8 col-ms-12 btTextLeft\"  ><div class=\"rowItemContent\" ><div class=\"btIconImageRow\" ><div class=\"bpgPhoto btTextCenter btSimpleHoverType\"  style=\"width: 30%\"><div class=\"btImage\"><img decoding=\"async\" src=\"https:\/\/benhvienthaihoa.vn\/wp-content\/uploads\/2022\/11\/Logo-Thaihoa-white.png\" alt=\"Logo\" title=\"Logo\"><\/div><\/div><\/div><div class=\"btClear btSeparator bottomSemiSpaced noBorder bt_bb_hidden_md bt_bb_hidden_lg\" ><hr><\/div><\/div><\/div><div class=\"rowItem col-md-4 col-ms-12 btTextCenter btMiddleVertical btNoPadding\"  ><div class=\"rowItemContent\" ><div class=\"btText\" ><\/div><div class=\"btIconImageRow\" ><span class=\"btIco btIcoFilledType btIcoSmallSize btIcoDefaultColor\" ><a href=\"https:\/\/www.facebook.com\/pkdkthaihoa\"  target = \"_blank\" data-ico-fa=\"&#xf09a;\" class=\"btIcoHolder\"><em><\/em><\/a><\/span><span class=\"btIco btIcoFilledType btIcoSmallSize btIcoDefaultColor\" ><a href=\"https:\/\/www.tiktok.com\/@benhvienthaihoa\"  target = \"_blank\" data-ico-fb=\"&#xe07b;\" class=\"btIcoHolder\"><em><\/em><\/a><\/span><span class=\"btIco btIcoFilledType btIcoSmallSize btIcoDefaultColor\" ><a href=\"https:\/\/www.linkedin.com\/feed\/?trk=onboarding-landing\"  target = \"_blank\" data-ico-fa=\"&#xf0e1;\" class=\"btIcoHolder\"><em><\/em><\/a><\/span><\/div><\/div><\/div><\/div><\/div><div class=\"boldRow  bt_bb_hidden_md bt_bb_hidden_lg\" ><div class=\"boldRowInner\"><div class=\"rowItem col-md-12 col-ms-12  btTextCenter inherit\"  ><div class=\"rowItemContent\" ><div class=\"btIconImageRow\" ><div class=\"bpgPhoto btTextCenter\" ><div class=\"btImage\"><img decoding=\"async\" src=\"https:\/\/benhvienthaihoa.vn\/wp-content\/uploads\/2022\/11\/Logo-Thaihoa-white-320x80.png\" alt=\"Logo\" title=\"Logo\"><\/div><\/div><\/div><div class=\"btClear btSeparator bottomSemiSpaced noBorder bt_bb_hidden_md bt_bb_hidden_lg\" ><hr><\/div><div class=\"btText\" ><\/p>\n<p>Visit us on social networks:<\/p>\n<p>\n<\/div><div class=\"btIconImageRow\" ><span class=\"btIco btIcoFilledType btIcoSmallSize btIcoDefaultColor\" ><a href=\"https:\/\/www.facebook.com\/pkdkthaihoa\"  target = \"_blank\" data-ico-fa=\"&#xf09a;\" class=\"btIcoHolder\"><em><\/em><\/a><\/span><span class=\"btIco btIcoFilledType btIcoSmallSize btIcoDefaultColor\" ><a href=\"https:\/\/www.tiktok.com\/@benhvienthaihoa\"  target = \"_blank\" data-ico-fb=\"&#xe07b;\" class=\"btIcoHolder\"><em><\/em><\/a><\/span><span class=\"btIco btIcoFilledType btIcoSmallSize btIcoDefaultColor\" ><a href=\"https:\/\/www.linkedin.com\/feed\/?trk=onboarding-landing\"  target = \"no_target\" data-ico-fa=\"&#xf0e1;\" class=\"btIcoHolder\"><em><\/em><\/a><\/span><\/div><\/div><\/div><\/div><\/div><div class=\"boldRow\" ><div class=\"boldRowInner\"><div class=\"rowItem col-md-12 col-ms-12  btTextLeft\"  ><div class=\"rowItemContent\" ><div class=\"btClear btSeparator topExtraSmallSpaced bottomExtraSmallSpaced border\" ><hr><\/div><\/div><\/div><\/div><\/div><div class=\"boldRow\" ><div class=\"boldRowInner\"><div class=\"rowItem col-md-8 col-ms-12 btTextLeft btMiddleVertical btNoPadding\"  ><div class=\"rowItemContent\" ><div class=\"menu-footer-custom\">\n\t\t<div class=\"item\">\n\t\t\t<a href=\"https:\/\/benhvienthaihoa.vn\/en\/benh-vien-thai-hoa\/\">Gi\u1edbi thi\u1ec7u<\/a>\n\t\t\t<a href=\"https:\/\/benhvienthaihoa.vn\/en\/doi-ngu-bac-si\/\">\u0110\u1ed9i ng\u0169 b\u00e1c s\u0129<\/a>\n\t\t\t<a href=\"https:\/\/benhvienthaihoa.vn\/en\/dich-vu\/\">D\u1ecbch v\u1ee5<\/a>\n<a href=\"https:\/\/benhvienthaihoa.vn\/en\/benh-nhan-can-biet\/\">B\u1ec7nh nh\u00e2n c\u1ea7n bi\u1ebft<\/a>\n<a href=\"https:\/\/benhvienthaihoa.vn\/en\/thong-tin-y-khoa\/\">Th\u00f4ng tin Y khoa<\/a>\n<a href=\"https:\/\/benhvienthaihoa.vn\/en\/thu-vien\/\">Th\u01b0  vi\u1ec7n<\/a>\n<a href=\"https:\/\/benhvienthaihoa.vn\/en\/contact-us\/\">Li\u00ean h\u1ec7 <\/a>\n\t\t\t\t\n\t\t<\/div>\n\t<\/div><div class=\"btClear btSeparator topSmallSpaced noBorder bt_bb_hidden_md bt_bb_hidden_lg\" ><hr><\/div><\/div><\/div><div class=\"rowItem col-md-4 col-ms-12 btTextCenter inherit btNoPadding\"  ><div class=\"rowItemContent\" ><header class=\"header btClear large  btNormalDash\" ><div class=\"dash\"><h2><span class=\"headline\"><strong class=\"animate\">0259.3824509<\/strong><\/span><\/h2><\/div><\/header><div class=\"btClear btSeparator bottomExtraSmallSpaced noBorder\" ><hr><\/div><div class=\"btText\" ><\/p>\n<table style=\"width: 100%;\">\n<tbody>\n<tr>\n<td style=\"text-align: center;\" width=\"230\">G\u1ecdi cho ch\u00fang t\u00f4i ngay n\u1ebfu b\u1ea1n c\u1ea7n t\u01b0 v\u1ea5n s\u1ee9c kh\u1ecfe.<br \/>\nL\u01b0u \u00fd: Xin h\u00e3y \u0111\u1ebfn c\u01a1 quan y t\u1ebf g\u1ea7n nh\u1ea5t n\u1ebfu \u0111\u00f3 l\u00e0 t\u00ecnh hu\u1ed1ng nguy c\u1ea5p.<\/td>\n<\/tr>\n<\/tbody>\n<\/table>\n<p>\n<\/div><div class=\"btClear btSeparator topSmallSpaced noBorder bt_bb_hidden_md bt_bb_hidden_lg\" ><hr><\/div><\/div><\/div><\/div><\/div><\/div><\/div><\/div><\/section>","protected":false},"excerpt":{"rendered":"","protected":false},"author":1,"featured_media":0,"parent":0,"menu_order":0,"comment_status":"closed","ping_status":"closed","template":"","meta":{"_acf_changed":false,"_monsterinsights_skip_tracking":false,"_monsterinsights_sitenote_active":false,"_monsterinsights_sitenote_note":"","_monsterinsights_sitenote_category":0,"_uf_show_specific_survey":0,"_uf_disable_surveys":false,"footnotes":""},"class_list":["post-1464","page","type-page","status-publish","hentry"],"acf":[],"aioseo_notices":[],"_links":{"self":[{"href":"https:\/\/benhvienthaihoa.vn\/en\/wp-json\/wp\/v2\/pages\/1464","targetHints":{"allow":["GET"]}}],"collection":[{"href":"https:\/\/benhvienthaihoa.vn\/en\/wp-json\/wp\/v2\/pages"}],"about":[{"href":"https:\/\/benhvienthaihoa.vn\/en\/wp-json\/wp\/v2\/types\/page"}],"author":[{"embeddable":true,"href":"https:\/\/benhvienthaihoa.vn\/en\/wp-json\/wp\/v2\/users\/1"}],"replies":[{"embeddable":true,"href":"https:\/\/benhvienthaihoa.vn\/en\/wp-json\/wp\/v2\/comments?post=1464"}],"version-history":[{"count":78,"href":"https:\/\/benhvienthaihoa.vn\/en\/wp-json\/wp\/v2\/pages\/1464\/revisions"}],"predecessor-version":[{"id":3825,"href":"https:\/\/benhvienthaihoa.vn\/en\/wp-json\/wp\/v2\/pages\/1464\/revisions\/3825"}],"wp:attachment":[{"href":"https:\/\/benhvienthaihoa.vn\/en\/wp-json\/wp\/v2\/media?parent=1464"}],"curies":[{"name":"wp","href":"https:\/\/api.w.org\/{rel}","templated":true}]}}