{"id":10,"date":"2015-12-02T09:18:03","date_gmt":"2015-12-02T09:18:03","guid":{"rendered":"http:\/\/medical.bold-themes.com\/clinic\/?page_id=10"},"modified":"2025-06-23T03:21:07","modified_gmt":"2025-06-22T20:21:07","slug":"thac-si-nguyen-ngoc-dung","status":"publish","type":"page","link":"https:\/\/benhvienthaihoa.vn\/en\/doi-ngu-bac-si\/thac-si-nguyen-ngoc-dung\/","title":{"rendered":"Th\u1ea1c s\u0129 Nguy\u1ec5n Ng\u1ecdc D\u0169ng"},"content":{"rendered":"<p><section id=\"bt_section69f8d1a14d735\"  class=\"boldSection btDivider topSemiSpaced btDarkSkin gutter inherit\" style=\"background-color:#0176d5;\"><div class=\"port\"><div class=\"boldCell\"><div class=\"boldCellInner\"><div class=\"boldRow\" ><div class=\"boldRowInner\"><div class=\"rowItem col-md-8 col-ms-12 btTextLeft animate animate-fadein animate-moveleft inherit\"  ><div class=\"rowItemContent\" ><div class=\"btClear btSeparator topExtraSmallSpaced bottomExtraSmallSpaced noBorder\" ><hr><\/div><header class=\"header btClear extralarge  btNormalDash\" ><div class=\"btSuperTitle\">TR\u01af\u1edeNG KHOA X\u00c9T NGHI\u1ec6M<\/div><div class=\"dash\"><h1><span class=\"headline\">Th\u1ea1c s\u0129<br \/><br><\/span><\/h1><\/div><\/header><header class=\"header btClear extralarge btDash bottomDash  btAlternateDash\" ><div class=\"dash\"><h1><span class=\"headline\">NGUY\u1ec4N NG\u1eccC D\u0168NG<\/span><\/h1><\/div><\/header><\/div><\/div><div class=\"rowItem col-md-4 col-ms-12 btTextLeft btBottomVertical\"  ><div class=\"rowItemContent\" ><div class=\"bpgPhoto btTextCenter\" ><div class=\"btImage\"><img decoding=\"async\" src=\"https:\/\/benhvienthaihoa.vn\/wp-content\/uploads\/2022\/12\/z3989692712418_375c3554a5e07bd40476eadc2d189476-removebg-preview.png\" alt=\"\" title=\"\"><\/div><\/div><\/div><\/div><\/div><\/div><\/div><\/div><\/div><\/section><section id=\"bt_section69f8d1a14e0c4\"  class=\"boldSection topSpaced bottomSpaced gutter inherit team-detail-custom\" style=\"background-color:#f1f1f1;\"><div class=\"port\"><div class=\"boldCell\"><div class=\"boldCellInner\"><div class=\"boldRow\" ><div class=\"boldRowInner\"><div class=\"rowItem col-md-8 col-ms-12 btTextLeft animate animate-fadein inherit btDoublePadding\"  ><div class=\"rowItemContent\" ><div class=\"btClear btSeparator bottomSemiSpaced border\" ><hr><\/div><header class=\"header btClear large  btNormalDash\" ><div class=\"btSubTitle\">Th\u1ea1c s\u0129. Nguy\u1ec5n Ng\u1ecdc D\u0169ng kinh nghi\u1ec7m 36 n\u0103m v\u1ec1 c\u00f4ng t\u00e1c x\u00e9t nghi\u1ec7m. Tr\u01b0\u1edfng khoa x\u00e9t nghi\u1ec7m B\u1ec7nh Vi\u1ec7n \u0110a Khoa Tr\u1ea3ng Bom giai \u0111o\u1ea1n 2004 &#8211; 2021. Tr\u01b0\u1edfng khoa x\u00e9t nghi\u1ec7m B\u1ec7nh vi\u1ec7n Th\u00e1i H\u00f2a t\u1eeb th\u00e1ng 7 n\u0103m 2022. Ths Nguy\u1ec5n Ng\u1ecdc D\u0169ng \u0111\u01b0\u1ee3c bi\u1ebft \u0111\u1ebfn l\u00e0 ng\u01b0\u1eddi th\u1ea7y thu\u1ed1c g\u01b0\u01a1ng m\u1eabu, chuy\u00ean nghi\u1ec7p; \u0111\u1ea3m b\u1ea3o d\u1ecbch v\u1ee5 x\u00e9t nghi\u1ec7m sinh h\u00f3a, mi\u1ec5n d\u1ecbch, huy\u1ebft h\u1ecdc \u0111\u1ea1t ch\u1ea5t l\u01b0\u1ee3ng t\u1ed1i \u01b0u, k\u1ebft qu\u1ea3 nhanh, ch\u00ednh x\u00e1c g\u1ea7n nh\u01b0 tuy\u1ec7t \u0111\u1ed1i nh\u1edd tu\u00e2n th\u1ee7 tuy\u1ec7t \u0111\u1ed1i quy tr\u00ecnh n\u1ed9i ki\u1ec3m, ngo\u1ea1i ki\u1ec3m.<\/div><\/header><div class=\"btClear btSeparator topSmallSpaced bottomSemiSpaced border\" ><hr><\/div><div class=\"boldRow boldInnerRow\" ><\/div><div class=\"btClear btSeparator bottomSemiSpaced noBorder bt_bb_hidden_md bt_bb_hidden_lg\" ><hr><\/div><\/div><\/div><div class=\"rowItem col-md-4 col-ms-12 btTextCenter animate animate-fadein btTextIndent btTopVertical btDoublePadding btDarkSkin\" style=\"background-color: rgba(34, 89, 168, 1);\" ><div class=\"rowItemContent\" ><div class=\"btClear btSeparator topSemiSpaced noBorder\" ><hr><\/div><header class=\"header btClear medium  btNormalDash\" ><div class=\"dash\"><h3><span class=\"headline\">Th\u1eddi gian l\u00e0m vi\u1ec7c<\/span><\/h3><\/div><\/header><div class=\"btText\" ><\/div><div class=\"btClear btSeparator topSmallSpaced noBorder\" ><hr><\/div><div class=\"btWorkingHours\" ><div class=\"btWorkingHoursInner\"><div class=\"btWorkingHoursInnerRow\"><div class=\"btWorkingHoursInnerTitle\">Th\u1ee9 2 6:30 AM \u2013 7:00 PM.<br \/><\/div><\/div><div class=\"btWorkingHoursInnerRow\"><div class=\"btWorkingHoursInnerTitle\">Th\u1ee9 3 6:30 AM &#8211; 7:00 PM<br \/><\/div><\/div><div class=\"btWorkingHoursInnerRow\"><div class=\"btWorkingHoursInnerTitle\">Th\u1ee9 4 6:30 AM &#8211; 7:00 PM<br \/><\/div><\/div><div class=\"btWorkingHoursInnerRow\"><div class=\"btWorkingHoursInnerTitle\">Th\u1ee9 5 6:30 AM &#8211; 7:00 PM<br \/><\/div><\/div><div class=\"btWorkingHoursInnerRow\"><div class=\"btWorkingHoursInnerTitle\">Th\u1ee9 6 6:30 AM &#8211; 7:00 PM<br \/><\/div><\/div><div class=\"btWorkingHoursInnerRow\"><div class=\"btWorkingHoursInnerTitle\">Th\u1ee9 7 6:30 AM &#8211; 7:00 PM<br \/><\/div><\/div><div class=\"btWorkingHoursInnerRow\"><div class=\"btWorkingHoursInnerTitle\">Ch\u1ee7 nh\u1eadt 6:30 AM &#8211; 7:00PM<\/div><\/div><\/div><\/div><div class=\"btClear btSeparator topSmallSpaced noBorder\" ><hr><\/div><div class=\"btClear btSeparator topSmallSpaced noBorder\" ><hr><\/div><\/div><\/div><\/div><\/div><\/div><\/div><\/div><\/section><section id=\"bt_section69f8d1a14e82e\"  class=\"boldSection topSpaced bottomSpaced gutter inherit\" ><div class=\"port\"><div class=\"boldCell\"><div class=\"boldCellInner\"><div class=\"boldRow\" ><div class=\"boldRowInner\"><div class=\"rowItem col-md-8 col-ms-12 btTextLeft animate animate-fadein animate-moveleft inherit\"  ><div class=\"rowItemContent\" ><header class=\"header btClear extralarge btDash bottomDash  btAccentDash\" ><div class=\"dash\"><h1><span class=\"headline\"><em>M\u1ecdi ng\u01b0\u1eddi n\u00f3i g\u00ec v\u1ec1 <\/em> <b class=\"animate\">Th\u1ea1c s\u0129 D\u0169ng<\/b><\/span><\/h1><\/div><\/header><div class=\"btClear btSeparator bottomSemiSpaced noBorder\" ><hr><\/div><\/div><\/div><div class=\"rowItem col-md-4 col-ms-12 btTextLeft\"  ><div class=\"rowItemContent\" ><\/div><\/div><\/div><\/div><div class=\"boldRow\" ><div class=\"boldRowInner\"><div class=\"rowItem col-md-4 col-ms-12 btTextLeft animate animate-fadein inherit\"  ><div class=\"rowItemContent\" ><div class=\"btText\" ><\/p>\n<blockquote>\n<p>\u0110ang c\u1eadp nh\u1eadt &#8230;<\/p>\n<\/blockquote>\n<p>\n<\/div><div class=\"btClear btSeparator bottomSmallSpaced noBorder\" ><hr><\/div><div class=\"btIconImageRow\" ><div class=\"bpgPhoto btTextCenter\" ><div class=\"btImage\"><img decoding=\"async\" src=\"\" alt=\"\" title=\"\"><\/div><\/div><\/div><header class=\"header btClear small  btNormalDash\" ><div class=\"dash\"><h4><span class=\"headline\">\u0110ang c\u1eadp nh\u1eadt &#8230;<\/span><\/h4><\/div><\/header><\/div><\/div><div class=\"rowItem col-md-4 col-ms-12 btTextLeft animate animate-fadein inherit\"  ><div class=\"rowItemContent\" ><div class=\"btText\" ><\/p>\n<blockquote>\n<p>\u0110ang c\u1eadp nh\u1eadt &#8230;<\/p>\n<\/blockquote>\n<p>\n<\/div><div class=\"btClear btSeparator bottomSmallSpaced noBorder\" ><hr><\/div><div class=\"btIconImageRow\" ><div class=\"bpgPhoto btTextCenter\" ><div class=\"btImage\"><img decoding=\"async\" src=\"\" alt=\"\" title=\"\"><\/div><\/div><\/div><header class=\"header btClear small  btNormalDash\" ><div class=\"dash\"><h4><span class=\"headline\">\u0110ang c\u1eadp nh\u1eadt &#8230;<\/span><\/h4><\/div><\/header><\/div><\/div><div class=\"rowItem col-md-4 col-ms-12 btTextLeft animate animate-fadein inherit\"  ><div class=\"rowItemContent\" ><div class=\"btText\" ><\/p>\n<blockquote>\n<p>\u0110ang c\u1eadp nh\u1eadt &#8230;<\/p>\n<\/blockquote>\n<p>\n<\/div><div class=\"btClear btSeparator bottomSmallSpaced noBorder\" ><hr><\/div><div class=\"btIconImageRow\" ><div class=\"bpgPhoto btTextCenter\" ><div class=\"btImage\"><img decoding=\"async\" src=\"\" alt=\"\" title=\"\"><\/div><\/div><\/div><header class=\"header btClear small  btNormalDash\" ><div class=\"dash\"><h4><span class=\"headline\">\u0110ang c\u1eadp nh\u1eadt &#8230;<\/span><\/h4><\/div><\/header><\/div><\/div><\/div><\/div><\/div><\/div><\/div><\/section><section id=\"bt_section69f8d1a14fcca\"  class=\"boldSection btDivider topSpaced bottomSpaced btDarkSkin gutter inherit\" style=\"background-color:#2259a8;\"><div class=\"port\"><div class=\"boldCell\"><div class=\"boldCellInner\"><div class=\"boldRow\" ><div class=\"boldRowInner\"><div class=\"rowItem col-md-4 col-ms-12 btTextLeft btTopVertical\"  ><div class=\"rowItemContent\" ><header class=\"header btClear large btDash topDash  btAlternateDash\" ><div class=\"btSuperTitle\">Th\u00f4ng tin<\/div><div class=\"dash\"><h2><span class=\"headline\">Th\u1ea1c s\u0129 Nguy\u1ec5n Ng\u1ecdc D\u0169ng<\/span><\/h2><\/div><\/header><\/div><\/div><div class=\"rowItem col-md-8 col-ms-12 btTextLeft animate animate-fadein animate-moveright btTopVertical btDoublePadding\"  ><div class=\"rowItemContent\" ><div class=\"btTabs tabsHorizontal\" \"><ul class=\"tabsHeader\"><li><span>H\u1ecdc v\u1ea5n<\/span><\/li><li><span>Kinh nghi\u1ec7m<\/span><\/li><\/ul><div class=\"tabPanes tabPanesTabs\"><div class=\"tabPane\">\r\n\t\t\t<div class=\"tabAccordionContent\"><\/p>\n<p>T\u1eeb n\u0103m 1983-1968 h\u1ecdc KTV &#8211; XN t\u1ea1i tr\u01b0\u1eddng TRUNG C\u1ea4P K\u1ef6 THU\u1eacT Y T\u1ebe TP HCM<\/p>\n<p>T\u1eeb n\u0103m 1998-2002 h\u1ecdc C\u1eed nh\u00e2n ng\u00e0nh XN t\u1ea1i tr\u01b0\u1eddng \u0110\u1ea0I H\u1eccC \u0110\u00c0 L\u1ea0T<\/p>\n<p>T\u1eeb n\u0103m 2017-2019 h\u1ecdc Th\u1ea1c s\u0129 chuy\u00ean ng\u00e0nh XN t\u1ea1i \u0110\u1ea0I H\u1eccC T\u00c2Y NGUY\u00caN<\/p>\n<p>\n<\/div>\r\n\t\t<\/div><div class=\"tabPane\">\r\n\t\t\t<div class=\"tabAccordionContent\"><\/p>\n<p>T\u1eeb n\u0103m 1986-1996 ch\u1ee9c v\u1ee5\u00a0 KTV &#8211; XN t\u1ea1i \u0110A KHOA TR\u1ea2NG BOM<\/p>\n<p>T\u1eeb n\u0103m 1997-2003 ch\u1ee9c v\u1ee5 KTV tr\u01b0\u1edfng khoa X\u00e9t Ngi\u1ec7m t\u1ea1i\u00a0\u0110A KHOA TR\u1ea2NG BOM<\/p>\n<p>T\u1eeb n\u0103m 2004-2022 ch\u1ee9c v\u1ee5 Tr\u01b0\u1edfng khoa Xet nghi\u1ec7m t\u1ea1i\u00a0\u0110A KHOA TR\u1ea2NG BOM<\/p>\n<p>\n<\/div>\r\n\t\t<\/div><\/div><\/div><\/div><\/div><\/div><\/div><div class=\"boldRow\" ><div class=\"boldRowInner\"><\/div><\/div><\/div><\/div><\/div><\/section><section id=\"bt_section69f8d1a1503c8\"  class=\"boldSection topSpaced bottomSemiSpaced gutter inherit\" ><div class=\"port\"><div class=\"boldCell\"><div class=\"boldCellInner\"><div class=\"boldRow\" ><div class=\"boldRowInner\"><div class=\"rowItem col-md-8 col-ms-12 btTextLeft animate animate-fadein inherit\"  ><div class=\"rowItemContent\" ><header class=\"header btClear extralarge btDash bottomDash  btAccentDash\" ><div class=\"btSuperTitle\">Th\u1ea1c s\u0129 Nguy\u1ec5n Ng\u1ecdc D\u0169ng<\/div><div class=\"dash\"><h1><span class=\"headline\"><b class=\"animate\">Th\u00e0nh t\u00edch <\/b> <em>v\u00e0 Gi\u1ea3i th\u01b0\u1edfng<\/em><\/span><\/h1><\/div><div class=\"btSubTitle\">\u0110ang c\u1eadp nh\u1eadt &#8230;<\/div><\/header><div class=\"btClear btSeparator bottomSemiSpaced noBorder\" ><hr><\/div><\/div><\/div><div class=\"rowItem col-md-4 col-ms-12 btTextLeft\"  ><div class=\"rowItemContent\" ><\/div><\/div><\/div><\/div><div class=\"boldRow\" ><div class=\"boldRowInner\"><div class=\"rowItem btRightBorder col-md-3 col-sm-6 col-ms-12 btTextLeft animate animate-fadein animate-moveup inherit btDoublePadding\"  ><div class=\"rowItemContent\" ><div class=\"btClear btSeparator topSemiSpaced noBorder\" ><hr><\/div><div class=\"btCounterHolder\"><span class=\"btCounter animate\" data-digit-length=\"3\"><span class=\"onedigit p3 d9\" data-digit=\"9\"><span class=\"n0\">0<\/span><span class=\"n1\">1<\/span><span class=\"n2\">2<\/span><span class=\"n3\">3<\/span><span class=\"n4\">4<\/span><span class=\"n5\">5<\/span><span class=\"n6\">6<\/span><span class=\"n7\">7<\/span><span class=\"n8\">8<\/span><span class=\"n9\">9<\/span><span class=\"n0\">0<\/span><\/span><span class=\"onedigit p2 d5\" data-digit=\"5\"><span class=\"n0\">0<\/span><span class=\"n1\">1<\/span><span class=\"n2\">2<\/span><span class=\"n3\">3<\/span><span class=\"n4\">4<\/span><span class=\"n5\">5<\/span><span class=\"n6\">6<\/span><span class=\"n7\">7<\/span><span class=\"n8\">8<\/span><span class=\"n9\">9<\/span><span class=\"n0\">0<\/span><\/span><span class=\"onedigit p1 d%\" data-digit=\"%\"><span>%<\/span><\/span><\/span><\/div><div class=\"btClear btSeparator topSmallSpaced noBorder\" ><hr><\/div><header class=\"header btClear small btDash bottomDash  btAccentDash\" ><div class=\"dash\"><h4><span class=\"headline\"><s>X\u00c9T NGHI\u1ec6M<\/s><\/span><\/h4><\/div><div class=\"btSubTitle\">\u0110ang c\u1eadp nh\u1eadt &#8230;<\/div><\/header><div class=\"btClear btSeparator topSemiSpaced noBorder bt_bb_hidden_xs bt_bb_hidden_ms bt_bb_hidden_sm\" ><hr><\/div><\/div><\/div><div class=\"rowItem btRightBorder col-md-3 col-sm-6 col-ms-12 btTextLeft animate animate-fadein animate-moveup inherit btDoublePadding\"  ><div class=\"rowItemContent\" ><div class=\"btClear btSeparator topSemiSpaced noBorder\" ><hr><\/div><div class=\"btCounterHolder\"><span class=\"btCounter animate\" data-digit-length=\"4\"><span class=\"onedigit p4 d5\" data-digit=\"5\"><span class=\"n0\">0<\/span><span class=\"n1\">1<\/span><span class=\"n2\">2<\/span><span class=\"n3\">3<\/span><span class=\"n4\">4<\/span><span class=\"n5\">5<\/span><span class=\"n6\">6<\/span><span class=\"n7\">7<\/span><span class=\"n8\">8<\/span><span class=\"n9\">9<\/span><span class=\"n0\">0<\/span><\/span><span class=\"onedigit p3 d0\" data-digit=\"0\"><span class=\"n0\">0<\/span><span class=\"n1\">1<\/span><span class=\"n2\">2<\/span><span class=\"n3\">3<\/span><span class=\"n4\">4<\/span><span class=\"n5\">5<\/span><span class=\"n6\">6<\/span><span class=\"n7\">7<\/span><span class=\"n8\">8<\/span><span class=\"n9\">9<\/span><span class=\"n0\">0<\/span><\/span><span class=\"onedigit p2 d0\" data-digit=\"0\"><span class=\"n0\">0<\/span><span class=\"n1\">1<\/span><span class=\"n2\">2<\/span><span class=\"n3\">3<\/span><span class=\"n4\">4<\/span><span class=\"n5\">5<\/span><span class=\"n6\">6<\/span><span class=\"n7\">7<\/span><span class=\"n8\">8<\/span><span class=\"n9\">9<\/span><span class=\"n0\">0<\/span><\/span><span class=\"onedigit p1 d+\" data-digit=\"+\"><span>+<\/span><\/span><\/span><\/div><div class=\"btClear btSeparator topSmallSpaced noBorder\" ><hr><\/div><header class=\"header btClear small btDash bottomDash  btAccentDash\" ><div class=\"dash\"><h4><span class=\"headline\"><s>B\u1ec6NH NH\u00c2N<\/s><\/span><\/h4><\/div><div class=\"btSubTitle\">\u0110ang c\u1eadp nh\u1eadt &#8230;<\/div><\/header><div class=\"btClear btSeparator topSemiSpaced noBorder bt_bb_hidden_xs bt_bb_hidden_ms bt_bb_hidden_sm\" ><hr><\/div><\/div><\/div><div class=\"rowItem btRightBorder col-md-3 col-sm-6 col-ms-12 btTextLeft animate animate-fadein animate-moveup inherit btDoublePadding\"  ><div class=\"rowItemContent\" ><div class=\"btClear btSeparator topSemiSpaced noBorder\" ><hr><\/div><div class=\"btCounterHolder\"><span class=\"btCounter animate\" data-digit-length=\"3\"><span class=\"onedigit p3 d1\" data-digit=\"1\"><span class=\"n0\">0<\/span><span class=\"n1\">1<\/span><span class=\"n2\">2<\/span><span class=\"n3\">3<\/span><span class=\"n4\">4<\/span><span class=\"n5\">5<\/span><span class=\"n6\">6<\/span><span class=\"n7\">7<\/span><span class=\"n8\">8<\/span><span class=\"n9\">9<\/span><span class=\"n0\">0<\/span><\/span><span class=\"onedigit p2 d5\" data-digit=\"5\"><span class=\"n0\">0<\/span><span class=\"n1\">1<\/span><span class=\"n2\">2<\/span><span class=\"n3\">3<\/span><span class=\"n4\">4<\/span><span class=\"n5\">5<\/span><span class=\"n6\">6<\/span><span class=\"n7\">7<\/span><span class=\"n8\">8<\/span><span class=\"n9\">9<\/span><span class=\"n0\">0<\/span><\/span><span class=\"onedigit p1 d+\" data-digit=\"+\"><span>+<\/span><\/span><\/span><\/div><div class=\"btClear btSeparator topSmallSpaced noBorder\" ><hr><\/div><header class=\"header btClear small btDash bottomDash  btAccentDash\" ><div class=\"dash\"><h4><span class=\"headline\"><s>CH\u1ee8NG NH\u1eacN&amp; GI\u1ea2I TH\u01af\u1edeNG<\/s><\/span><\/h4><\/div><div class=\"btSubTitle\">\u0110ang c\u1eadp nh\u1eadt &#8230;<\/div><\/header><div class=\"btClear btSeparator topSemiSpaced noBorder bt_bb_hidden_xs bt_bb_hidden_ms bt_bb_hidden_sm\" ><hr><\/div><\/div><\/div><div class=\"rowItem col-md-3 col-sm-6 col-ms-12 btTextLeft animate animate-fadein animate-moveup inherit btDoublePadding\"  ><div class=\"rowItemContent\" ><div class=\"btClear btSeparator topSemiSpaced noBorder\" ><hr><\/div><div class=\"btCounterHolder\"><span class=\"btCounter animate\" data-digit-length=\"3\"><span class=\"onedigit p3 d2\" data-digit=\"2\"><span class=\"n0\">0<\/span><span class=\"n1\">1<\/span><span class=\"n2\">2<\/span><span class=\"n3\">3<\/span><span class=\"n4\">4<\/span><span class=\"n5\">5<\/span><span class=\"n6\">6<\/span><span class=\"n7\">7<\/span><span class=\"n8\">8<\/span><span class=\"n9\">9<\/span><span class=\"n0\">0<\/span><\/span><span class=\"onedigit p2 d0\" data-digit=\"0\"><span class=\"n0\">0<\/span><span class=\"n1\">1<\/span><span class=\"n2\">2<\/span><span class=\"n3\">3<\/span><span class=\"n4\">4<\/span><span class=\"n5\">5<\/span><span class=\"n6\">6<\/span><span class=\"n7\">7<\/span><span class=\"n8\">8<\/span><span class=\"n9\">9<\/span><span class=\"n0\">0<\/span><\/span><span class=\"onedigit p1 d+\" data-digit=\"+\"><span>+<\/span><\/span><\/span><\/div><div class=\"btClear btSeparator topSmallSpaced noBorder\" ><hr><\/div><header class=\"header btClear small btDash bottomDash  btAccentDash\" ><div class=\"dash\"><h4><span class=\"headline\"><s>N\u0102M KINH NGHI\u1ec6M<\/s><\/span><\/h4><\/div><div class=\"btSubTitle\">\u0110ang c\u1eadp nh\u1eadt &#8230;<\/div><\/header><div class=\"btClear btSeparator topSemiSpaced noBorder bt_bb_hidden_xs bt_bb_hidden_ms bt_bb_hidden_sm\" ><hr><\/div><\/div><\/div><\/div><\/div><\/div><\/div><\/div><\/section><\/p>","protected":false},"excerpt":{"rendered":"","protected":false},"author":1,"featured_media":0,"parent":8,"menu_order":0,"comment_status":"closed","ping_status":"closed","template":"","meta":{"_acf_changed":false,"_monsterinsights_skip_tracking":false,"_monsterinsights_sitenote_active":false,"_monsterinsights_sitenote_note":"","_monsterinsights_sitenote_category":0,"_uf_show_specific_survey":0,"_uf_disable_surveys":false,"footnotes":""},"class_list":["post-10","page","type-page","status-publish","hentry"],"acf":[],"aioseo_notices":[],"_links":{"self":[{"href":"https:\/\/benhvienthaihoa.vn\/en\/wp-json\/wp\/v2\/pages\/10","targetHints":{"allow":["GET"]}}],"collection":[{"href":"https:\/\/benhvienthaihoa.vn\/en\/wp-json\/wp\/v2\/pages"}],"about":[{"href":"https:\/\/benhvienthaihoa.vn\/en\/wp-json\/wp\/v2\/types\/page"}],"author":[{"embeddable":true,"href":"https:\/\/benhvienthaihoa.vn\/en\/wp-json\/wp\/v2\/users\/1"}],"replies":[{"embeddable":true,"href":"https:\/\/benhvienthaihoa.vn\/en\/wp-json\/wp\/v2\/comments?post=10"}],"version-history":[{"count":64,"href":"https:\/\/benhvienthaihoa.vn\/en\/wp-json\/wp\/v2\/pages\/10\/revisions"}],"predecessor-version":[{"id":4344,"href":"https:\/\/benhvienthaihoa.vn\/en\/wp-json\/wp\/v2\/pages\/10\/revisions\/4344"}],"up":[{"embeddable":true,"href":"https:\/\/benhvienthaihoa.vn\/en\/wp-json\/wp\/v2\/pages\/8"}],"wp:attachment":[{"href":"https:\/\/benhvienthaihoa.vn\/en\/wp-json\/wp\/v2\/media?parent=10"}],"curies":[{"name":"wp","href":"https:\/\/api.w.org\/{rel}","templated":true}]}}